{"id":34987,"date":"2015-12-30T00:00:00","date_gmt":"2015-12-30T00:00:00","guid":{"rendered":"https:\/\/pranarom.ca\/?post_type=product&#038;p=34987"},"modified":"2022-03-28T16:39:43","modified_gmt":"2022-03-28T16:39:43","slug":"beurre-de-karite","status":"publish","type":"product","link":"https:\/\/pranarom.ca\/fr\/produit\/beurre-de-karite\/","title":{"rendered":"Beurre de Karit\u00e9"},"content":{"rendered":"<hr \/>\n<p>Le beurre v\u00e9g\u00e9tal fondant favori des mamans africaines pour la beaut\u00e9 et la sant\u00e9 de leur famille. Ce beurre solide fond facilement dans les mains \u00e0 l\u2019application, ou peut-\u00eatre fondu au bain-marie pour pr\u00e9parer des baumes ou des masques. Il est protecteur, assouplissant, r\u00e9g\u00e9n\u00e9rant et nourrissant.<\/p>\n<p><strong>Baume protecteur, assouplissant et nourrissant,\u00a0<\/strong>le beurre de karit\u00e9, particuli\u00e8rement fondant et facile \u00e0 masser, est votre alli\u00e9 pour affronter le froid dans bien des situations. Il prot\u00e8ge et r\u00e9pare les peaux s\u00e8ches et fragiles, et apaise les rougeurs et inflammations parfois li\u00e9es aux frottements des v\u00eatements. Gr\u00e2ce \u00e0 sa texture \u00ab effet pansement \u00bb, il cicatrise les peaux abim\u00e9es en cas de crevasses, ou plaques s\u00e8ches, y compris chez le b\u00e9b\u00e9. Pour prot\u00e9ger la peau du froid, appliquez une petite noisette de karit\u00e9 sur les mains avant une sortie \u00e0 l\u2019ext\u00e9rieur. En premi\u00e8re ligne face au froid, vos l\u00e8vres. Massez vos l\u00e8vres avec une noisette de karit\u00e9 et elles vous en remercieront ! En masque sur les cheveux, le karit\u00e9 sera le compagnon id\u00e9al des cheveux secs et fris\u00e9s.<\/p>\n<p>En d\u00e9but de grossesse, les femmes enceintes l\u2019appr\u00e9cient sur le ventre ou les hanches. Pour b\u00e9b\u00e9, c\u2019est l\u2019id\u00e9al aussi en cas de peau s\u00e8che ou ab\u00eem\u00e9e. Et tout au long de la vie, le beurre de karit\u00e9 est votre meilleur alli\u00e9.<\/p>\n<hr \/>\n<h2>Composition (INCI) :<\/h2>\n<p>Butyrospermum parkii (shea butter)*, tocopherol.<\/p>\n<p>*Ingr\u00e9dient issu de l\u2019agriculture biologique (contr\u00f4le Certisys BE-BIO-01)<br \/>\nECOGARANTIE<sup>\u00ae<\/sup> produit certifi\u00e9 conform\u00e9ment au cahier des charges ECOGARANTIE (contr\u00f4le CERTISYS)<\/p>\n<hr \/>\n<h2>Trucs et astuces :<\/h2>\n<p><strong>Pour le visage et le corps<\/strong>, appliquer une noisette (ou plus pour le corps) de beurre de karit\u00e9 en massant de bas en haut.<\/p>\n<p><strong>Pour les cheveux<\/strong>, appliquer sur l&#8217;ensemble de la chevelure, couvrir d&#8217;une serviette chaude, laisser agir 20 minutes ou mieux, pendant toute une nuit; laver ensuite les cheveux avec un shampooing doux.<\/p>\n<hr \/>\n<h2>Conseils :<\/h2>\n<p>Tenir au frais<\/p>\n<hr \/>\n<h2>Pr\u00e9cautions :<\/h2>\n<p>Usage externe<\/p>\n","protected":false},"excerpt":{"rendered":"<p>100 ml | biologique<\/p>\n","protected":false},"featured_media":872,"comment_status":"closed","ping_status":"closed","template":"","meta":{"_et_pb_use_builder":"","_et_pb_old_content":"","_et_gb_content_width":""},"product_cat":[516,518,326,339,333,336],"product_tag":[],"acf":[],"yoast_head":"<!-- This site is optimized with the Yoast SEO plugin v22.6 - https:\/\/yoast.com\/wordpress\/plugins\/seo\/ -->\n<title>Beurre de Karit\u00e9 par Pranarom| Cr\u00e8mes organiques<\/title>\n<meta name=\"description\" content=\"Achetez Beurre de Karit\u00e9 par Biofloral et b\u00e9n\u00e9ficiez d&#039;une livraison rapide. N&#039;h\u00e9sitez pas \u00e0 magasiner d&#039;autres beurres de karit\u00e9 et baumes organiques chez Pranarom.ca\" \/>\n<meta name=\"robots\" content=\"index, follow, max-snippet:-1, max-image-preview:large, max-video-preview:-1\" \/>\n<link rel=\"canonical\" href=\"https:\/\/pranarom.ca\/produit\/shea-butter\/\" \/>\n<meta property=\"og:locale\" content=\"fr_FR\" \/>\n<meta property=\"og:type\" content=\"article\" \/>\n<meta property=\"og:title\" content=\"Beurre de Karit\u00e9 par Pranarom| Cr\u00e8mes organiques\" \/>\n<meta property=\"og:description\" content=\"Achetez Beurre de Karit\u00e9 par Biofloral et b\u00e9n\u00e9ficiez d&#039;une livraison rapide. N&#039;h\u00e9sitez pas \u00e0 magasiner d&#039;autres beurres de karit\u00e9 et baumes organiques chez Pranarom.ca\" \/>\n<meta property=\"og:url\" content=\"https:\/\/pranarom.ca\/produit\/shea-butter\/\" \/>\n<meta property=\"og:site_name\" content=\"Pranarom\" \/>\n<meta property=\"article:publisher\" content=\"https:\/\/www.facebook.com\/PranaromCanada\" \/>\n<meta property=\"article:modified_time\" content=\"2022-03-28T16:39:43+00:00\" \/>\n<meta property=\"og:image\" content=\"https:\/\/pranarom.ca\/wp-content\/uploads\/2019\/02\/Pranarom_Karite.jpg\" \/>\n\t<meta property=\"og:image:width\" content=\"1000\" \/>\n\t<meta property=\"og:image:height\" content=\"1000\" \/>\n\t<meta property=\"og:image:type\" content=\"image\/jpeg\" \/>\n<meta name=\"twitter:card\" content=\"summary_large_image\" \/>\n<meta name=\"twitter:label1\" content=\"Dur\u00e9e de lecture estim\u00e9e\" \/>\n\t<meta name=\"twitter:data1\" content=\"2 minutes\" \/>\n<script type=\"application\/ld+json\" class=\"yoast-schema-graph\">{\"@context\":\"https:\/\/schema.org\",\"@graph\":[{\"@type\":\"WebPage\",\"@id\":\"https:\/\/pranarom.ca\/produit\/shea-butter\/\",\"url\":\"https:\/\/pranarom.ca\/produit\/shea-butter\/\",\"name\":\"Beurre de Karit\u00e9 par Pranarom| Cr\u00e8mes organiques\",\"isPartOf\":{\"@id\":\"https:\/\/pranarom.ca\/#website\"},\"primaryImageOfPage\":{\"@id\":\"https:\/\/pranarom.ca\/produit\/shea-butter\/#primaryimage\"},\"image\":{\"@id\":\"https:\/\/pranarom.ca\/produit\/shea-butter\/#primaryimage\"},\"thumbnailUrl\":\"https:\/\/pranarom.ca\/wp-content\/uploads\/2019\/02\/Pranarom_Karite.jpg\",\"datePublished\":\"2015-12-30T00:00:00+00:00\",\"dateModified\":\"2022-03-28T16:39:43+00:00\",\"description\":\"Achetez Beurre de Karit\u00e9 par Biofloral et b\u00e9n\u00e9ficiez d'une livraison rapide. N'h\u00e9sitez pas \u00e0 magasiner d'autres beurres de karit\u00e9 et baumes organiques chez Pranarom.ca\",\"breadcrumb\":{\"@id\":\"https:\/\/pranarom.ca\/produit\/shea-butter\/#breadcrumb\"},\"inLanguage\":\"fr-FR\",\"potentialAction\":[{\"@type\":\"ReadAction\",\"target\":[\"https:\/\/pranarom.ca\/produit\/shea-butter\/\"]}]},{\"@type\":\"ImageObject\",\"inLanguage\":\"fr-FR\",\"@id\":\"https:\/\/pranarom.ca\/produit\/shea-butter\/#primaryimage\",\"url\":\"https:\/\/pranarom.ca\/wp-content\/uploads\/2019\/02\/Pranarom_Karite.jpg\",\"contentUrl\":\"https:\/\/pranarom.ca\/wp-content\/uploads\/2019\/02\/Pranarom_Karite.jpg\",\"width\":1000,\"height\":1000,\"caption\":\"Pranar\u014dm Shea Butter, Essential Oils Good For Skin\"},{\"@type\":\"BreadcrumbList\",\"@id\":\"https:\/\/pranarom.ca\/produit\/shea-butter\/#breadcrumb\",\"itemListElement\":[{\"@type\":\"ListItem\",\"position\":1,\"name\":\"Home\",\"item\":\"https:\/\/pranarom.ca\/fr\/\"},{\"@type\":\"ListItem\",\"position\":2,\"name\":\"Shop\",\"item\":\"https:\/\/pranarom.ca\/shop\/\"},{\"@type\":\"ListItem\",\"position\":3,\"name\":\"Beurre de Karit\u00e9\"}]},{\"@type\":\"WebSite\",\"@id\":\"https:\/\/pranarom.ca\/#website\",\"url\":\"https:\/\/pranarom.ca\/\",\"name\":\"Pranarom Canada\",\"description\":\"Scientific Aromatherapyy\",\"publisher\":{\"@id\":\"https:\/\/pranarom.ca\/#organization\"},\"potentialAction\":[{\"@type\":\"SearchAction\",\"target\":{\"@type\":\"EntryPoint\",\"urlTemplate\":\"https:\/\/pranarom.ca\/?s={search_term_string}\"},\"query-input\":\"required name=search_term_string\"}],\"inLanguage\":\"fr-FR\"},{\"@type\":\"Organization\",\"@id\":\"https:\/\/pranarom.ca\/#organization\",\"name\":\"Pranarom\",\"url\":\"https:\/\/pranarom.ca\/\",\"logo\":{\"@type\":\"ImageObject\",\"inLanguage\":\"fr-FR\",\"@id\":\"https:\/\/pranarom.ca\/#\/schema\/logo\/image\/\",\"url\":\"https:\/\/pranarom.ca\/wp-content\/uploads\/2019\/03\/pranalogo.png\",\"contentUrl\":\"https:\/\/pranarom.ca\/wp-content\/uploads\/2019\/03\/pranalogo.png\",\"width\":330,\"height\":100,\"caption\":\"Pranarom\"},\"image\":{\"@id\":\"https:\/\/pranarom.ca\/#\/schema\/logo\/image\/\"},\"sameAs\":[\"https:\/\/www.facebook.com\/PranaromCanada\",\"http:\/\/instagram.com\/pranaromcanada\/\",\"https:\/\/www.instagram.com\/pranaromcanada\/\"]}]}<\/script>\n<!-- \/ Yoast SEO plugin. -->","yoast_head_json":{"title":"Beurre de Karit\u00e9 par Pranarom| Cr\u00e8mes organiques","description":"Achetez Beurre de Karit\u00e9 par Biofloral et b\u00e9n\u00e9ficiez d'une livraison rapide. N'h\u00e9sitez pas \u00e0 magasiner d'autres beurres de karit\u00e9 et baumes organiques chez Pranarom.ca","robots":{"index":"index","follow":"follow","max-snippet":"max-snippet:-1","max-image-preview":"max-image-preview:large","max-video-preview":"max-video-preview:-1"},"canonical":"https:\/\/pranarom.ca\/produit\/shea-butter\/","og_locale":"fr_FR","og_type":"article","og_title":"Beurre de Karit\u00e9 par Pranarom| Cr\u00e8mes organiques","og_description":"Achetez Beurre de Karit\u00e9 par Biofloral et b\u00e9n\u00e9ficiez d'une livraison rapide. N'h\u00e9sitez pas \u00e0 magasiner d'autres beurres de karit\u00e9 et baumes organiques chez Pranarom.ca","og_url":"https:\/\/pranarom.ca\/produit\/shea-butter\/","og_site_name":"Pranarom","article_publisher":"https:\/\/www.facebook.com\/PranaromCanada","article_modified_time":"2022-03-28T16:39:43+00:00","og_image":[{"width":1000,"height":1000,"url":"https:\/\/pranarom.ca\/wp-content\/uploads\/2019\/02\/Pranarom_Karite.jpg","type":"image\/jpeg"}],"twitter_card":"summary_large_image","twitter_misc":{"Dur\u00e9e de lecture estim\u00e9e":"2 minutes"},"schema":{"@context":"https:\/\/schema.org","@graph":[{"@type":"WebPage","@id":"https:\/\/pranarom.ca\/produit\/shea-butter\/","url":"https:\/\/pranarom.ca\/produit\/shea-butter\/","name":"Beurre de Karit\u00e9 par Pranarom| Cr\u00e8mes organiques","isPartOf":{"@id":"https:\/\/pranarom.ca\/#website"},"primaryImageOfPage":{"@id":"https:\/\/pranarom.ca\/produit\/shea-butter\/#primaryimage"},"image":{"@id":"https:\/\/pranarom.ca\/produit\/shea-butter\/#primaryimage"},"thumbnailUrl":"https:\/\/pranarom.ca\/wp-content\/uploads\/2019\/02\/Pranarom_Karite.jpg","datePublished":"2015-12-30T00:00:00+00:00","dateModified":"2022-03-28T16:39:43+00:00","description":"Achetez Beurre de Karit\u00e9 par Biofloral et b\u00e9n\u00e9ficiez d'une livraison rapide. N'h\u00e9sitez pas \u00e0 magasiner d'autres beurres de karit\u00e9 et baumes organiques chez Pranarom.ca","breadcrumb":{"@id":"https:\/\/pranarom.ca\/produit\/shea-butter\/#breadcrumb"},"inLanguage":"fr-FR","potentialAction":[{"@type":"ReadAction","target":["https:\/\/pranarom.ca\/produit\/shea-butter\/"]}]},{"@type":"ImageObject","inLanguage":"fr-FR","@id":"https:\/\/pranarom.ca\/produit\/shea-butter\/#primaryimage","url":"https:\/\/pranarom.ca\/wp-content\/uploads\/2019\/02\/Pranarom_Karite.jpg","contentUrl":"https:\/\/pranarom.ca\/wp-content\/uploads\/2019\/02\/Pranarom_Karite.jpg","width":1000,"height":1000,"caption":"Pranar\u014dm Shea Butter, Essential Oils Good For Skin"},{"@type":"BreadcrumbList","@id":"https:\/\/pranarom.ca\/produit\/shea-butter\/#breadcrumb","itemListElement":[{"@type":"ListItem","position":1,"name":"Home","item":"https:\/\/pranarom.ca\/fr\/"},{"@type":"ListItem","position":2,"name":"Shop","item":"https:\/\/pranarom.ca\/shop\/"},{"@type":"ListItem","position":3,"name":"Beurre de Karit\u00e9"}]},{"@type":"WebSite","@id":"https:\/\/pranarom.ca\/#website","url":"https:\/\/pranarom.ca\/","name":"Pranarom Canada","description":"Scientific Aromatherapyy","publisher":{"@id":"https:\/\/pranarom.ca\/#organization"},"potentialAction":[{"@type":"SearchAction","target":{"@type":"EntryPoint","urlTemplate":"https:\/\/pranarom.ca\/?s={search_term_string}"},"query-input":"required name=search_term_string"}],"inLanguage":"fr-FR"},{"@type":"Organization","@id":"https:\/\/pranarom.ca\/#organization","name":"Pranarom","url":"https:\/\/pranarom.ca\/","logo":{"@type":"ImageObject","inLanguage":"fr-FR","@id":"https:\/\/pranarom.ca\/#\/schema\/logo\/image\/","url":"https:\/\/pranarom.ca\/wp-content\/uploads\/2019\/03\/pranalogo.png","contentUrl":"https:\/\/pranarom.ca\/wp-content\/uploads\/2019\/03\/pranalogo.png","width":330,"height":100,"caption":"Pranarom"},"image":{"@id":"https:\/\/pranarom.ca\/#\/schema\/logo\/image\/"},"sameAs":["https:\/\/www.facebook.com\/PranaromCanada","http:\/\/instagram.com\/pranaromcanada\/","https:\/\/www.instagram.com\/pranaromcanada\/"]}]}},"jetpack_sharing_enabled":true,"_links":{"self":[{"href":"https:\/\/pranarom.ca\/fr\/wp-json\/wp\/v2\/product\/34987"}],"collection":[{"href":"https:\/\/pranarom.ca\/fr\/wp-json\/wp\/v2\/product"}],"about":[{"href":"https:\/\/pranarom.ca\/fr\/wp-json\/wp\/v2\/types\/product"}],"replies":[{"embeddable":true,"href":"https:\/\/pranarom.ca\/fr\/wp-json\/wp\/v2\/comments?post=34987"}],"wp:featuredmedia":[{"embeddable":true,"href":"https:\/\/pranarom.ca\/fr\/wp-json\/wp\/v2\/media\/872"}],"wp:attachment":[{"href":"https:\/\/pranarom.ca\/fr\/wp-json\/wp\/v2\/media?parent=34987"}],"wp:term":[{"taxonomy":"product_cat","embeddable":true,"href":"https:\/\/pranarom.ca\/fr\/wp-json\/wp\/v2\/product_cat?post=34987"},{"taxonomy":"product_tag","embeddable":true,"href":"https:\/\/pranarom.ca\/fr\/wp-json\/wp\/v2\/product_tag?post=34987"}],"curies":[{"name":"wp","href":"https:\/\/api.w.org\/{rel}","templated":true}]}}