{"id":34978,"date":"2015-12-30T00:00:00","date_gmt":"2015-12-30T00:00:00","guid":{"rendered":"https:\/\/pranarom.ca\/?post_type=product&#038;p=34978"},"modified":"2022-03-28T17:19:44","modified_gmt":"2022-03-28T17:19:44","slug":"aromavita-80-bleus-coups-et-blessures","status":"publish","type":"product","link":"https:\/\/pranarom.ca\/fr\/produit\/aromavita-80-bleus-coups-et-blessures\/","title":{"rendered":"Aromavita 80 &#8211; Bleus, coups et blessures"},"content":{"rendered":"<p><strong>Utilis\u00e9 en aromath\u00e9rapie pour aider \u00e0 soulager les contusions mineures et les muscles endoloris associ\u00e9s \u00e0 un traumatisme mineur.<\/strong><\/p>\n<p><strong>Utilis\u00e9 en aromath\u00e9rapie pour aider \u00e0 soulager la douleur, l&#8217;inflammation et les ecchymoses associ\u00e9es \u00e0 des blessures telles que les entorses, les foulures et les contusions; et soulage \u00e9galement les douleurs musculaires et articulaires.<\/strong><\/p>\n<p>Les AROMAVITA de Pranar\u014dm sont des m\u00e9langes d\u2019huiles essentielles ch\u00e9motyp\u00e9es 100% pures et naturelles, destin\u00e9s \u00eatre m\u00e9lang\u00e9s dans une huile v\u00e9g\u00e9tale et appliqu\u00e9s sur la peau en massage plus ou moins appuy\u00e9s.<\/p>\n<hr \/>\n<h2>Ingr\u00e9dients :<\/h2>\n<p>Corymbia citriodora (huile essentielle d\u2019eucalyptus citronn\u00e9) (feuille) 25%, Gaultheria procumbens (huile essentielle de gaulth\u00e9rie) (feuille) (99% salicylate de m\u00e9thyle) 25%, Mentha x piperita (huile essentielle de menthe poivr\u00e9e) (rameau fleuri) 15%, Helichrysum italicum (huile essentielle d\u2019immortelle \u00e0 feuille large) (sommit\u00e9 en fleurs) 10%, Laurus nobilis (huile essentielle de laurier) (feuille) 5%. Ingr\u00e9dients non-m\u00e9dicinaux\u00a0: Extrait d&#8217;\u00e9corce de Cedrelopsis grevei.<\/p>\n<hr \/>\n<h2>Mode d&#8217;emploi\u00a0:<\/h2>\n<p>Adultes (\u2265 18 ans)\u00a0: <strong>Application topique locale\u00a0:<\/strong> ajouter 5 gouttes \u00e0 5 ml d\u2019huile v\u00e9g\u00e9tale neutre tel que l\u2019huile noisette et appliquer sur la r\u00e9gion affect\u00e9e jusqu\u2019\u00e0 3 fois par jour.<\/p>\n<p>Ne pas utiliser l\u2019huile essentielle non dilu\u00e9e. Consulter un praticien de soins de sant\u00e9 si l&#8217;usage se prolonge au-del\u00e0 de 7 jours. Ne pas utiliser par voie orale. \u00c9viter tout contact avec les yeux et les muqueuses; le cas \u00e9ch\u00e9ant, rincer abondamment avec de l\u2019huile v\u00e9g\u00e9tale. Entreposer \u00e0 la temp\u00e9rature ambiante.<\/p>\n<hr \/>\n<h2>Pr\u00e9cautions et mises en garde :<\/h2>\n<p>Garder hors de la port\u00e9e des enfants. En cas de surdosage ou d&#8217;ingestion accidentelle, appeler un Centre Antipoison imm\u00e9diatement. Si les sympt\u00f4mes persistent ou s\u2019aggravent, consulter un praticien de soins de sant\u00e9. Si vous souffrez d\u2019\u00e9pilepsie ou d\u2019asthme, consulter un praticien de soins de sant\u00e9 avant d\u2019en faire l\u2019usage. Si vous prenez des anticoagulants, consulter un praticien de soins de sant\u00e9 avant d&#8217;en faire l&#8217;usage. \u00c9viter d\u2019exposer les r\u00e9gions trait\u00e9es au soleil.<\/p>\n<hr \/>\n<h2>Contre-indications\u00a0:<\/h2>\n<p>Si vous \u00eates enceinte ou allaitez, ne pas utiliser ce produit. Si la peau est endommag\u00e9e, irrit\u00e9e ou sensible, ne pas utiliser ce produit.<\/p>\n<hr \/>\n<h2>R\u00e9actions ind\u00e9sirables connues\u00a0:<\/h2>\n<p>Si des naus\u00e9es, des \u00e9tourdissements, des maux de t\u00eate, ou une r\u00e9action allergique se manifestent, cesser l\u2019usage. Une sensation d&#8217;irritation et\/ou de br\u00fblement peut survenir; dans ce cas, cesser l&#8217;utilisation. Une hypersensibilit\u00e9 peut survenir; dans ce cas, cesser l&#8217;utilisation.<\/p>\n<hr \/>\n<h2>NPN :<\/h2>\n<p>80071304<\/p>\n","protected":false},"excerpt":{"rendered":"<p><strong>Utilis\u00e9 en aromath\u00e9rapie pour aider \u00e0 soulager les contusions mineures et les muscles endoloris associ\u00e9s \u00e0 un traumatisme mineur.<\/strong><br \/>\n<strong>Utilis\u00e9 en aromath\u00e9rapie pour aider \u00e0 soulager la douleur, l&#8217;inflammation et les ecchymoses associ\u00e9es \u00e0 des blessures telles que les entorses, les foulures et les contusions; et soulage \u00e9galement les douleurs musculaires et articulaires.<\/strong><\/p>\n<p>Complexes d\u2019huiles essentielles ch\u00e9motyp\u00e9es 100% pures et naturelles<\/p>\n<p>Aromavita 80 | 10 ml<\/p>\n","protected":false},"featured_media":41402,"comment_status":"open","ping_status":"closed","template":"","meta":{"_et_pb_use_builder":"","_et_pb_old_content":"","_et_gb_content_width":""},"product_cat":[326,331],"product_tag":[],"acf":[],"yoast_head":"<!-- This site is optimized with the Yoast SEO plugin v22.6 - https:\/\/yoast.com\/wordpress\/plugins\/seo\/ -->\n<title>Bleus, coups et blessures par Pranarom |Complexes d&#039;huiles essentielles BIO<\/title>\n<meta name=\"description\" content=\"Achetez Bleus, coups et blessures par Pranarom et b\u00e9n\u00e9ficiez d&#039;une livraison rapide. N&#039;h\u00e9sitez pas \u00e0 magasiner d&#039;autres complexes d&#039;huiles essentielles chez Pranarom.ca\" \/>\n<meta name=\"robots\" content=\"index, follow, max-snippet:-1, max-image-preview:large, max-video-preview:-1\" \/>\n<link rel=\"canonical\" href=\"https:\/\/pranarom.ca\/fr\/produit\/aromavita-80-bleus-coups-et-blessures\/\" \/>\n<meta property=\"og:locale\" content=\"fr_FR\" \/>\n<meta property=\"og:type\" content=\"article\" \/>\n<meta property=\"og:title\" content=\"Bleus, coups et blessures par Pranarom |Complexes d&#039;huiles essentielles BIO\" \/>\n<meta property=\"og:description\" content=\"Achetez Bleus, coups et blessures par Pranarom et b\u00e9n\u00e9ficiez d&#039;une livraison rapide. N&#039;h\u00e9sitez pas \u00e0 magasiner d&#039;autres complexes d&#039;huiles essentielles chez Pranarom.ca\" \/>\n<meta property=\"og:url\" content=\"https:\/\/pranarom.ca\/fr\/produit\/aromavita-80-bleus-coups-et-blessures\/\" \/>\n<meta property=\"og:site_name\" content=\"Pranarom\" \/>\n<meta property=\"article:publisher\" content=\"https:\/\/www.facebook.com\/PranaromCanada\" \/>\n<meta property=\"article:modified_time\" content=\"2022-03-28T17:19:44+00:00\" \/>\n<meta property=\"og:image\" content=\"https:\/\/pranarom.ca\/wp-content\/uploads\/2015\/12\/P-AV80_FR-NPN.jpg\" \/>\n\t<meta property=\"og:image:width\" content=\"1000\" \/>\n\t<meta property=\"og:image:height\" content=\"1000\" \/>\n\t<meta property=\"og:image:type\" content=\"image\/jpeg\" \/>\n<meta name=\"twitter:card\" content=\"summary_large_image\" \/>\n<meta name=\"twitter:label1\" content=\"Dur\u00e9e de lecture estim\u00e9e\" \/>\n\t<meta name=\"twitter:data1\" content=\"2 minutes\" \/>\n<script type=\"application\/ld+json\" class=\"yoast-schema-graph\">{\"@context\":\"https:\/\/schema.org\",\"@graph\":[{\"@type\":\"WebPage\",\"@id\":\"https:\/\/pranarom.ca\/fr\/produit\/aromavita-80-bleus-coups-et-blessures\/\",\"url\":\"https:\/\/pranarom.ca\/fr\/produit\/aromavita-80-bleus-coups-et-blessures\/\",\"name\":\"Bleus, coups et blessures par Pranarom |Complexes d'huiles essentielles BIO\",\"isPartOf\":{\"@id\":\"https:\/\/pranarom.ca\/#website\"},\"primaryImageOfPage\":{\"@id\":\"https:\/\/pranarom.ca\/fr\/produit\/aromavita-80-bleus-coups-et-blessures\/#primaryimage\"},\"image\":{\"@id\":\"https:\/\/pranarom.ca\/fr\/produit\/aromavita-80-bleus-coups-et-blessures\/#primaryimage\"},\"thumbnailUrl\":\"https:\/\/pranarom.ca\/wp-content\/uploads\/2015\/12\/P-AV80_FR-NPN.jpg\",\"datePublished\":\"2015-12-30T00:00:00+00:00\",\"dateModified\":\"2022-03-28T17:19:44+00:00\",\"description\":\"Achetez Bleus, coups et blessures par Pranarom et b\u00e9n\u00e9ficiez d'une livraison rapide. N'h\u00e9sitez pas \u00e0 magasiner d'autres complexes d'huiles essentielles chez Pranarom.ca\",\"breadcrumb\":{\"@id\":\"https:\/\/pranarom.ca\/fr\/produit\/aromavita-80-bleus-coups-et-blessures\/#breadcrumb\"},\"inLanguage\":\"fr-FR\",\"potentialAction\":[{\"@type\":\"ReadAction\",\"target\":[\"https:\/\/pranarom.ca\/fr\/produit\/aromavita-80-bleus-coups-et-blessures\/\"]}]},{\"@type\":\"ImageObject\",\"inLanguage\":\"fr-FR\",\"@id\":\"https:\/\/pranarom.ca\/fr\/produit\/aromavita-80-bleus-coups-et-blessures\/#primaryimage\",\"url\":\"https:\/\/pranarom.ca\/wp-content\/uploads\/2015\/12\/P-AV80_FR-NPN.jpg\",\"contentUrl\":\"https:\/\/pranarom.ca\/wp-content\/uploads\/2015\/12\/P-AV80_FR-NPN.jpg\",\"width\":1000,\"height\":1000},{\"@type\":\"BreadcrumbList\",\"@id\":\"https:\/\/pranarom.ca\/fr\/produit\/aromavita-80-bleus-coups-et-blessures\/#breadcrumb\",\"itemListElement\":[{\"@type\":\"ListItem\",\"position\":1,\"name\":\"Home\",\"item\":\"https:\/\/pranarom.ca\/fr\/\"},{\"@type\":\"ListItem\",\"position\":2,\"name\":\"Shop\",\"item\":\"https:\/\/pranarom.ca\/shop\/\"},{\"@type\":\"ListItem\",\"position\":3,\"name\":\"Aromavita 80 &#8211; Bleus, coups et blessures\"}]},{\"@type\":\"WebSite\",\"@id\":\"https:\/\/pranarom.ca\/#website\",\"url\":\"https:\/\/pranarom.ca\/\",\"name\":\"Pranarom Canada\",\"description\":\"Scientific Aromatherapyy\",\"publisher\":{\"@id\":\"https:\/\/pranarom.ca\/#organization\"},\"potentialAction\":[{\"@type\":\"SearchAction\",\"target\":{\"@type\":\"EntryPoint\",\"urlTemplate\":\"https:\/\/pranarom.ca\/?s={search_term_string}\"},\"query-input\":\"required name=search_term_string\"}],\"inLanguage\":\"fr-FR\"},{\"@type\":\"Organization\",\"@id\":\"https:\/\/pranarom.ca\/#organization\",\"name\":\"Pranarom\",\"url\":\"https:\/\/pranarom.ca\/\",\"logo\":{\"@type\":\"ImageObject\",\"inLanguage\":\"fr-FR\",\"@id\":\"https:\/\/pranarom.ca\/#\/schema\/logo\/image\/\",\"url\":\"https:\/\/pranarom.ca\/wp-content\/uploads\/2019\/03\/pranalogo.png\",\"contentUrl\":\"https:\/\/pranarom.ca\/wp-content\/uploads\/2019\/03\/pranalogo.png\",\"width\":330,\"height\":100,\"caption\":\"Pranarom\"},\"image\":{\"@id\":\"https:\/\/pranarom.ca\/#\/schema\/logo\/image\/\"},\"sameAs\":[\"https:\/\/www.facebook.com\/PranaromCanada\",\"http:\/\/instagram.com\/pranaromcanada\/\",\"https:\/\/www.instagram.com\/pranaromcanada\/\"]}]}<\/script>\n<!-- \/ Yoast SEO plugin. -->","yoast_head_json":{"title":"Bleus, coups et blessures par Pranarom |Complexes d'huiles essentielles BIO","description":"Achetez Bleus, coups et blessures par Pranarom et b\u00e9n\u00e9ficiez d'une livraison rapide. N'h\u00e9sitez pas \u00e0 magasiner d'autres complexes d'huiles essentielles chez Pranarom.ca","robots":{"index":"index","follow":"follow","max-snippet":"max-snippet:-1","max-image-preview":"max-image-preview:large","max-video-preview":"max-video-preview:-1"},"canonical":"https:\/\/pranarom.ca\/fr\/produit\/aromavita-80-bleus-coups-et-blessures\/","og_locale":"fr_FR","og_type":"article","og_title":"Bleus, coups et blessures par Pranarom |Complexes d'huiles essentielles BIO","og_description":"Achetez Bleus, coups et blessures par Pranarom et b\u00e9n\u00e9ficiez d'une livraison rapide. N'h\u00e9sitez pas \u00e0 magasiner d'autres complexes d'huiles essentielles chez Pranarom.ca","og_url":"https:\/\/pranarom.ca\/fr\/produit\/aromavita-80-bleus-coups-et-blessures\/","og_site_name":"Pranarom","article_publisher":"https:\/\/www.facebook.com\/PranaromCanada","article_modified_time":"2022-03-28T17:19:44+00:00","og_image":[{"width":1000,"height":1000,"url":"https:\/\/pranarom.ca\/wp-content\/uploads\/2015\/12\/P-AV80_FR-NPN.jpg","type":"image\/jpeg"}],"twitter_card":"summary_large_image","twitter_misc":{"Dur\u00e9e de lecture estim\u00e9e":"2 minutes"},"schema":{"@context":"https:\/\/schema.org","@graph":[{"@type":"WebPage","@id":"https:\/\/pranarom.ca\/fr\/produit\/aromavita-80-bleus-coups-et-blessures\/","url":"https:\/\/pranarom.ca\/fr\/produit\/aromavita-80-bleus-coups-et-blessures\/","name":"Bleus, coups et blessures par Pranarom |Complexes d'huiles essentielles BIO","isPartOf":{"@id":"https:\/\/pranarom.ca\/#website"},"primaryImageOfPage":{"@id":"https:\/\/pranarom.ca\/fr\/produit\/aromavita-80-bleus-coups-et-blessures\/#primaryimage"},"image":{"@id":"https:\/\/pranarom.ca\/fr\/produit\/aromavita-80-bleus-coups-et-blessures\/#primaryimage"},"thumbnailUrl":"https:\/\/pranarom.ca\/wp-content\/uploads\/2015\/12\/P-AV80_FR-NPN.jpg","datePublished":"2015-12-30T00:00:00+00:00","dateModified":"2022-03-28T17:19:44+00:00","description":"Achetez Bleus, coups et blessures par Pranarom et b\u00e9n\u00e9ficiez d'une livraison rapide. N'h\u00e9sitez pas \u00e0 magasiner d'autres complexes d'huiles essentielles chez Pranarom.ca","breadcrumb":{"@id":"https:\/\/pranarom.ca\/fr\/produit\/aromavita-80-bleus-coups-et-blessures\/#breadcrumb"},"inLanguage":"fr-FR","potentialAction":[{"@type":"ReadAction","target":["https:\/\/pranarom.ca\/fr\/produit\/aromavita-80-bleus-coups-et-blessures\/"]}]},{"@type":"ImageObject","inLanguage":"fr-FR","@id":"https:\/\/pranarom.ca\/fr\/produit\/aromavita-80-bleus-coups-et-blessures\/#primaryimage","url":"https:\/\/pranarom.ca\/wp-content\/uploads\/2015\/12\/P-AV80_FR-NPN.jpg","contentUrl":"https:\/\/pranarom.ca\/wp-content\/uploads\/2015\/12\/P-AV80_FR-NPN.jpg","width":1000,"height":1000},{"@type":"BreadcrumbList","@id":"https:\/\/pranarom.ca\/fr\/produit\/aromavita-80-bleus-coups-et-blessures\/#breadcrumb","itemListElement":[{"@type":"ListItem","position":1,"name":"Home","item":"https:\/\/pranarom.ca\/fr\/"},{"@type":"ListItem","position":2,"name":"Shop","item":"https:\/\/pranarom.ca\/shop\/"},{"@type":"ListItem","position":3,"name":"Aromavita 80 &#8211; Bleus, coups et blessures"}]},{"@type":"WebSite","@id":"https:\/\/pranarom.ca\/#website","url":"https:\/\/pranarom.ca\/","name":"Pranarom Canada","description":"Scientific Aromatherapyy","publisher":{"@id":"https:\/\/pranarom.ca\/#organization"},"potentialAction":[{"@type":"SearchAction","target":{"@type":"EntryPoint","urlTemplate":"https:\/\/pranarom.ca\/?s={search_term_string}"},"query-input":"required name=search_term_string"}],"inLanguage":"fr-FR"},{"@type":"Organization","@id":"https:\/\/pranarom.ca\/#organization","name":"Pranarom","url":"https:\/\/pranarom.ca\/","logo":{"@type":"ImageObject","inLanguage":"fr-FR","@id":"https:\/\/pranarom.ca\/#\/schema\/logo\/image\/","url":"https:\/\/pranarom.ca\/wp-content\/uploads\/2019\/03\/pranalogo.png","contentUrl":"https:\/\/pranarom.ca\/wp-content\/uploads\/2019\/03\/pranalogo.png","width":330,"height":100,"caption":"Pranarom"},"image":{"@id":"https:\/\/pranarom.ca\/#\/schema\/logo\/image\/"},"sameAs":["https:\/\/www.facebook.com\/PranaromCanada","http:\/\/instagram.com\/pranaromcanada\/","https:\/\/www.instagram.com\/pranaromcanada\/"]}]}},"jetpack_sharing_enabled":true,"_links":{"self":[{"href":"https:\/\/pranarom.ca\/fr\/wp-json\/wp\/v2\/product\/34978"}],"collection":[{"href":"https:\/\/pranarom.ca\/fr\/wp-json\/wp\/v2\/product"}],"about":[{"href":"https:\/\/pranarom.ca\/fr\/wp-json\/wp\/v2\/types\/product"}],"replies":[{"embeddable":true,"href":"https:\/\/pranarom.ca\/fr\/wp-json\/wp\/v2\/comments?post=34978"}],"wp:featuredmedia":[{"embeddable":true,"href":"https:\/\/pranarom.ca\/fr\/wp-json\/wp\/v2\/media\/41402"}],"wp:attachment":[{"href":"https:\/\/pranarom.ca\/fr\/wp-json\/wp\/v2\/media?parent=34978"}],"wp:term":[{"taxonomy":"product_cat","embeddable":true,"href":"https:\/\/pranarom.ca\/fr\/wp-json\/wp\/v2\/product_cat?post=34978"},{"taxonomy":"product_tag","embeddable":true,"href":"https:\/\/pranarom.ca\/fr\/wp-json\/wp\/v2\/product_tag?post=34978"}],"curies":[{"name":"wp","href":"https:\/\/api.w.org\/{rel}","templated":true}]}}