{"id":34977,"date":"2015-12-30T00:00:00","date_gmt":"2015-12-30T00:00:00","guid":{"rendered":"https:\/\/pranarom.ca\/?post_type=product&#038;p=34977"},"modified":"2024-06-21T20:00:08","modified_gmt":"2024-06-21T20:00:08","slug":"aromavita-59-aide-a-reduire-laspect-de-la-cellulite","status":"publish","type":"product","link":"https:\/\/pranarom.ca\/fr\/produit\/aromavita-59-aide-a-reduire-laspect-de-la-cellulite\/","title":{"rendered":"Aromavita 59 &#8211; Cellulite"},"content":{"rendered":"<p><strong>Aide \u00e0 r\u00e9duire l&#8217;aspect de la cellulite. Ce complexe est compos\u00e9 d\u2019huiles essentielles de c\u00e8dre de l\u2019Atlas, cypr\u00e8s (toujours vert), citron, eucalyptus citronn\u00e9, romarin \u00e0 camphre et immortelle.<\/strong><\/p>\n<p>Les AROMAVITA de Pranar\u014dm sont des m\u00e9langes d\u2019huiles essentielles ch\u00e9motyp\u00e9es 100% pures et naturelles, destin\u00e9s \u00eatre m\u00e9lang\u00e9s dans une huile v\u00e9g\u00e9tale et appliqu\u00e9s sur la peau en massage plus ou moins appuy\u00e9s.<\/p>\n<hr \/>\n<h2>Ingr\u00e9dients (INCI) :<\/h2>\n<p>Cedrus atlantica bark oil, Cupressus sempervirens oil, Citrus limon (lemon) peel oil, Eucalyptus citriodora oil, Rosmarinus officinalis (rosemary) leaf oil*, Helichrysum italicum flower oil.<\/p>\n<p>*CT camphre<\/p>\n<hr \/>\n<h2>Conseils d\u2019utilisation :<\/h2>\n<p><strong>Pour massage locale :<\/strong> 1-2 gouttes ajout\u00e9es \u00e0 1-2 gouttes d\u2019huile v\u00e9g\u00e9tale Pranar\u014dm.<\/p>\n<p><strong>Pour massage corporel :<\/strong> 2-10 gouttes dilu\u00e9es dans 5-10 ml d\u2019huile v\u00e9g\u00e9tale.<\/p>\n<p>Un test cutan\u00e9 est recommand\u00e9 pour les peaux sensibles.<\/p>\n<hr \/>\n<h2>Pr\u00e9cautions et mises en garde :<\/h2>\n<p>Garder hors de la port\u00e9e des enfants.\u00a0Usage externe seulement.\u00a0Ne pas prendre par voie orale.\u00a0Ne pas utiliser d\u2019huiles essentielles non dilu\u00e9es.\u00a0En cas d\u2019ingestion, chercher de l\u2019aide m\u00e9dicale de toute urgence ou consulter un centre antipoison.\u00a0Si vous souffrez d\u2019\u00e9pilepsie ou d\u2019asthme, consulter un praticien en soins de sant\u00e9 avant l\u2019utilisation.\u00a0\u00c9viter le contact avec les yeux et les muqueuses; en cas de contact, rincer abondamment avec de l\u2019eau ou de l\u2019huile v\u00e9g\u00e9tale.\u00a0\u00c9viter l\u2019exposition au soleil des r\u00e9gions affect\u00e9es.\u00a0Ne pas utiliser pendant la grossesse ou l\u2019allaitement et chez les enfants de moins de 6 ans.\u00a0Si vous avez de naus\u00e9es, des \u00e9tourdissements, des maux de t\u00eate ou une r\u00e9action allergique, cessez l\u2019utilisation.<\/p>\n","protected":false},"excerpt":{"rendered":"<p><strong>Aide \u00e0 r\u00e9duire l&#8217;aspect de la cellulite<\/strong><\/p>\n<p>Complexes d\u2019huiles essentielles ch\u00e9motyp\u00e9es 100% pures et naturelles<\/p>\n<p>Aromavita 59 | 10 ml<\/p>\n","protected":false},"featured_media":41404,"comment_status":"open","ping_status":"closed","template":"","meta":{"_et_pb_use_builder":"","_et_pb_old_content":"","_et_gb_content_width":""},"product_cat":[331],"product_tag":[598],"acf":[],"yoast_head":"<!-- This site is optimized with the Yoast SEO plugin v22.6 - https:\/\/yoast.com\/wordpress\/plugins\/seo\/ -->\n<title>Cellulite par Pranarom |Complexes d&#039;huiles essentielles BIO<\/title>\n<meta name=\"description\" content=\"Achetez Cellulite par Pranarom et b\u00e9n\u00e9ficiez d&#039;une livraison rapide. N&#039;h\u00e9sitez pas \u00e0 magasiner d&#039;autres complexes d&#039;huiles essentielles chez Pranarom.ca\" \/>\n<meta name=\"robots\" content=\"index, follow, max-snippet:-1, max-image-preview:large, max-video-preview:-1\" \/>\n<link rel=\"canonical\" href=\"https:\/\/pranarom.ca\/fr\/produit\/aromavita-59-aide-a-reduire-laspect-de-la-cellulite\/\" \/>\n<meta property=\"og:locale\" content=\"fr_FR\" \/>\n<meta property=\"og:type\" content=\"article\" \/>\n<meta property=\"og:title\" content=\"Cellulite par Pranarom |Complexes d&#039;huiles essentielles BIO\" \/>\n<meta property=\"og:description\" content=\"Achetez Cellulite par Pranarom et b\u00e9n\u00e9ficiez d&#039;une livraison rapide. N&#039;h\u00e9sitez pas \u00e0 magasiner d&#039;autres complexes d&#039;huiles essentielles chez Pranarom.ca\" \/>\n<meta property=\"og:url\" content=\"https:\/\/pranarom.ca\/fr\/produit\/aromavita-59-aide-a-reduire-laspect-de-la-cellulite\/\" \/>\n<meta property=\"og:site_name\" content=\"Pranarom\" \/>\n<meta property=\"article:publisher\" content=\"https:\/\/www.facebook.com\/PranaromCanada\" \/>\n<meta property=\"article:modified_time\" content=\"2024-06-21T20:00:08+00:00\" \/>\n<meta property=\"og:image\" content=\"https:\/\/pranarom.ca\/wp-content\/uploads\/2015\/12\/P-AV59_FR.jpg\" \/>\n\t<meta property=\"og:image:width\" content=\"1000\" \/>\n\t<meta property=\"og:image:height\" content=\"1000\" \/>\n\t<meta property=\"og:image:type\" content=\"image\/jpeg\" \/>\n<meta name=\"twitter:card\" content=\"summary_large_image\" \/>\n<meta name=\"twitter:label1\" content=\"Dur\u00e9e de lecture estim\u00e9e\" \/>\n\t<meta name=\"twitter:data1\" content=\"1 minute\" \/>\n<script type=\"application\/ld+json\" class=\"yoast-schema-graph\">{\"@context\":\"https:\/\/schema.org\",\"@graph\":[{\"@type\":\"WebPage\",\"@id\":\"https:\/\/pranarom.ca\/fr\/produit\/aromavita-59-aide-a-reduire-laspect-de-la-cellulite\/\",\"url\":\"https:\/\/pranarom.ca\/fr\/produit\/aromavita-59-aide-a-reduire-laspect-de-la-cellulite\/\",\"name\":\"Cellulite par Pranarom |Complexes d'huiles essentielles BIO\",\"isPartOf\":{\"@id\":\"https:\/\/pranarom.ca\/#website\"},\"primaryImageOfPage\":{\"@id\":\"https:\/\/pranarom.ca\/fr\/produit\/aromavita-59-aide-a-reduire-laspect-de-la-cellulite\/#primaryimage\"},\"image\":{\"@id\":\"https:\/\/pranarom.ca\/fr\/produit\/aromavita-59-aide-a-reduire-laspect-de-la-cellulite\/#primaryimage\"},\"thumbnailUrl\":\"https:\/\/pranarom.ca\/wp-content\/uploads\/2015\/12\/P-AV59_FR.jpg\",\"datePublished\":\"2015-12-30T00:00:00+00:00\",\"dateModified\":\"2024-06-21T20:00:08+00:00\",\"description\":\"Achetez Cellulite par Pranarom et b\u00e9n\u00e9ficiez d'une livraison rapide. N'h\u00e9sitez pas \u00e0 magasiner d'autres complexes d'huiles essentielles chez Pranarom.ca\",\"breadcrumb\":{\"@id\":\"https:\/\/pranarom.ca\/fr\/produit\/aromavita-59-aide-a-reduire-laspect-de-la-cellulite\/#breadcrumb\"},\"inLanguage\":\"fr-FR\",\"potentialAction\":[{\"@type\":\"ReadAction\",\"target\":[\"https:\/\/pranarom.ca\/fr\/produit\/aromavita-59-aide-a-reduire-laspect-de-la-cellulite\/\"]}]},{\"@type\":\"ImageObject\",\"inLanguage\":\"fr-FR\",\"@id\":\"https:\/\/pranarom.ca\/fr\/produit\/aromavita-59-aide-a-reduire-laspect-de-la-cellulite\/#primaryimage\",\"url\":\"https:\/\/pranarom.ca\/wp-content\/uploads\/2015\/12\/P-AV59_FR.jpg\",\"contentUrl\":\"https:\/\/pranarom.ca\/wp-content\/uploads\/2015\/12\/P-AV59_FR.jpg\",\"width\":1000,\"height\":1000},{\"@type\":\"BreadcrumbList\",\"@id\":\"https:\/\/pranarom.ca\/fr\/produit\/aromavita-59-aide-a-reduire-laspect-de-la-cellulite\/#breadcrumb\",\"itemListElement\":[{\"@type\":\"ListItem\",\"position\":1,\"name\":\"Home\",\"item\":\"https:\/\/pranarom.ca\/fr\/\"},{\"@type\":\"ListItem\",\"position\":2,\"name\":\"Shop\",\"item\":\"https:\/\/pranarom.ca\/shop\/\"},{\"@type\":\"ListItem\",\"position\":3,\"name\":\"Aromavita 59 &#8211; Cellulite\"}]},{\"@type\":\"WebSite\",\"@id\":\"https:\/\/pranarom.ca\/#website\",\"url\":\"https:\/\/pranarom.ca\/\",\"name\":\"Pranarom Canada\",\"description\":\"Scientific Aromatherapyy\",\"publisher\":{\"@id\":\"https:\/\/pranarom.ca\/#organization\"},\"potentialAction\":[{\"@type\":\"SearchAction\",\"target\":{\"@type\":\"EntryPoint\",\"urlTemplate\":\"https:\/\/pranarom.ca\/?s={search_term_string}\"},\"query-input\":\"required name=search_term_string\"}],\"inLanguage\":\"fr-FR\"},{\"@type\":\"Organization\",\"@id\":\"https:\/\/pranarom.ca\/#organization\",\"name\":\"Pranarom\",\"url\":\"https:\/\/pranarom.ca\/\",\"logo\":{\"@type\":\"ImageObject\",\"inLanguage\":\"fr-FR\",\"@id\":\"https:\/\/pranarom.ca\/#\/schema\/logo\/image\/\",\"url\":\"https:\/\/pranarom.ca\/wp-content\/uploads\/2019\/03\/pranalogo.png\",\"contentUrl\":\"https:\/\/pranarom.ca\/wp-content\/uploads\/2019\/03\/pranalogo.png\",\"width\":330,\"height\":100,\"caption\":\"Pranarom\"},\"image\":{\"@id\":\"https:\/\/pranarom.ca\/#\/schema\/logo\/image\/\"},\"sameAs\":[\"https:\/\/www.facebook.com\/PranaromCanada\",\"http:\/\/instagram.com\/pranaromcanada\/\",\"https:\/\/www.instagram.com\/pranaromcanada\/\"]}]}<\/script>\n<!-- \/ Yoast SEO plugin. -->","yoast_head_json":{"title":"Cellulite par Pranarom |Complexes d'huiles essentielles BIO","description":"Achetez Cellulite par Pranarom et b\u00e9n\u00e9ficiez d'une livraison rapide. N'h\u00e9sitez pas \u00e0 magasiner d'autres complexes d'huiles essentielles chez Pranarom.ca","robots":{"index":"index","follow":"follow","max-snippet":"max-snippet:-1","max-image-preview":"max-image-preview:large","max-video-preview":"max-video-preview:-1"},"canonical":"https:\/\/pranarom.ca\/fr\/produit\/aromavita-59-aide-a-reduire-laspect-de-la-cellulite\/","og_locale":"fr_FR","og_type":"article","og_title":"Cellulite par Pranarom |Complexes d'huiles essentielles BIO","og_description":"Achetez Cellulite par Pranarom et b\u00e9n\u00e9ficiez d'une livraison rapide. N'h\u00e9sitez pas \u00e0 magasiner d'autres complexes d'huiles essentielles chez Pranarom.ca","og_url":"https:\/\/pranarom.ca\/fr\/produit\/aromavita-59-aide-a-reduire-laspect-de-la-cellulite\/","og_site_name":"Pranarom","article_publisher":"https:\/\/www.facebook.com\/PranaromCanada","article_modified_time":"2024-06-21T20:00:08+00:00","og_image":[{"width":1000,"height":1000,"url":"https:\/\/pranarom.ca\/wp-content\/uploads\/2015\/12\/P-AV59_FR.jpg","type":"image\/jpeg"}],"twitter_card":"summary_large_image","twitter_misc":{"Dur\u00e9e de lecture estim\u00e9e":"1 minute"},"schema":{"@context":"https:\/\/schema.org","@graph":[{"@type":"WebPage","@id":"https:\/\/pranarom.ca\/fr\/produit\/aromavita-59-aide-a-reduire-laspect-de-la-cellulite\/","url":"https:\/\/pranarom.ca\/fr\/produit\/aromavita-59-aide-a-reduire-laspect-de-la-cellulite\/","name":"Cellulite par Pranarom |Complexes d'huiles essentielles BIO","isPartOf":{"@id":"https:\/\/pranarom.ca\/#website"},"primaryImageOfPage":{"@id":"https:\/\/pranarom.ca\/fr\/produit\/aromavita-59-aide-a-reduire-laspect-de-la-cellulite\/#primaryimage"},"image":{"@id":"https:\/\/pranarom.ca\/fr\/produit\/aromavita-59-aide-a-reduire-laspect-de-la-cellulite\/#primaryimage"},"thumbnailUrl":"https:\/\/pranarom.ca\/wp-content\/uploads\/2015\/12\/P-AV59_FR.jpg","datePublished":"2015-12-30T00:00:00+00:00","dateModified":"2024-06-21T20:00:08+00:00","description":"Achetez Cellulite par Pranarom et b\u00e9n\u00e9ficiez d'une livraison rapide. N'h\u00e9sitez pas \u00e0 magasiner d'autres complexes d'huiles essentielles chez Pranarom.ca","breadcrumb":{"@id":"https:\/\/pranarom.ca\/fr\/produit\/aromavita-59-aide-a-reduire-laspect-de-la-cellulite\/#breadcrumb"},"inLanguage":"fr-FR","potentialAction":[{"@type":"ReadAction","target":["https:\/\/pranarom.ca\/fr\/produit\/aromavita-59-aide-a-reduire-laspect-de-la-cellulite\/"]}]},{"@type":"ImageObject","inLanguage":"fr-FR","@id":"https:\/\/pranarom.ca\/fr\/produit\/aromavita-59-aide-a-reduire-laspect-de-la-cellulite\/#primaryimage","url":"https:\/\/pranarom.ca\/wp-content\/uploads\/2015\/12\/P-AV59_FR.jpg","contentUrl":"https:\/\/pranarom.ca\/wp-content\/uploads\/2015\/12\/P-AV59_FR.jpg","width":1000,"height":1000},{"@type":"BreadcrumbList","@id":"https:\/\/pranarom.ca\/fr\/produit\/aromavita-59-aide-a-reduire-laspect-de-la-cellulite\/#breadcrumb","itemListElement":[{"@type":"ListItem","position":1,"name":"Home","item":"https:\/\/pranarom.ca\/fr\/"},{"@type":"ListItem","position":2,"name":"Shop","item":"https:\/\/pranarom.ca\/shop\/"},{"@type":"ListItem","position":3,"name":"Aromavita 59 &#8211; Cellulite"}]},{"@type":"WebSite","@id":"https:\/\/pranarom.ca\/#website","url":"https:\/\/pranarom.ca\/","name":"Pranarom Canada","description":"Scientific Aromatherapyy","publisher":{"@id":"https:\/\/pranarom.ca\/#organization"},"potentialAction":[{"@type":"SearchAction","target":{"@type":"EntryPoint","urlTemplate":"https:\/\/pranarom.ca\/?s={search_term_string}"},"query-input":"required name=search_term_string"}],"inLanguage":"fr-FR"},{"@type":"Organization","@id":"https:\/\/pranarom.ca\/#organization","name":"Pranarom","url":"https:\/\/pranarom.ca\/","logo":{"@type":"ImageObject","inLanguage":"fr-FR","@id":"https:\/\/pranarom.ca\/#\/schema\/logo\/image\/","url":"https:\/\/pranarom.ca\/wp-content\/uploads\/2019\/03\/pranalogo.png","contentUrl":"https:\/\/pranarom.ca\/wp-content\/uploads\/2019\/03\/pranalogo.png","width":330,"height":100,"caption":"Pranarom"},"image":{"@id":"https:\/\/pranarom.ca\/#\/schema\/logo\/image\/"},"sameAs":["https:\/\/www.facebook.com\/PranaromCanada","http:\/\/instagram.com\/pranaromcanada\/","https:\/\/www.instagram.com\/pranaromcanada\/"]}]}},"jetpack_sharing_enabled":true,"_links":{"self":[{"href":"https:\/\/pranarom.ca\/fr\/wp-json\/wp\/v2\/product\/34977"}],"collection":[{"href":"https:\/\/pranarom.ca\/fr\/wp-json\/wp\/v2\/product"}],"about":[{"href":"https:\/\/pranarom.ca\/fr\/wp-json\/wp\/v2\/types\/product"}],"replies":[{"embeddable":true,"href":"https:\/\/pranarom.ca\/fr\/wp-json\/wp\/v2\/comments?post=34977"}],"wp:featuredmedia":[{"embeddable":true,"href":"https:\/\/pranarom.ca\/fr\/wp-json\/wp\/v2\/media\/41404"}],"wp:attachment":[{"href":"https:\/\/pranarom.ca\/fr\/wp-json\/wp\/v2\/media?parent=34977"}],"wp:term":[{"taxonomy":"product_cat","embeddable":true,"href":"https:\/\/pranarom.ca\/fr\/wp-json\/wp\/v2\/product_cat?post=34977"},{"taxonomy":"product_tag","embeddable":true,"href":"https:\/\/pranarom.ca\/fr\/wp-json\/wp\/v2\/product_tag?post=34977"}],"curies":[{"name":"wp","href":"https:\/\/api.w.org\/{rel}","templated":true}]}}