{"id":34973,"date":"2015-12-30T00:00:00","date_gmt":"2015-12-30T00:00:00","guid":{"rendered":"https:\/\/pranarom.ca\/?post_type=product&#038;p=34973"},"modified":"2022-03-28T17:19:00","modified_gmt":"2022-03-28T17:19:00","slug":"aromavita-15-relaxation","status":"publish","type":"product","link":"https:\/\/pranarom.ca\/fr\/produit\/aromavita-15-relaxation\/","title":{"rendered":"Aromavita 15 &#8211; Relaxation"},"content":{"rendered":"<p><strong>Utilis\u00e9 en aromath\u00e9rapie comme nervin\/calmant pour aider \u00e0 soulager la nervosit\u00e9 et l&#8217;irritabilit\u00e9, de m\u00eame que pour promouvoir la d\u00e9tente et un sommeil r\u00e9parateur.<\/strong><\/p>\n<p>Les AROMAVITA de Pranar\u014dm sont des m\u00e9langes d\u2019huiles essentielles ch\u00e9motyp\u00e9es 100% pures et naturelles, destin\u00e9s \u00eatre m\u00e9lang\u00e9s dans une huile v\u00e9g\u00e9tale et appliqu\u00e9s sur la peau en massage plus ou moins appuy\u00e9s.<\/p>\n<hr \/>\n<h2>Ingr\u00e9dients :<\/h2>\n<p><em>Citrus reticulata<\/em> (orange de mandarine) (pelure du fruit) 50%, <em>Citrus reticulata<\/em> (orange de mandarine) (feuille) 10%, <em>Lavandula x intermedia<\/em> (huile essentielle de Lavandin) (sommit\u00e9 en fleurs) 30%, <em>Cananga odorata<\/em> (huile essentielle d\u2019ilang-ilang) (fleur) 5%, <em>Chamaemelum nobile<\/em> (huile essentielle de camomille romaine) (sommit\u00e9 en fleurs) 5%.<\/p>\n<hr \/>\n<h2>Mode d&#8217;emploi\u00a0:<\/h2>\n<p>Adultes (\u2265 18 ans)\u00a0: <strong>Inhalation directe\u00a0:<\/strong> appliquer 1 \u00e0 6 gouttes d\u2019huile essentielle non dilu\u00e9e sur un mouchoir et inhaler occasionnellement jusqu\u2019\u00e0 3 fois par jour.<\/p>\n<p><strong>Inhalation de vapeur\u00a0:<\/strong> ajouter 3-12 gouttes d\u2019huile essentielle non dilu\u00e9e \u00e0 un bol d\u2019eau bouillante jusqu\u2019\u00e0 3 fois par jour. Inhaler lentement et profond\u00e9ment pendant 5-10 minutes.<\/p>\n<p>Pour un usage occasionnel seulement. Ne pas utiliser par voie orale. \u00c9viter tout contact avec les yeux et les muqueuses; le cas \u00e9ch\u00e9ant, rincer abondamment avec de l\u2019huile v\u00e9g\u00e9tale. Entreposer \u00e0 la temp\u00e9rature ambiante.<\/p>\n<hr \/>\n<h2>Pr\u00e9cautions et mises en garde :<\/h2>\n<p>Garder hors de la port\u00e9e des enfants. En cas d\u2019ingestion accidentelle, demander des soins m\u00e9dicaux d\u2019urgence ou appeler un Centre Antipoison. Si les sympt\u00f4mes persistent ou s\u2019aggravent, consulter un praticien de soins de sant\u00e9. Si vous souffrez d\u2019\u00e9pilepsie ou d\u2019asthme, consulter un praticien de soins de sant\u00e9 d\u2019en faire l\u2019usage.<\/p>\n<hr \/>\n<h2>Contre-indications\u00a0:<\/h2>\n<p>Si vous \u00eates enceinte ou allaitez, ne pas utiliser ce produit.<\/p>\n<hr \/>\n<h2>R\u00e9actions ind\u00e9sirables connues\u00a0:<\/h2>\n<p>Si des naus\u00e9es, des \u00e9tourdissements, des maux de t\u00eate, une r\u00e9action allergique se manifestent, cesser l\u2019usage.<\/p>\n<hr \/>\n<h2>NPN :<\/h2>\n<p>80070401<\/p>\n","protected":false},"excerpt":{"rendered":"<p><strong>Utilis\u00e9 en aromath\u00e9rapie comme nervin\/calmant pour aider \u00e0 soulager la nervosit\u00e9 et l&#8217;irritabilit\u00e9, de m\u00eame que pour promouvoir la d\u00e9tente et un sommeil r\u00e9parateur.<\/strong><\/p>\n<p>Complexes d\u2019huiles essentielles ch\u00e9motyp\u00e9es 100% pures et naturelles<\/p>\n<p>Aromavita 15 | 10 ml<\/p>\n","protected":false},"featured_media":41412,"comment_status":"open","ping_status":"closed","template":"","meta":{"_et_pb_use_builder":"","_et_pb_old_content":"","_et_gb_content_width":""},"product_cat":[326,331],"product_tag":[],"acf":[],"yoast_head":"<!-- This site is optimized with the Yoast SEO plugin v22.6 - https:\/\/yoast.com\/wordpress\/plugins\/seo\/ -->\n<title>Relaxation par Pranarom |Complexes d&#039;huiles essentielles BIO<\/title>\n<meta name=\"description\" content=\"Achetez Relaxation par Pranarom et b\u00e9n\u00e9ficiez d&#039;une livraison rapide. N&#039;h\u00e9sitez pas \u00e0 magasiner d&#039;autres complexes d&#039;huiles essentielles chez Pranarom.ca\" \/>\n<meta name=\"robots\" content=\"index, follow, max-snippet:-1, max-image-preview:large, max-video-preview:-1\" \/>\n<link rel=\"canonical\" href=\"https:\/\/pranarom.ca\/fr\/produit\/aromavita-15-relaxation\/\" \/>\n<meta property=\"og:locale\" content=\"fr_FR\" \/>\n<meta property=\"og:type\" content=\"article\" \/>\n<meta property=\"og:title\" content=\"Relaxation par Pranarom |Complexes d&#039;huiles essentielles BIO\" \/>\n<meta property=\"og:description\" content=\"Achetez Relaxation par Pranarom et b\u00e9n\u00e9ficiez d&#039;une livraison rapide. N&#039;h\u00e9sitez pas \u00e0 magasiner d&#039;autres complexes d&#039;huiles essentielles chez Pranarom.ca\" \/>\n<meta property=\"og:url\" content=\"https:\/\/pranarom.ca\/fr\/produit\/aromavita-15-relaxation\/\" \/>\n<meta property=\"og:site_name\" content=\"Pranarom\" \/>\n<meta property=\"article:publisher\" content=\"https:\/\/www.facebook.com\/PranaromCanada\" \/>\n<meta property=\"article:modified_time\" content=\"2022-03-28T17:19:00+00:00\" \/>\n<meta property=\"og:image\" content=\"https:\/\/pranarom.ca\/wp-content\/uploads\/2015\/12\/P-AV15_FR-NPN.jpg\" \/>\n\t<meta property=\"og:image:width\" content=\"1000\" \/>\n\t<meta property=\"og:image:height\" content=\"1000\" \/>\n\t<meta property=\"og:image:type\" content=\"image\/jpeg\" \/>\n<meta name=\"twitter:card\" content=\"summary_large_image\" \/>\n<meta name=\"twitter:label1\" content=\"Dur\u00e9e de lecture estim\u00e9e\" \/>\n\t<meta name=\"twitter:data1\" content=\"2 minutes\" \/>\n<script type=\"application\/ld+json\" class=\"yoast-schema-graph\">{\"@context\":\"https:\/\/schema.org\",\"@graph\":[{\"@type\":\"WebPage\",\"@id\":\"https:\/\/pranarom.ca\/fr\/produit\/aromavita-15-relaxation\/\",\"url\":\"https:\/\/pranarom.ca\/fr\/produit\/aromavita-15-relaxation\/\",\"name\":\"Relaxation par Pranarom |Complexes d'huiles essentielles BIO\",\"isPartOf\":{\"@id\":\"https:\/\/pranarom.ca\/#website\"},\"primaryImageOfPage\":{\"@id\":\"https:\/\/pranarom.ca\/fr\/produit\/aromavita-15-relaxation\/#primaryimage\"},\"image\":{\"@id\":\"https:\/\/pranarom.ca\/fr\/produit\/aromavita-15-relaxation\/#primaryimage\"},\"thumbnailUrl\":\"https:\/\/pranarom.ca\/wp-content\/uploads\/2015\/12\/P-AV15_FR-NPN.jpg\",\"datePublished\":\"2015-12-30T00:00:00+00:00\",\"dateModified\":\"2022-03-28T17:19:00+00:00\",\"description\":\"Achetez Relaxation par Pranarom et b\u00e9n\u00e9ficiez d'une livraison rapide. N'h\u00e9sitez pas \u00e0 magasiner d'autres complexes d'huiles essentielles chez Pranarom.ca\",\"breadcrumb\":{\"@id\":\"https:\/\/pranarom.ca\/fr\/produit\/aromavita-15-relaxation\/#breadcrumb\"},\"inLanguage\":\"fr-FR\",\"potentialAction\":[{\"@type\":\"ReadAction\",\"target\":[\"https:\/\/pranarom.ca\/fr\/produit\/aromavita-15-relaxation\/\"]}]},{\"@type\":\"ImageObject\",\"inLanguage\":\"fr-FR\",\"@id\":\"https:\/\/pranarom.ca\/fr\/produit\/aromavita-15-relaxation\/#primaryimage\",\"url\":\"https:\/\/pranarom.ca\/wp-content\/uploads\/2015\/12\/P-AV15_FR-NPN.jpg\",\"contentUrl\":\"https:\/\/pranarom.ca\/wp-content\/uploads\/2015\/12\/P-AV15_FR-NPN.jpg\",\"width\":1000,\"height\":1000},{\"@type\":\"BreadcrumbList\",\"@id\":\"https:\/\/pranarom.ca\/fr\/produit\/aromavita-15-relaxation\/#breadcrumb\",\"itemListElement\":[{\"@type\":\"ListItem\",\"position\":1,\"name\":\"Home\",\"item\":\"https:\/\/pranarom.ca\/fr\/\"},{\"@type\":\"ListItem\",\"position\":2,\"name\":\"Shop\",\"item\":\"https:\/\/pranarom.ca\/shop\/\"},{\"@type\":\"ListItem\",\"position\":3,\"name\":\"Aromavita 15 &#8211; Relaxation\"}]},{\"@type\":\"WebSite\",\"@id\":\"https:\/\/pranarom.ca\/#website\",\"url\":\"https:\/\/pranarom.ca\/\",\"name\":\"Pranarom Canada\",\"description\":\"Scientific Aromatherapyy\",\"publisher\":{\"@id\":\"https:\/\/pranarom.ca\/#organization\"},\"potentialAction\":[{\"@type\":\"SearchAction\",\"target\":{\"@type\":\"EntryPoint\",\"urlTemplate\":\"https:\/\/pranarom.ca\/?s={search_term_string}\"},\"query-input\":\"required name=search_term_string\"}],\"inLanguage\":\"fr-FR\"},{\"@type\":\"Organization\",\"@id\":\"https:\/\/pranarom.ca\/#organization\",\"name\":\"Pranarom\",\"url\":\"https:\/\/pranarom.ca\/\",\"logo\":{\"@type\":\"ImageObject\",\"inLanguage\":\"fr-FR\",\"@id\":\"https:\/\/pranarom.ca\/#\/schema\/logo\/image\/\",\"url\":\"https:\/\/pranarom.ca\/wp-content\/uploads\/2019\/03\/pranalogo.png\",\"contentUrl\":\"https:\/\/pranarom.ca\/wp-content\/uploads\/2019\/03\/pranalogo.png\",\"width\":330,\"height\":100,\"caption\":\"Pranarom\"},\"image\":{\"@id\":\"https:\/\/pranarom.ca\/#\/schema\/logo\/image\/\"},\"sameAs\":[\"https:\/\/www.facebook.com\/PranaromCanada\",\"http:\/\/instagram.com\/pranaromcanada\/\",\"https:\/\/www.instagram.com\/pranaromcanada\/\"]}]}<\/script>\n<!-- \/ Yoast SEO plugin. -->","yoast_head_json":{"title":"Relaxation par Pranarom |Complexes d'huiles essentielles BIO","description":"Achetez Relaxation par Pranarom et b\u00e9n\u00e9ficiez d'une livraison rapide. N'h\u00e9sitez pas \u00e0 magasiner d'autres complexes d'huiles essentielles chez Pranarom.ca","robots":{"index":"index","follow":"follow","max-snippet":"max-snippet:-1","max-image-preview":"max-image-preview:large","max-video-preview":"max-video-preview:-1"},"canonical":"https:\/\/pranarom.ca\/fr\/produit\/aromavita-15-relaxation\/","og_locale":"fr_FR","og_type":"article","og_title":"Relaxation par Pranarom |Complexes d'huiles essentielles BIO","og_description":"Achetez Relaxation par Pranarom et b\u00e9n\u00e9ficiez d'une livraison rapide. N'h\u00e9sitez pas \u00e0 magasiner d'autres complexes d'huiles essentielles chez Pranarom.ca","og_url":"https:\/\/pranarom.ca\/fr\/produit\/aromavita-15-relaxation\/","og_site_name":"Pranarom","article_publisher":"https:\/\/www.facebook.com\/PranaromCanada","article_modified_time":"2022-03-28T17:19:00+00:00","og_image":[{"width":1000,"height":1000,"url":"https:\/\/pranarom.ca\/wp-content\/uploads\/2015\/12\/P-AV15_FR-NPN.jpg","type":"image\/jpeg"}],"twitter_card":"summary_large_image","twitter_misc":{"Dur\u00e9e de lecture estim\u00e9e":"2 minutes"},"schema":{"@context":"https:\/\/schema.org","@graph":[{"@type":"WebPage","@id":"https:\/\/pranarom.ca\/fr\/produit\/aromavita-15-relaxation\/","url":"https:\/\/pranarom.ca\/fr\/produit\/aromavita-15-relaxation\/","name":"Relaxation par Pranarom |Complexes d'huiles essentielles BIO","isPartOf":{"@id":"https:\/\/pranarom.ca\/#website"},"primaryImageOfPage":{"@id":"https:\/\/pranarom.ca\/fr\/produit\/aromavita-15-relaxation\/#primaryimage"},"image":{"@id":"https:\/\/pranarom.ca\/fr\/produit\/aromavita-15-relaxation\/#primaryimage"},"thumbnailUrl":"https:\/\/pranarom.ca\/wp-content\/uploads\/2015\/12\/P-AV15_FR-NPN.jpg","datePublished":"2015-12-30T00:00:00+00:00","dateModified":"2022-03-28T17:19:00+00:00","description":"Achetez Relaxation par Pranarom et b\u00e9n\u00e9ficiez d'une livraison rapide. N'h\u00e9sitez pas \u00e0 magasiner d'autres complexes d'huiles essentielles chez Pranarom.ca","breadcrumb":{"@id":"https:\/\/pranarom.ca\/fr\/produit\/aromavita-15-relaxation\/#breadcrumb"},"inLanguage":"fr-FR","potentialAction":[{"@type":"ReadAction","target":["https:\/\/pranarom.ca\/fr\/produit\/aromavita-15-relaxation\/"]}]},{"@type":"ImageObject","inLanguage":"fr-FR","@id":"https:\/\/pranarom.ca\/fr\/produit\/aromavita-15-relaxation\/#primaryimage","url":"https:\/\/pranarom.ca\/wp-content\/uploads\/2015\/12\/P-AV15_FR-NPN.jpg","contentUrl":"https:\/\/pranarom.ca\/wp-content\/uploads\/2015\/12\/P-AV15_FR-NPN.jpg","width":1000,"height":1000},{"@type":"BreadcrumbList","@id":"https:\/\/pranarom.ca\/fr\/produit\/aromavita-15-relaxation\/#breadcrumb","itemListElement":[{"@type":"ListItem","position":1,"name":"Home","item":"https:\/\/pranarom.ca\/fr\/"},{"@type":"ListItem","position":2,"name":"Shop","item":"https:\/\/pranarom.ca\/shop\/"},{"@type":"ListItem","position":3,"name":"Aromavita 15 &#8211; Relaxation"}]},{"@type":"WebSite","@id":"https:\/\/pranarom.ca\/#website","url":"https:\/\/pranarom.ca\/","name":"Pranarom Canada","description":"Scientific Aromatherapyy","publisher":{"@id":"https:\/\/pranarom.ca\/#organization"},"potentialAction":[{"@type":"SearchAction","target":{"@type":"EntryPoint","urlTemplate":"https:\/\/pranarom.ca\/?s={search_term_string}"},"query-input":"required name=search_term_string"}],"inLanguage":"fr-FR"},{"@type":"Organization","@id":"https:\/\/pranarom.ca\/#organization","name":"Pranarom","url":"https:\/\/pranarom.ca\/","logo":{"@type":"ImageObject","inLanguage":"fr-FR","@id":"https:\/\/pranarom.ca\/#\/schema\/logo\/image\/","url":"https:\/\/pranarom.ca\/wp-content\/uploads\/2019\/03\/pranalogo.png","contentUrl":"https:\/\/pranarom.ca\/wp-content\/uploads\/2019\/03\/pranalogo.png","width":330,"height":100,"caption":"Pranarom"},"image":{"@id":"https:\/\/pranarom.ca\/#\/schema\/logo\/image\/"},"sameAs":["https:\/\/www.facebook.com\/PranaromCanada","http:\/\/instagram.com\/pranaromcanada\/","https:\/\/www.instagram.com\/pranaromcanada\/"]}]}},"jetpack_sharing_enabled":true,"_links":{"self":[{"href":"https:\/\/pranarom.ca\/fr\/wp-json\/wp\/v2\/product\/34973"}],"collection":[{"href":"https:\/\/pranarom.ca\/fr\/wp-json\/wp\/v2\/product"}],"about":[{"href":"https:\/\/pranarom.ca\/fr\/wp-json\/wp\/v2\/types\/product"}],"replies":[{"embeddable":true,"href":"https:\/\/pranarom.ca\/fr\/wp-json\/wp\/v2\/comments?post=34973"}],"wp:featuredmedia":[{"embeddable":true,"href":"https:\/\/pranarom.ca\/fr\/wp-json\/wp\/v2\/media\/41412"}],"wp:attachment":[{"href":"https:\/\/pranarom.ca\/fr\/wp-json\/wp\/v2\/media?parent=34973"}],"wp:term":[{"taxonomy":"product_cat","embeddable":true,"href":"https:\/\/pranarom.ca\/fr\/wp-json\/wp\/v2\/product_cat?post=34973"},{"taxonomy":"product_tag","embeddable":true,"href":"https:\/\/pranarom.ca\/fr\/wp-json\/wp\/v2\/product_tag?post=34973"}],"curies":[{"name":"wp","href":"https:\/\/api.w.org\/{rel}","templated":true}]}}