{"id":34970,"date":"2015-12-30T00:00:00","date_gmt":"2015-12-30T00:00:00","guid":{"rendered":"https:\/\/pranarom.ca\/?post_type=product&#038;p=34970"},"modified":"2022-03-28T17:18:24","modified_gmt":"2022-03-28T17:18:24","slug":"aromavita-6-rhume-et-toux","status":"publish","type":"product","link":"https:\/\/pranarom.ca\/fr\/produit\/aromavita-6-rhume-et-toux\/","title":{"rendered":"Aromavita 6 &#8211; Rhume et toux"},"content":{"rendered":"<p><strong>Utilis\u00e9 en aromath\u00e9rapie pour aider \u00e0 soulager le rhume et la toux.<\/strong><\/p>\n<p>Les AROMAVITA de Pranar\u014dm sont des m\u00e9langes d\u2019huiles essentielles ch\u00e9motyp\u00e9es 100% pures et naturelles, destin\u00e9s \u00eatre m\u00e9lang\u00e9s dans une huile v\u00e9g\u00e9tale et appliqu\u00e9s sur la peau en massage plus ou moins appuy\u00e9s.<\/p>\n<hr \/>\n<h2>Ingr\u00e9dients :<\/h2>\n<p><em>Eucalyptus radiata<\/em> (huile essentielle d\u2019eucalyptus radi\u00e9) (feuille) 30%, <em>Rosmarinus officinalis<\/em> (huile essentielle de romarin) (sommit\u00e9 en fleurs) 20%, <em>Melaleuca cajuputi<\/em> (huile essentielle de cajuput) (feuille) 20%, <em>Origanum majorana<\/em> (huile essentielle de marjolaine) (sommit\u00e9 en fleurs) 20%. <strong>Ingr\u00e9dients non-m\u00e9dicinaux\u00a0:<\/strong> Huile essentielle d\u2019eucalyptus dives.<\/p>\n<hr \/>\n<h2>Mode d&#8217;emploi :<\/h2>\n<p>Adultes (\u2265 18 ans) : <strong>Application topique locale :<\/strong> ajouter 1-4 gouttes \u00e0 5 ml d\u2019huile v\u00e9g\u00e9tale neutre et appliquer sur le thorax ou les poignets jusqu\u2019\u00e0 3 fois par jour. Ne pas utiliser l\u2019huile essentielle non dilu\u00e9e.<\/p>\n<p><strong>Inhalation directe<\/strong> : appliquer 1-6 gouttes d\u2019huile essentielle non dilu\u00e9e sur un mouchoir et inhaler occasionnellement jusqu\u2019\u00e0 3 fois par jour.<\/p>\n<p>Pour usage occasionnel seulement. Ne pas utiliser par voie orale. \u00c9viter tout contact avec les yeux et les muqueuses; le cas \u00e9ch\u00e9ant, rincer abondamment avec de l\u2019huile v\u00e9g\u00e9tale. Entreposer \u00e0 la temp\u00e9rature ambiante.<\/p>\n<p><strong>Pour utilisation dans un diffuseur pour huiles essentielles :<\/strong> 1-6 gouttes peuvent \u00eatre ajout\u00e9es non-dilu\u00e9es dans le diffuseur (ultrasonique, atmosph\u00e9rique).<\/p>\n<hr \/>\n<h2>Pr\u00e9cautions et mises en garde :<\/h2>\n<p>Garder hors de la port\u00e9e des enfants. En cas d\u2019ingestion accidentelle, demander des soins m\u00e9dicaux d\u2019urgence ou appeler un Centre Antipoison. Si les sympt\u00f4mes persistent ou s\u2019aggravent, consulter un praticien de soins de sant\u00e9. Si vous souffrez d\u2019\u00e9pilepsie ou d\u2019asthme, consulter un praticien de soins de sant\u00e9 avant d\u2019en faire l\u2019usage. \u00c9viter d\u2019exposer les r\u00e9gions trait\u00e9es au soleil.<\/p>\n<hr \/>\n<h2><strong>Contre-indications\u00a0: <\/strong><\/h2>\n<p>Si vous \u00eates enceinte ou allaitez, ne pas utiliser ce produit. Si la peau est endommag\u00e9e, irrit\u00e9e ou sensible, ne pas utiliser ce produit.<\/p>\n<hr \/>\n<h2><strong>R\u00e9actions ind\u00e9sirables connues\u00a0:<\/strong><\/h2>\n<p>Si des naus\u00e9es, des \u00e9tourdissements, des maux de t\u00eate, une r\u00e9action allergique se manifestent, cesser l\u2019usage.<\/p>\n<hr \/>\n<h2>NPN :<\/h2>\n<p>80068817<\/p>\n","protected":false},"excerpt":{"rendered":"<p><strong>Utilis\u00e9 en aromath\u00e9rapie pour aider \u00e0 soulager le rhume et la toux<\/strong><\/p>\n<p>Complexes d\u2019huiles essentielles ch\u00e9motyp\u00e9es 100% pures et naturelles<\/p>\n<p>Aromavita 6 | 10 ml<\/p>\n","protected":false},"featured_media":41418,"comment_status":"open","ping_status":"closed","template":"","meta":{"_et_pb_use_builder":"","_et_pb_old_content":"","_et_gb_content_width":""},"product_cat":[622,326,331],"product_tag":[],"acf":[],"yoast_head":"<!-- This site is optimized with the Yoast SEO plugin v22.6 - https:\/\/yoast.com\/wordpress\/plugins\/seo\/ -->\n<title>Rhume et toux par Pranarom |Complexes d&#039;huiles essentielles BIO<\/title>\n<meta name=\"description\" content=\"Achetez Rhume et toux par Pranarom et b\u00e9n\u00e9ficiez d&#039;une livraison rapide. N&#039;h\u00e9sitez pas \u00e0 magasiner d&#039;autres complexes d&#039;huiles essentielles chez Pranarom.ca\" \/>\n<meta name=\"robots\" content=\"index, follow, max-snippet:-1, max-image-preview:large, max-video-preview:-1\" \/>\n<link rel=\"canonical\" href=\"https:\/\/pranarom.ca\/fr\/produit\/aromavita-6-rhume-et-toux\/\" \/>\n<meta property=\"og:locale\" content=\"fr_FR\" \/>\n<meta property=\"og:type\" content=\"article\" \/>\n<meta property=\"og:title\" content=\"Rhume et toux par Pranarom |Complexes d&#039;huiles essentielles BIO\" \/>\n<meta property=\"og:description\" content=\"Achetez Rhume et toux par Pranarom et b\u00e9n\u00e9ficiez d&#039;une livraison rapide. N&#039;h\u00e9sitez pas \u00e0 magasiner d&#039;autres complexes d&#039;huiles essentielles chez Pranarom.ca\" \/>\n<meta property=\"og:url\" content=\"https:\/\/pranarom.ca\/fr\/produit\/aromavita-6-rhume-et-toux\/\" \/>\n<meta property=\"og:site_name\" content=\"Pranarom\" \/>\n<meta property=\"article:publisher\" content=\"https:\/\/www.facebook.com\/PranaromCanada\" \/>\n<meta property=\"article:modified_time\" content=\"2022-03-28T17:18:24+00:00\" \/>\n<meta property=\"og:image\" content=\"https:\/\/pranarom.ca\/wp-content\/uploads\/2015\/12\/P-AV06_FR.jpg\" \/>\n\t<meta property=\"og:image:width\" content=\"1000\" \/>\n\t<meta property=\"og:image:height\" content=\"1000\" \/>\n\t<meta property=\"og:image:type\" content=\"image\/jpeg\" \/>\n<meta name=\"twitter:card\" content=\"summary_large_image\" \/>\n<meta name=\"twitter:label1\" content=\"Dur\u00e9e de lecture estim\u00e9e\" \/>\n\t<meta name=\"twitter:data1\" content=\"2 minutes\" \/>\n<script type=\"application\/ld+json\" class=\"yoast-schema-graph\">{\"@context\":\"https:\/\/schema.org\",\"@graph\":[{\"@type\":\"WebPage\",\"@id\":\"https:\/\/pranarom.ca\/fr\/produit\/aromavita-6-rhume-et-toux\/\",\"url\":\"https:\/\/pranarom.ca\/fr\/produit\/aromavita-6-rhume-et-toux\/\",\"name\":\"Rhume et toux par Pranarom |Complexes d'huiles essentielles BIO\",\"isPartOf\":{\"@id\":\"https:\/\/pranarom.ca\/#website\"},\"primaryImageOfPage\":{\"@id\":\"https:\/\/pranarom.ca\/fr\/produit\/aromavita-6-rhume-et-toux\/#primaryimage\"},\"image\":{\"@id\":\"https:\/\/pranarom.ca\/fr\/produit\/aromavita-6-rhume-et-toux\/#primaryimage\"},\"thumbnailUrl\":\"https:\/\/pranarom.ca\/wp-content\/uploads\/2015\/12\/P-AV06_FR.jpg\",\"datePublished\":\"2015-12-30T00:00:00+00:00\",\"dateModified\":\"2022-03-28T17:18:24+00:00\",\"description\":\"Achetez Rhume et toux par Pranarom et b\u00e9n\u00e9ficiez d'une livraison rapide. N'h\u00e9sitez pas \u00e0 magasiner d'autres complexes d'huiles essentielles chez Pranarom.ca\",\"breadcrumb\":{\"@id\":\"https:\/\/pranarom.ca\/fr\/produit\/aromavita-6-rhume-et-toux\/#breadcrumb\"},\"inLanguage\":\"fr-FR\",\"potentialAction\":[{\"@type\":\"ReadAction\",\"target\":[\"https:\/\/pranarom.ca\/fr\/produit\/aromavita-6-rhume-et-toux\/\"]}]},{\"@type\":\"ImageObject\",\"inLanguage\":\"fr-FR\",\"@id\":\"https:\/\/pranarom.ca\/fr\/produit\/aromavita-6-rhume-et-toux\/#primaryimage\",\"url\":\"https:\/\/pranarom.ca\/wp-content\/uploads\/2015\/12\/P-AV06_FR.jpg\",\"contentUrl\":\"https:\/\/pranarom.ca\/wp-content\/uploads\/2015\/12\/P-AV06_FR.jpg\",\"width\":1000,\"height\":1000},{\"@type\":\"BreadcrumbList\",\"@id\":\"https:\/\/pranarom.ca\/fr\/produit\/aromavita-6-rhume-et-toux\/#breadcrumb\",\"itemListElement\":[{\"@type\":\"ListItem\",\"position\":1,\"name\":\"Home\",\"item\":\"https:\/\/pranarom.ca\/fr\/\"},{\"@type\":\"ListItem\",\"position\":2,\"name\":\"Shop\",\"item\":\"https:\/\/pranarom.ca\/shop\/\"},{\"@type\":\"ListItem\",\"position\":3,\"name\":\"Aromavita 6 &#8211; Rhume et toux\"}]},{\"@type\":\"WebSite\",\"@id\":\"https:\/\/pranarom.ca\/#website\",\"url\":\"https:\/\/pranarom.ca\/\",\"name\":\"Pranarom Canada\",\"description\":\"Scientific Aromatherapyy\",\"publisher\":{\"@id\":\"https:\/\/pranarom.ca\/#organization\"},\"potentialAction\":[{\"@type\":\"SearchAction\",\"target\":{\"@type\":\"EntryPoint\",\"urlTemplate\":\"https:\/\/pranarom.ca\/?s={search_term_string}\"},\"query-input\":\"required name=search_term_string\"}],\"inLanguage\":\"fr-FR\"},{\"@type\":\"Organization\",\"@id\":\"https:\/\/pranarom.ca\/#organization\",\"name\":\"Pranarom\",\"url\":\"https:\/\/pranarom.ca\/\",\"logo\":{\"@type\":\"ImageObject\",\"inLanguage\":\"fr-FR\",\"@id\":\"https:\/\/pranarom.ca\/#\/schema\/logo\/image\/\",\"url\":\"https:\/\/pranarom.ca\/wp-content\/uploads\/2019\/03\/pranalogo.png\",\"contentUrl\":\"https:\/\/pranarom.ca\/wp-content\/uploads\/2019\/03\/pranalogo.png\",\"width\":330,\"height\":100,\"caption\":\"Pranarom\"},\"image\":{\"@id\":\"https:\/\/pranarom.ca\/#\/schema\/logo\/image\/\"},\"sameAs\":[\"https:\/\/www.facebook.com\/PranaromCanada\",\"http:\/\/instagram.com\/pranaromcanada\/\",\"https:\/\/www.instagram.com\/pranaromcanada\/\"]}]}<\/script>\n<!-- \/ Yoast SEO plugin. -->","yoast_head_json":{"title":"Rhume et toux par Pranarom |Complexes d'huiles essentielles BIO","description":"Achetez Rhume et toux par Pranarom et b\u00e9n\u00e9ficiez d'une livraison rapide. N'h\u00e9sitez pas \u00e0 magasiner d'autres complexes d'huiles essentielles chez Pranarom.ca","robots":{"index":"index","follow":"follow","max-snippet":"max-snippet:-1","max-image-preview":"max-image-preview:large","max-video-preview":"max-video-preview:-1"},"canonical":"https:\/\/pranarom.ca\/fr\/produit\/aromavita-6-rhume-et-toux\/","og_locale":"fr_FR","og_type":"article","og_title":"Rhume et toux par Pranarom |Complexes d'huiles essentielles BIO","og_description":"Achetez Rhume et toux par Pranarom et b\u00e9n\u00e9ficiez d'une livraison rapide. N'h\u00e9sitez pas \u00e0 magasiner d'autres complexes d'huiles essentielles chez Pranarom.ca","og_url":"https:\/\/pranarom.ca\/fr\/produit\/aromavita-6-rhume-et-toux\/","og_site_name":"Pranarom","article_publisher":"https:\/\/www.facebook.com\/PranaromCanada","article_modified_time":"2022-03-28T17:18:24+00:00","og_image":[{"width":1000,"height":1000,"url":"https:\/\/pranarom.ca\/wp-content\/uploads\/2015\/12\/P-AV06_FR.jpg","type":"image\/jpeg"}],"twitter_card":"summary_large_image","twitter_misc":{"Dur\u00e9e de lecture estim\u00e9e":"2 minutes"},"schema":{"@context":"https:\/\/schema.org","@graph":[{"@type":"WebPage","@id":"https:\/\/pranarom.ca\/fr\/produit\/aromavita-6-rhume-et-toux\/","url":"https:\/\/pranarom.ca\/fr\/produit\/aromavita-6-rhume-et-toux\/","name":"Rhume et toux par Pranarom |Complexes d'huiles essentielles BIO","isPartOf":{"@id":"https:\/\/pranarom.ca\/#website"},"primaryImageOfPage":{"@id":"https:\/\/pranarom.ca\/fr\/produit\/aromavita-6-rhume-et-toux\/#primaryimage"},"image":{"@id":"https:\/\/pranarom.ca\/fr\/produit\/aromavita-6-rhume-et-toux\/#primaryimage"},"thumbnailUrl":"https:\/\/pranarom.ca\/wp-content\/uploads\/2015\/12\/P-AV06_FR.jpg","datePublished":"2015-12-30T00:00:00+00:00","dateModified":"2022-03-28T17:18:24+00:00","description":"Achetez Rhume et toux par Pranarom et b\u00e9n\u00e9ficiez d'une livraison rapide. N'h\u00e9sitez pas \u00e0 magasiner d'autres complexes d'huiles essentielles chez Pranarom.ca","breadcrumb":{"@id":"https:\/\/pranarom.ca\/fr\/produit\/aromavita-6-rhume-et-toux\/#breadcrumb"},"inLanguage":"fr-FR","potentialAction":[{"@type":"ReadAction","target":["https:\/\/pranarom.ca\/fr\/produit\/aromavita-6-rhume-et-toux\/"]}]},{"@type":"ImageObject","inLanguage":"fr-FR","@id":"https:\/\/pranarom.ca\/fr\/produit\/aromavita-6-rhume-et-toux\/#primaryimage","url":"https:\/\/pranarom.ca\/wp-content\/uploads\/2015\/12\/P-AV06_FR.jpg","contentUrl":"https:\/\/pranarom.ca\/wp-content\/uploads\/2015\/12\/P-AV06_FR.jpg","width":1000,"height":1000},{"@type":"BreadcrumbList","@id":"https:\/\/pranarom.ca\/fr\/produit\/aromavita-6-rhume-et-toux\/#breadcrumb","itemListElement":[{"@type":"ListItem","position":1,"name":"Home","item":"https:\/\/pranarom.ca\/fr\/"},{"@type":"ListItem","position":2,"name":"Shop","item":"https:\/\/pranarom.ca\/shop\/"},{"@type":"ListItem","position":3,"name":"Aromavita 6 &#8211; Rhume et toux"}]},{"@type":"WebSite","@id":"https:\/\/pranarom.ca\/#website","url":"https:\/\/pranarom.ca\/","name":"Pranarom Canada","description":"Scientific Aromatherapyy","publisher":{"@id":"https:\/\/pranarom.ca\/#organization"},"potentialAction":[{"@type":"SearchAction","target":{"@type":"EntryPoint","urlTemplate":"https:\/\/pranarom.ca\/?s={search_term_string}"},"query-input":"required name=search_term_string"}],"inLanguage":"fr-FR"},{"@type":"Organization","@id":"https:\/\/pranarom.ca\/#organization","name":"Pranarom","url":"https:\/\/pranarom.ca\/","logo":{"@type":"ImageObject","inLanguage":"fr-FR","@id":"https:\/\/pranarom.ca\/#\/schema\/logo\/image\/","url":"https:\/\/pranarom.ca\/wp-content\/uploads\/2019\/03\/pranalogo.png","contentUrl":"https:\/\/pranarom.ca\/wp-content\/uploads\/2019\/03\/pranalogo.png","width":330,"height":100,"caption":"Pranarom"},"image":{"@id":"https:\/\/pranarom.ca\/#\/schema\/logo\/image\/"},"sameAs":["https:\/\/www.facebook.com\/PranaromCanada","http:\/\/instagram.com\/pranaromcanada\/","https:\/\/www.instagram.com\/pranaromcanada\/"]}]}},"jetpack_sharing_enabled":true,"_links":{"self":[{"href":"https:\/\/pranarom.ca\/fr\/wp-json\/wp\/v2\/product\/34970"}],"collection":[{"href":"https:\/\/pranarom.ca\/fr\/wp-json\/wp\/v2\/product"}],"about":[{"href":"https:\/\/pranarom.ca\/fr\/wp-json\/wp\/v2\/types\/product"}],"replies":[{"embeddable":true,"href":"https:\/\/pranarom.ca\/fr\/wp-json\/wp\/v2\/comments?post=34970"}],"wp:featuredmedia":[{"embeddable":true,"href":"https:\/\/pranarom.ca\/fr\/wp-json\/wp\/v2\/media\/41418"}],"wp:attachment":[{"href":"https:\/\/pranarom.ca\/fr\/wp-json\/wp\/v2\/media?parent=34970"}],"wp:term":[{"taxonomy":"product_cat","embeddable":true,"href":"https:\/\/pranarom.ca\/fr\/wp-json\/wp\/v2\/product_cat?post=34970"},{"taxonomy":"product_tag","embeddable":true,"href":"https:\/\/pranarom.ca\/fr\/wp-json\/wp\/v2\/product_tag?post=34970"}],"curies":[{"name":"wp","href":"https:\/\/api.w.org\/{rel}","templated":true}]}}