{"id":34940,"date":"2015-12-30T00:00:00","date_gmt":"2015-12-30T00:00:00","guid":{"rendered":"https:\/\/pranarom.ca\/?post_type=product&#038;p=34940"},"modified":"2022-03-28T18:17:15","modified_gmt":"2022-03-28T18:17:15","slug":"rose-de-damas-10-pre-diluee-p-e50","status":"publish","type":"product","link":"https:\/\/pranarom.ca\/fr\/produit\/rose-de-damas-10-pre-diluee-p-e50\/","title":{"rendered":"Rose de Damas (10% pr\u00e9-dilu\u00e9e)"},"content":{"rendered":"<h2>Ingr\u00e9dients :<\/h2>\n<p><em>Rosa damascena<\/em> flower oil*, <em>Prunus armeniaca<\/em> kernel oil*, Tocopherol.<\/p>\n<p><em>*Ingr\u00e9dient issu de l\u2019agriculture biologique (contr\u00f4le Certisys BE-BIO-01)<br \/>\n<\/em><em>BIO signifie : issu de l\u2019agriculture biologique (contr\u00f4le Certisys BE-BIO-01)<\/em><\/p>\n<hr \/>\n<h2>Conseils d\u2019utilisation :<\/h2>\n<p><strong>Pour massage local : <\/strong>2-4 gouttes.<\/p>\n<p><strong>Pour massage corporel : <\/strong>2 ml.<\/p>\n<p>Un test cutan\u00e9 est recommande\u0301 pour les peaux sensibles.<\/p>\n<hr \/>\n<h2>Pr\u00e9cautions d&#8217;emploi :<\/h2>\n<p>Garder hors de la porte\u0301e des enfants.<\/p>\n<p>Usage externe seulement.<\/p>\n<p>Ne pas prendre par voie orale.<\/p>\n<p>Ne pas utiliser d\u2019huiles essentielles non dilu\u00e9es.<\/p>\n<p>En cas d\u2019ingestion, chercher de l\u2019aide m\u00e9dicale de toute urgence ou consulter un centre antipoison.<\/p>\n<p>Si vous souffrez d\u2019\u00e9pilepsie ou d\u2019asthme, consulter un praticien en soins de sante\u0301 avant l\u2019utilisation.<\/p>\n<p>\u00c9viter le contact avec les yeux et les muqueuses ; en cas de contact, rincer abondamment avec de l\u2019eau ou de l\u2019huile v\u00e9g\u00e9tale.<\/p>\n<p>\u00c9viter l\u2019exposition au soleil des r\u00e9gions affect\u00e9es.<\/p>\n<p>Ne pas utiliser pendant la grossesse ou l\u2019allaitement et ne pas donner aux enfants de moins de 6 ans.<\/p>\n<p>Si vous avez des naus\u00e9es, des \u00e9tourdissements, des maux de t\u00eate ou une r\u00e9action allergique, cessez l&#8217;utilisation.<\/p>\n","protected":false},"excerpt":{"rendered":"<p><strong>Huile essentielle ch\u00e9motyp\u00e9e<\/strong>\u00a0<strong>100% pure et naturelle &#8211; biologique<\/strong><br \/>\n<strong>10% Pr\u00e9-dilu\u00e9e dans l&#8217;huile d&#8217;abricot<\/strong><\/p>\n<p>Utilis\u00e9 pour les massages locaux et corporels.<\/p>\n<p>Rosa damascena \u2212 Fleur<br \/>\nN\u00e9rol, g\u00e9raniol, citronnellol<\/p>\n<p>5 ml<\/p>\n","protected":false},"featured_media":1907,"comment_status":"open","ping_status":"open","template":"","meta":{"_et_pb_use_builder":"","_et_pb_old_content":"","_et_gb_content_width":""},"product_cat":[326,332],"product_tag":[],"acf":[],"yoast_head":"<!-- This site is optimized with the Yoast SEO plugin v22.6 - https:\/\/yoast.com\/wordpress\/plugins\/seo\/ -->\n<title>Huile essentielle Rose de Damas (10% pr\u00e9-dilu\u00e9e) par Pranarom Aromath\u00e9rapie<\/title>\n<meta name=\"description\" content=\"Achetez Rose de Damas (10% pr\u00e9-dilu\u00e9e) par Pranarom et b\u00e9n\u00e9ficiez d&#039;une livraison rapide. N&#039;h\u00e9sitez pas \u00e0 magasiner d&#039;autres d&#039;huiles essentielles biologiques chez Pranarom.ca\" \/>\n<meta name=\"robots\" content=\"index, follow, max-snippet:-1, max-image-preview:large, max-video-preview:-1\" \/>\n<link rel=\"canonical\" href=\"https:\/\/pranarom.ca\/fr\/produit\/rose-de-damas-10-pre-diluee-p-e50\/\" \/>\n<meta property=\"og:locale\" content=\"fr_FR\" \/>\n<meta property=\"og:type\" content=\"article\" \/>\n<meta property=\"og:title\" content=\"Huile essentielle Rose de Damas (10% pr\u00e9-dilu\u00e9e) par Pranarom Aromath\u00e9rapie\" \/>\n<meta property=\"og:description\" content=\"Achetez Rose de Damas (10% pr\u00e9-dilu\u00e9e) par Pranarom et b\u00e9n\u00e9ficiez d&#039;une livraison rapide. N&#039;h\u00e9sitez pas \u00e0 magasiner d&#039;autres d&#039;huiles essentielles biologiques chez Pranarom.ca\" \/>\n<meta property=\"og:url\" content=\"https:\/\/pranarom.ca\/fr\/produit\/rose-de-damas-10-pre-diluee-p-e50\/\" \/>\n<meta property=\"og:site_name\" content=\"Pranarom\" \/>\n<meta property=\"article:publisher\" content=\"https:\/\/www.facebook.com\/PranaromCanada\" \/>\n<meta property=\"article:modified_time\" content=\"2022-03-28T18:17:15+00:00\" \/>\n<meta property=\"og:image\" content=\"https:\/\/pranarom.ca\/wp-content\/uploads\/2019\/02\/E50FR.jpg\" \/>\n\t<meta property=\"og:image:width\" content=\"1500\" \/>\n\t<meta property=\"og:image:height\" content=\"1500\" \/>\n\t<meta property=\"og:image:type\" content=\"image\/jpeg\" \/>\n<meta name=\"twitter:card\" content=\"summary_large_image\" \/>\n<meta name=\"twitter:label1\" content=\"Dur\u00e9e de lecture estim\u00e9e\" \/>\n\t<meta name=\"twitter:data1\" content=\"1 minute\" \/>\n<script type=\"application\/ld+json\" class=\"yoast-schema-graph\">{\"@context\":\"https:\/\/schema.org\",\"@graph\":[{\"@type\":\"WebPage\",\"@id\":\"https:\/\/pranarom.ca\/fr\/produit\/rose-de-damas-10-pre-diluee-p-e50\/\",\"url\":\"https:\/\/pranarom.ca\/fr\/produit\/rose-de-damas-10-pre-diluee-p-e50\/\",\"name\":\"Huile essentielle Rose de Damas (10% pr\u00e9-dilu\u00e9e) par Pranarom Aromath\u00e9rapie\",\"isPartOf\":{\"@id\":\"https:\/\/pranarom.ca\/#website\"},\"primaryImageOfPage\":{\"@id\":\"https:\/\/pranarom.ca\/fr\/produit\/rose-de-damas-10-pre-diluee-p-e50\/#primaryimage\"},\"image\":{\"@id\":\"https:\/\/pranarom.ca\/fr\/produit\/rose-de-damas-10-pre-diluee-p-e50\/#primaryimage\"},\"thumbnailUrl\":\"https:\/\/pranarom.ca\/wp-content\/uploads\/2019\/02\/E50FR.jpg\",\"datePublished\":\"2015-12-30T00:00:00+00:00\",\"dateModified\":\"2022-03-28T18:17:15+00:00\",\"description\":\"Achetez Rose de Damas (10% pr\u00e9-dilu\u00e9e) par Pranarom et b\u00e9n\u00e9ficiez d'une livraison rapide. N'h\u00e9sitez pas \u00e0 magasiner d'autres d'huiles essentielles biologiques chez Pranarom.ca\",\"breadcrumb\":{\"@id\":\"https:\/\/pranarom.ca\/fr\/produit\/rose-de-damas-10-pre-diluee-p-e50\/#breadcrumb\"},\"inLanguage\":\"fr-FR\",\"potentialAction\":[{\"@type\":\"ReadAction\",\"target\":[\"https:\/\/pranarom.ca\/fr\/produit\/rose-de-damas-10-pre-diluee-p-e50\/\"]}]},{\"@type\":\"ImageObject\",\"inLanguage\":\"fr-FR\",\"@id\":\"https:\/\/pranarom.ca\/fr\/produit\/rose-de-damas-10-pre-diluee-p-e50\/#primaryimage\",\"url\":\"https:\/\/pranarom.ca\/wp-content\/uploads\/2019\/02\/E50FR.jpg\",\"contentUrl\":\"https:\/\/pranarom.ca\/wp-content\/uploads\/2019\/02\/E50FR.jpg\",\"width\":1500,\"height\":1500},{\"@type\":\"BreadcrumbList\",\"@id\":\"https:\/\/pranarom.ca\/fr\/produit\/rose-de-damas-10-pre-diluee-p-e50\/#breadcrumb\",\"itemListElement\":[{\"@type\":\"ListItem\",\"position\":1,\"name\":\"Home\",\"item\":\"https:\/\/pranarom.ca\/fr\/\"},{\"@type\":\"ListItem\",\"position\":2,\"name\":\"Shop\",\"item\":\"https:\/\/pranarom.ca\/shop\/\"},{\"@type\":\"ListItem\",\"position\":3,\"name\":\"Rose de Damas (10% pr\u00e9-dilu\u00e9e)\"}]},{\"@type\":\"WebSite\",\"@id\":\"https:\/\/pranarom.ca\/#website\",\"url\":\"https:\/\/pranarom.ca\/\",\"name\":\"Pranarom Canada\",\"description\":\"Scientific Aromatherapyy\",\"publisher\":{\"@id\":\"https:\/\/pranarom.ca\/#organization\"},\"potentialAction\":[{\"@type\":\"SearchAction\",\"target\":{\"@type\":\"EntryPoint\",\"urlTemplate\":\"https:\/\/pranarom.ca\/?s={search_term_string}\"},\"query-input\":\"required name=search_term_string\"}],\"inLanguage\":\"fr-FR\"},{\"@type\":\"Organization\",\"@id\":\"https:\/\/pranarom.ca\/#organization\",\"name\":\"Pranarom\",\"url\":\"https:\/\/pranarom.ca\/\",\"logo\":{\"@type\":\"ImageObject\",\"inLanguage\":\"fr-FR\",\"@id\":\"https:\/\/pranarom.ca\/#\/schema\/logo\/image\/\",\"url\":\"https:\/\/pranarom.ca\/wp-content\/uploads\/2019\/03\/pranalogo.png\",\"contentUrl\":\"https:\/\/pranarom.ca\/wp-content\/uploads\/2019\/03\/pranalogo.png\",\"width\":330,\"height\":100,\"caption\":\"Pranarom\"},\"image\":{\"@id\":\"https:\/\/pranarom.ca\/#\/schema\/logo\/image\/\"},\"sameAs\":[\"https:\/\/www.facebook.com\/PranaromCanada\",\"http:\/\/instagram.com\/pranaromcanada\/\",\"https:\/\/www.instagram.com\/pranaromcanada\/\"]}]}<\/script>\n<!-- \/ Yoast SEO plugin. -->","yoast_head_json":{"title":"Huile essentielle Rose de Damas (10% pr\u00e9-dilu\u00e9e) par Pranarom Aromath\u00e9rapie","description":"Achetez Rose de Damas (10% pr\u00e9-dilu\u00e9e) par Pranarom et b\u00e9n\u00e9ficiez d'une livraison rapide. N'h\u00e9sitez pas \u00e0 magasiner d'autres d'huiles essentielles biologiques chez Pranarom.ca","robots":{"index":"index","follow":"follow","max-snippet":"max-snippet:-1","max-image-preview":"max-image-preview:large","max-video-preview":"max-video-preview:-1"},"canonical":"https:\/\/pranarom.ca\/fr\/produit\/rose-de-damas-10-pre-diluee-p-e50\/","og_locale":"fr_FR","og_type":"article","og_title":"Huile essentielle Rose de Damas (10% pr\u00e9-dilu\u00e9e) par Pranarom Aromath\u00e9rapie","og_description":"Achetez Rose de Damas (10% pr\u00e9-dilu\u00e9e) par Pranarom et b\u00e9n\u00e9ficiez d'une livraison rapide. N'h\u00e9sitez pas \u00e0 magasiner d'autres d'huiles essentielles biologiques chez Pranarom.ca","og_url":"https:\/\/pranarom.ca\/fr\/produit\/rose-de-damas-10-pre-diluee-p-e50\/","og_site_name":"Pranarom","article_publisher":"https:\/\/www.facebook.com\/PranaromCanada","article_modified_time":"2022-03-28T18:17:15+00:00","og_image":[{"width":1500,"height":1500,"url":"https:\/\/pranarom.ca\/wp-content\/uploads\/2019\/02\/E50FR.jpg","type":"image\/jpeg"}],"twitter_card":"summary_large_image","twitter_misc":{"Dur\u00e9e de lecture estim\u00e9e":"1 minute"},"schema":{"@context":"https:\/\/schema.org","@graph":[{"@type":"WebPage","@id":"https:\/\/pranarom.ca\/fr\/produit\/rose-de-damas-10-pre-diluee-p-e50\/","url":"https:\/\/pranarom.ca\/fr\/produit\/rose-de-damas-10-pre-diluee-p-e50\/","name":"Huile essentielle Rose de Damas (10% pr\u00e9-dilu\u00e9e) par Pranarom Aromath\u00e9rapie","isPartOf":{"@id":"https:\/\/pranarom.ca\/#website"},"primaryImageOfPage":{"@id":"https:\/\/pranarom.ca\/fr\/produit\/rose-de-damas-10-pre-diluee-p-e50\/#primaryimage"},"image":{"@id":"https:\/\/pranarom.ca\/fr\/produit\/rose-de-damas-10-pre-diluee-p-e50\/#primaryimage"},"thumbnailUrl":"https:\/\/pranarom.ca\/wp-content\/uploads\/2019\/02\/E50FR.jpg","datePublished":"2015-12-30T00:00:00+00:00","dateModified":"2022-03-28T18:17:15+00:00","description":"Achetez Rose de Damas (10% pr\u00e9-dilu\u00e9e) par Pranarom et b\u00e9n\u00e9ficiez d'une livraison rapide. N'h\u00e9sitez pas \u00e0 magasiner d'autres d'huiles essentielles biologiques chez Pranarom.ca","breadcrumb":{"@id":"https:\/\/pranarom.ca\/fr\/produit\/rose-de-damas-10-pre-diluee-p-e50\/#breadcrumb"},"inLanguage":"fr-FR","potentialAction":[{"@type":"ReadAction","target":["https:\/\/pranarom.ca\/fr\/produit\/rose-de-damas-10-pre-diluee-p-e50\/"]}]},{"@type":"ImageObject","inLanguage":"fr-FR","@id":"https:\/\/pranarom.ca\/fr\/produit\/rose-de-damas-10-pre-diluee-p-e50\/#primaryimage","url":"https:\/\/pranarom.ca\/wp-content\/uploads\/2019\/02\/E50FR.jpg","contentUrl":"https:\/\/pranarom.ca\/wp-content\/uploads\/2019\/02\/E50FR.jpg","width":1500,"height":1500},{"@type":"BreadcrumbList","@id":"https:\/\/pranarom.ca\/fr\/produit\/rose-de-damas-10-pre-diluee-p-e50\/#breadcrumb","itemListElement":[{"@type":"ListItem","position":1,"name":"Home","item":"https:\/\/pranarom.ca\/fr\/"},{"@type":"ListItem","position":2,"name":"Shop","item":"https:\/\/pranarom.ca\/shop\/"},{"@type":"ListItem","position":3,"name":"Rose de Damas (10% pr\u00e9-dilu\u00e9e)"}]},{"@type":"WebSite","@id":"https:\/\/pranarom.ca\/#website","url":"https:\/\/pranarom.ca\/","name":"Pranarom Canada","description":"Scientific Aromatherapyy","publisher":{"@id":"https:\/\/pranarom.ca\/#organization"},"potentialAction":[{"@type":"SearchAction","target":{"@type":"EntryPoint","urlTemplate":"https:\/\/pranarom.ca\/?s={search_term_string}"},"query-input":"required name=search_term_string"}],"inLanguage":"fr-FR"},{"@type":"Organization","@id":"https:\/\/pranarom.ca\/#organization","name":"Pranarom","url":"https:\/\/pranarom.ca\/","logo":{"@type":"ImageObject","inLanguage":"fr-FR","@id":"https:\/\/pranarom.ca\/#\/schema\/logo\/image\/","url":"https:\/\/pranarom.ca\/wp-content\/uploads\/2019\/03\/pranalogo.png","contentUrl":"https:\/\/pranarom.ca\/wp-content\/uploads\/2019\/03\/pranalogo.png","width":330,"height":100,"caption":"Pranarom"},"image":{"@id":"https:\/\/pranarom.ca\/#\/schema\/logo\/image\/"},"sameAs":["https:\/\/www.facebook.com\/PranaromCanada","http:\/\/instagram.com\/pranaromcanada\/","https:\/\/www.instagram.com\/pranaromcanada\/"]}]}},"jetpack_sharing_enabled":true,"_links":{"self":[{"href":"https:\/\/pranarom.ca\/fr\/wp-json\/wp\/v2\/product\/34940"}],"collection":[{"href":"https:\/\/pranarom.ca\/fr\/wp-json\/wp\/v2\/product"}],"about":[{"href":"https:\/\/pranarom.ca\/fr\/wp-json\/wp\/v2\/types\/product"}],"replies":[{"embeddable":true,"href":"https:\/\/pranarom.ca\/fr\/wp-json\/wp\/v2\/comments?post=34940"}],"wp:featuredmedia":[{"embeddable":true,"href":"https:\/\/pranarom.ca\/fr\/wp-json\/wp\/v2\/media\/1907"}],"wp:attachment":[{"href":"https:\/\/pranarom.ca\/fr\/wp-json\/wp\/v2\/media?parent=34940"}],"wp:term":[{"taxonomy":"product_cat","embeddable":true,"href":"https:\/\/pranarom.ca\/fr\/wp-json\/wp\/v2\/product_cat?post=34940"},{"taxonomy":"product_tag","embeddable":true,"href":"https:\/\/pranarom.ca\/fr\/wp-json\/wp\/v2\/product_tag?post=34940"}],"curies":[{"name":"wp","href":"https:\/\/api.w.org\/{rel}","templated":true}]}}