{"id":34936,"date":"2015-12-30T00:00:00","date_gmt":"2015-12-30T00:00:00","guid":{"rendered":"https:\/\/pranarom.ca\/?post_type=product&#038;p=34936"},"modified":"2022-03-28T18:19:37","modified_gmt":"2022-03-28T18:19:37","slug":"petitgrain-bigarade-p-e72","status":"publish","type":"product","link":"https:\/\/pranarom.ca\/fr\/produit\/petitgrain-bigarade-p-e72\/","title":{"rendered":"Petitgrain bigarade"},"content":{"rendered":"<h2>Ingr\u00e9dients :<\/h2>\n<p><em>Citrus aurantium*<\/em> (huile essentielle de Petitgrain bigarade) (feuille) 100%<\/p>\n<p><em>*Ingr\u00e9dient issu de l\u2019agriculture biologique (contr\u00f4le Certisys BE-BIO-01)<br \/>\n<\/em><em>BIO signifie : issu de l\u2019agriculture biologique (contr\u00f4le Certisys BE-BIO-01)<\/em><\/p>\n<hr \/>\n<h2>Posologie :<\/h2>\n<p><strong>Adultes (\u2265 18 ans) :<\/strong>\u00a0<strong>Application topique locale :\u00a0<\/strong>ajouter 2-5 gouttes \u00e0 5 ml d\u2019huile v\u00e9g\u00e9tale neutre et appliquer sur la r\u00e9gion affect\u00e9e jusqu&#8217;\u00e0 3 fois par jour.\u00a0Ne pas utiliser l&#8217;huile essentielle non dilu\u00e9e pour usage topique.<\/p>\n<p><strong>Inhalation directe utilis\u00e9 comme nervin et calmant : <\/strong>appliquer 1 \u00e0 6 gouttes d&#8217;huile essentielle non dilu\u00e9e sur un mouchoir et inhaler occasionnellement jusqu\u2019\u00e0 3 fois par jour.<\/p>\n<p>Pour usage prolong\u00e9, consulter un praticien de soins de sant\u00e9.\u00a0Pour usage externe seulement.\u00a0\u00c9viter le contact avec les yeux et les muqueuses ; en cas de contact, rincer abondamment avec de l\u2019huile v\u00e9g\u00e9tale ou de l\u2019eau.\u00a0Entreposer \u00e0 la temperature ambiante.<\/p>\n<p><strong>Pour utilisation dans un diffuseur pour huiles essentielles : <\/strong>1-6 gouttes peuvent \u00eatre ajout\u00e9es non-dilue\u0301es dans le diffuseur (ultrasonique, atmosph\u00e9rique).<\/p>\n<hr \/>\n<h2>Avertissement et mises en garde :<\/h2>\n<p>Garder hors de la porte\u0301e des enfants.\u00a0En cas d\u2019ingestion accidentelle, demander imm\u00e9diatement de l\u2019aide m\u00e9dicale ou contacter un centre antipoison.\u00a0Si les symptoms persistent ou s\u2019aggravent, consulter un praticien de soins de sant\u00e9.\u00a0Si vous souffrez d\u2019\u00e9pilepsie ou d\u2019asthme, consulter un praticien en soins de sante\u0301 avant l\u2019usage.\u00a0Ne pas exposer les regions trait\u00e9es au soleil pendant les 24 \u00e0 48 heures suivant l\u2019application.<\/p>\n<hr \/>\n<h2>Contre-indications :<\/h2>\n<p>N\u2019utiliser pas ce produit si vous \u00eates enceinte ou si vous allaitez.\u00a0N\u2019utiliser pas ce produit si vous avez la peau \u00e9rafl\u00e9e, irrit\u00e9e ou sensible.<\/p>\n<hr \/>\n<h2>Effets ind\u00e9sirables connus :<\/h2>\n<p>Cessez l&#8217;usage si vous souffrez de naus\u00e9e, d\u2019\u00e9tourdissement, de mal de t\u00eate ou si vous avez une r\u00e9action allergique.<\/p>\n<hr \/>\n<h2>NPN :<\/h2>\n<p>80061167<\/p>\n","protected":false},"excerpt":{"rendered":"<p><strong>Huile essentielle ch\u00e9motyp\u00e9e<\/strong>\u00a0<strong>100% pure et naturelle &#8211; biologique<\/strong><\/p>\n<p>Utilis\u00e9 topique et par inhalation en aromath\u00e9rapie comme nervin et calmant.<\/p>\n<p>Utilisation topique en aromath\u00e9rapie pour aider \u00e0 soulager la douleur articulaire et musculaire associ\u00e9e aux endorses, foulures et \u00e0 la polyarthrite rhumato\u00efde.<\/p>\n<p>Citrus aurantium \u2013 Feuille<br \/>\nLinalol, \u03b1-terpin\u00e9ol<\/p>\n<p>10 ml<\/p>\n","protected":false},"featured_media":1981,"comment_status":"open","ping_status":"closed","template":"","meta":{"_et_pb_use_builder":"","_et_pb_old_content":"","_et_gb_content_width":""},"product_cat":[326,332],"product_tag":[],"acf":[],"yoast_head":"<!-- This site is optimized with the Yoast SEO plugin v22.6 - https:\/\/yoast.com\/wordpress\/plugins\/seo\/ -->\n<title>Huile essentielle Petitgrain bigarade par Pranarom Aromath\u00e9rapie<\/title>\n<meta name=\"description\" content=\"Achetez Petitgrain bigarade par Pranarom et b\u00e9n\u00e9ficiez d&#039;une livraison rapide. N&#039;h\u00e9sitez pas \u00e0 magasiner d&#039;autres d&#039;huiles essentielles biologiques chez Pranarom.ca\" \/>\n<meta name=\"robots\" content=\"index, follow, max-snippet:-1, max-image-preview:large, max-video-preview:-1\" \/>\n<link rel=\"canonical\" href=\"https:\/\/pranarom.ca\/fr\/produit\/petitgrain-bigarade-p-e72\/\" \/>\n<meta property=\"og:locale\" content=\"fr_FR\" \/>\n<meta property=\"og:type\" content=\"article\" \/>\n<meta property=\"og:title\" content=\"Huile essentielle Petitgrain bigarade par Pranarom Aromath\u00e9rapie\" \/>\n<meta property=\"og:description\" content=\"Achetez Petitgrain bigarade par Pranarom et b\u00e9n\u00e9ficiez d&#039;une livraison rapide. N&#039;h\u00e9sitez pas \u00e0 magasiner d&#039;autres d&#039;huiles essentielles biologiques chez Pranarom.ca\" \/>\n<meta property=\"og:url\" content=\"https:\/\/pranarom.ca\/fr\/produit\/petitgrain-bigarade-p-e72\/\" \/>\n<meta property=\"og:site_name\" content=\"Pranarom\" \/>\n<meta property=\"article:publisher\" content=\"https:\/\/www.facebook.com\/PranaromCanada\" \/>\n<meta property=\"article:modified_time\" content=\"2022-03-28T18:19:37+00:00\" \/>\n<meta property=\"og:image\" content=\"https:\/\/pranarom.ca\/wp-content\/uploads\/2019\/02\/E72FR.jpg\" \/>\n\t<meta property=\"og:image:width\" content=\"1500\" \/>\n\t<meta property=\"og:image:height\" content=\"1500\" \/>\n\t<meta property=\"og:image:type\" content=\"image\/jpeg\" \/>\n<meta name=\"twitter:card\" content=\"summary_large_image\" \/>\n<meta name=\"twitter:label1\" content=\"Dur\u00e9e de lecture estim\u00e9e\" \/>\n\t<meta name=\"twitter:data1\" content=\"1 minute\" \/>\n<script type=\"application\/ld+json\" class=\"yoast-schema-graph\">{\"@context\":\"https:\/\/schema.org\",\"@graph\":[{\"@type\":\"WebPage\",\"@id\":\"https:\/\/pranarom.ca\/fr\/produit\/petitgrain-bigarade-p-e72\/\",\"url\":\"https:\/\/pranarom.ca\/fr\/produit\/petitgrain-bigarade-p-e72\/\",\"name\":\"Huile essentielle Petitgrain bigarade par Pranarom Aromath\u00e9rapie\",\"isPartOf\":{\"@id\":\"https:\/\/pranarom.ca\/#website\"},\"primaryImageOfPage\":{\"@id\":\"https:\/\/pranarom.ca\/fr\/produit\/petitgrain-bigarade-p-e72\/#primaryimage\"},\"image\":{\"@id\":\"https:\/\/pranarom.ca\/fr\/produit\/petitgrain-bigarade-p-e72\/#primaryimage\"},\"thumbnailUrl\":\"https:\/\/pranarom.ca\/wp-content\/uploads\/2019\/02\/E72FR.jpg\",\"datePublished\":\"2015-12-30T00:00:00+00:00\",\"dateModified\":\"2022-03-28T18:19:37+00:00\",\"description\":\"Achetez Petitgrain bigarade par Pranarom et b\u00e9n\u00e9ficiez d'une livraison rapide. N'h\u00e9sitez pas \u00e0 magasiner d'autres d'huiles essentielles biologiques chez Pranarom.ca\",\"breadcrumb\":{\"@id\":\"https:\/\/pranarom.ca\/fr\/produit\/petitgrain-bigarade-p-e72\/#breadcrumb\"},\"inLanguage\":\"fr-FR\",\"potentialAction\":[{\"@type\":\"ReadAction\",\"target\":[\"https:\/\/pranarom.ca\/fr\/produit\/petitgrain-bigarade-p-e72\/\"]}]},{\"@type\":\"ImageObject\",\"inLanguage\":\"fr-FR\",\"@id\":\"https:\/\/pranarom.ca\/fr\/produit\/petitgrain-bigarade-p-e72\/#primaryimage\",\"url\":\"https:\/\/pranarom.ca\/wp-content\/uploads\/2019\/02\/E72FR.jpg\",\"contentUrl\":\"https:\/\/pranarom.ca\/wp-content\/uploads\/2019\/02\/E72FR.jpg\",\"width\":1500,\"height\":1500},{\"@type\":\"BreadcrumbList\",\"@id\":\"https:\/\/pranarom.ca\/fr\/produit\/petitgrain-bigarade-p-e72\/#breadcrumb\",\"itemListElement\":[{\"@type\":\"ListItem\",\"position\":1,\"name\":\"Home\",\"item\":\"https:\/\/pranarom.ca\/fr\/\"},{\"@type\":\"ListItem\",\"position\":2,\"name\":\"Shop\",\"item\":\"https:\/\/pranarom.ca\/shop\/\"},{\"@type\":\"ListItem\",\"position\":3,\"name\":\"Petitgrain bigarade\"}]},{\"@type\":\"WebSite\",\"@id\":\"https:\/\/pranarom.ca\/#website\",\"url\":\"https:\/\/pranarom.ca\/\",\"name\":\"Pranarom Canada\",\"description\":\"Scientific Aromatherapyy\",\"publisher\":{\"@id\":\"https:\/\/pranarom.ca\/#organization\"},\"potentialAction\":[{\"@type\":\"SearchAction\",\"target\":{\"@type\":\"EntryPoint\",\"urlTemplate\":\"https:\/\/pranarom.ca\/?s={search_term_string}\"},\"query-input\":\"required name=search_term_string\"}],\"inLanguage\":\"fr-FR\"},{\"@type\":\"Organization\",\"@id\":\"https:\/\/pranarom.ca\/#organization\",\"name\":\"Pranarom\",\"url\":\"https:\/\/pranarom.ca\/\",\"logo\":{\"@type\":\"ImageObject\",\"inLanguage\":\"fr-FR\",\"@id\":\"https:\/\/pranarom.ca\/#\/schema\/logo\/image\/\",\"url\":\"https:\/\/pranarom.ca\/wp-content\/uploads\/2019\/03\/pranalogo.png\",\"contentUrl\":\"https:\/\/pranarom.ca\/wp-content\/uploads\/2019\/03\/pranalogo.png\",\"width\":330,\"height\":100,\"caption\":\"Pranarom\"},\"image\":{\"@id\":\"https:\/\/pranarom.ca\/#\/schema\/logo\/image\/\"},\"sameAs\":[\"https:\/\/www.facebook.com\/PranaromCanada\",\"http:\/\/instagram.com\/pranaromcanada\/\",\"https:\/\/www.instagram.com\/pranaromcanada\/\"]}]}<\/script>\n<!-- \/ Yoast SEO plugin. -->","yoast_head_json":{"title":"Huile essentielle Petitgrain bigarade par Pranarom Aromath\u00e9rapie","description":"Achetez Petitgrain bigarade par Pranarom et b\u00e9n\u00e9ficiez d'une livraison rapide. N'h\u00e9sitez pas \u00e0 magasiner d'autres d'huiles essentielles biologiques chez Pranarom.ca","robots":{"index":"index","follow":"follow","max-snippet":"max-snippet:-1","max-image-preview":"max-image-preview:large","max-video-preview":"max-video-preview:-1"},"canonical":"https:\/\/pranarom.ca\/fr\/produit\/petitgrain-bigarade-p-e72\/","og_locale":"fr_FR","og_type":"article","og_title":"Huile essentielle Petitgrain bigarade par Pranarom Aromath\u00e9rapie","og_description":"Achetez Petitgrain bigarade par Pranarom et b\u00e9n\u00e9ficiez d'une livraison rapide. N'h\u00e9sitez pas \u00e0 magasiner d'autres d'huiles essentielles biologiques chez Pranarom.ca","og_url":"https:\/\/pranarom.ca\/fr\/produit\/petitgrain-bigarade-p-e72\/","og_site_name":"Pranarom","article_publisher":"https:\/\/www.facebook.com\/PranaromCanada","article_modified_time":"2022-03-28T18:19:37+00:00","og_image":[{"width":1500,"height":1500,"url":"https:\/\/pranarom.ca\/wp-content\/uploads\/2019\/02\/E72FR.jpg","type":"image\/jpeg"}],"twitter_card":"summary_large_image","twitter_misc":{"Dur\u00e9e de lecture estim\u00e9e":"1 minute"},"schema":{"@context":"https:\/\/schema.org","@graph":[{"@type":"WebPage","@id":"https:\/\/pranarom.ca\/fr\/produit\/petitgrain-bigarade-p-e72\/","url":"https:\/\/pranarom.ca\/fr\/produit\/petitgrain-bigarade-p-e72\/","name":"Huile essentielle Petitgrain bigarade par Pranarom Aromath\u00e9rapie","isPartOf":{"@id":"https:\/\/pranarom.ca\/#website"},"primaryImageOfPage":{"@id":"https:\/\/pranarom.ca\/fr\/produit\/petitgrain-bigarade-p-e72\/#primaryimage"},"image":{"@id":"https:\/\/pranarom.ca\/fr\/produit\/petitgrain-bigarade-p-e72\/#primaryimage"},"thumbnailUrl":"https:\/\/pranarom.ca\/wp-content\/uploads\/2019\/02\/E72FR.jpg","datePublished":"2015-12-30T00:00:00+00:00","dateModified":"2022-03-28T18:19:37+00:00","description":"Achetez Petitgrain bigarade par Pranarom et b\u00e9n\u00e9ficiez d'une livraison rapide. N'h\u00e9sitez pas \u00e0 magasiner d'autres d'huiles essentielles biologiques chez Pranarom.ca","breadcrumb":{"@id":"https:\/\/pranarom.ca\/fr\/produit\/petitgrain-bigarade-p-e72\/#breadcrumb"},"inLanguage":"fr-FR","potentialAction":[{"@type":"ReadAction","target":["https:\/\/pranarom.ca\/fr\/produit\/petitgrain-bigarade-p-e72\/"]}]},{"@type":"ImageObject","inLanguage":"fr-FR","@id":"https:\/\/pranarom.ca\/fr\/produit\/petitgrain-bigarade-p-e72\/#primaryimage","url":"https:\/\/pranarom.ca\/wp-content\/uploads\/2019\/02\/E72FR.jpg","contentUrl":"https:\/\/pranarom.ca\/wp-content\/uploads\/2019\/02\/E72FR.jpg","width":1500,"height":1500},{"@type":"BreadcrumbList","@id":"https:\/\/pranarom.ca\/fr\/produit\/petitgrain-bigarade-p-e72\/#breadcrumb","itemListElement":[{"@type":"ListItem","position":1,"name":"Home","item":"https:\/\/pranarom.ca\/fr\/"},{"@type":"ListItem","position":2,"name":"Shop","item":"https:\/\/pranarom.ca\/shop\/"},{"@type":"ListItem","position":3,"name":"Petitgrain bigarade"}]},{"@type":"WebSite","@id":"https:\/\/pranarom.ca\/#website","url":"https:\/\/pranarom.ca\/","name":"Pranarom Canada","description":"Scientific Aromatherapyy","publisher":{"@id":"https:\/\/pranarom.ca\/#organization"},"potentialAction":[{"@type":"SearchAction","target":{"@type":"EntryPoint","urlTemplate":"https:\/\/pranarom.ca\/?s={search_term_string}"},"query-input":"required name=search_term_string"}],"inLanguage":"fr-FR"},{"@type":"Organization","@id":"https:\/\/pranarom.ca\/#organization","name":"Pranarom","url":"https:\/\/pranarom.ca\/","logo":{"@type":"ImageObject","inLanguage":"fr-FR","@id":"https:\/\/pranarom.ca\/#\/schema\/logo\/image\/","url":"https:\/\/pranarom.ca\/wp-content\/uploads\/2019\/03\/pranalogo.png","contentUrl":"https:\/\/pranarom.ca\/wp-content\/uploads\/2019\/03\/pranalogo.png","width":330,"height":100,"caption":"Pranarom"},"image":{"@id":"https:\/\/pranarom.ca\/#\/schema\/logo\/image\/"},"sameAs":["https:\/\/www.facebook.com\/PranaromCanada","http:\/\/instagram.com\/pranaromcanada\/","https:\/\/www.instagram.com\/pranaromcanada\/"]}]}},"jetpack_sharing_enabled":true,"_links":{"self":[{"href":"https:\/\/pranarom.ca\/fr\/wp-json\/wp\/v2\/product\/34936"}],"collection":[{"href":"https:\/\/pranarom.ca\/fr\/wp-json\/wp\/v2\/product"}],"about":[{"href":"https:\/\/pranarom.ca\/fr\/wp-json\/wp\/v2\/types\/product"}],"replies":[{"embeddable":true,"href":"https:\/\/pranarom.ca\/fr\/wp-json\/wp\/v2\/comments?post=34936"}],"wp:featuredmedia":[{"embeddable":true,"href":"https:\/\/pranarom.ca\/fr\/wp-json\/wp\/v2\/media\/1981"}],"wp:attachment":[{"href":"https:\/\/pranarom.ca\/fr\/wp-json\/wp\/v2\/media?parent=34936"}],"wp:term":[{"taxonomy":"product_cat","embeddable":true,"href":"https:\/\/pranarom.ca\/fr\/wp-json\/wp\/v2\/product_cat?post=34936"},{"taxonomy":"product_tag","embeddable":true,"href":"https:\/\/pranarom.ca\/fr\/wp-json\/wp\/v2\/product_tag?post=34936"}],"curies":[{"name":"wp","href":"https:\/\/api.w.org\/{rel}","templated":true}]}}