{"id":34920,"date":"2015-12-30T00:00:00","date_gmt":"2016-01-19T00:00:00","guid":{"rendered":"https:\/\/pranarom.ca\/?post_type=product&#038;p=34920"},"modified":"2021-03-20T14:44:07","modified_gmt":"2021-03-20T14:44:07","slug":"citron-p-e14","status":"publish","type":"product","link":"https:\/\/pranarom.ca\/fr\/produit\/citron-p-e14\/","title":{"rendered":"Citron"},"content":{"rendered":"<h2>Ingr\u00e9dients :<\/h2>\n<p><em>Citrus limon<\/em>* (huile essentielle de citron) (pelure du fruit) 100%<\/p>\n<p><em>*Ingr\u00e9dient issu de l\u2019agriculture biologique (contr\u00f4le Certisys BE-BIO-01)<br \/>\n<\/em><em>BIO signifie : issu de l\u2019agriculture biologique (contr\u00f4le Certisys BE-BIO-01)<\/em><\/p>\n<hr \/>\n<h2>Conseils d\u2019utilisation :<\/h2>\n<p>Adultes (\u2265 18 ans)\u00a0: <strong>Application topique locale\u00a0:<\/strong> ajouter 1-2 gouttes \u00e0 5 ml d\u2019huile v\u00e9g\u00e9tale neutre et appliquer sur la r\u00e9gion affect\u00e9e jusqu\u2019\u00e0 3 fois par jour. Ne pas utiliser l\u2019huile essentielle non dilu\u00e9e.<\/p>\n<p><strong>Inhalation directe\u00a0:<\/strong> appliquer 1-6 gouttes d\u2019huile essentielle non dilu\u00e9e sur un mouchoir et inhaler occasionnellement jusqu\u2019\u00e0 3 fois par jour.<\/p>\n<p>Pour un usage occasionnel seulement. Ne pas utiliser par voie orale. \u00c9viter tout contact avec les yeux et les muqueuses; le cas \u00e9ch\u00e9ant, rincer abondamment avec de l\u2019huile v\u00e9g\u00e9tale. Entreposer \u00e0 la temp\u00e9rature ambiante.<\/p>\n<p><strong>Pour utilisation dans un diffuseur pour huiles essentielles : <\/strong>1-6 gouttes peuvent \u00eatre ajout\u00e9es non-dilue\u0301es dans le diffuseur (ultrasonique, atmosph\u00e9rique).<\/p>\n<hr \/>\n<h2>Pr\u00e9cautions et mises en garde\u00a0:<\/h2>\n<p>Garder hors de la port\u00e9e des enfants. En cas d\u2019ingestion accidentelle, demander des soins m\u00e9dicaux d\u2019urgence ou appeler un Centre Antipoison. Si les sympt\u00f4mes persistent ou s\u2019aggravent, consulter un praticien de soins de sant\u00e9. Si vous souffrez d\u2019\u00e9pilepsie ou d\u2019asthme, consulter un praticien de soins de sant\u00e9 avant d\u2019en faire l\u2019usage. Ne pas exposer les r\u00e9gions trait\u00e9es au soleil pendant les 24-48 heures suivant l\u2019application.<\/p>\n<hr \/>\n<h2>Contre-indications\u00a0:<\/h2>\n<p>Si vous \u00eates enceinte ou allaitez, ne pas utiliser ce produit. Si la peau est endommag\u00e9e, irrit\u00e9e ou sensible, ne pas utiliser ce produit.<\/p>\n<hr \/>\n<h2>R\u00e9actions ind\u00e9sirables connues\u00a0:<\/h2>\n<p>Si des naus\u00e9es, des \u00e9tourdissements, des maux de t\u00eate, ou une r\u00e9action allergique se manifestent, cesser l\u2019usage.<\/p>\n<hr \/>\n<h2>NPN :<\/h2>\n<p>80070802<\/p>\n","protected":false},"excerpt":{"rendered":"<p><strong>Huile essentielle ch\u00e9motyp\u00e9e<\/strong>\u00a0<strong>100% pure et naturelle &#8211; biologique<\/strong><\/p>\n<p>Utilis\u00e9 en application topique en aromath\u00e9rapie pour le soulagement symptomatique de l&#8217;acn\u00e9, furoncles, infection (HSV) virus herp\u00e8s simplex (ex. feux sauvages) et verrues.<\/p>\n<p>Utilis\u00e9 en aromath\u00e9rapie pour aider au soulagement des sympt\u00f4mes du rhume, de la grippe et de la toux.<\/p>\n<p>Citrus limon \u2013 Pelure du fruit<br \/>\nLimon\u00e8ne,\u00a0\u03b2-pin\u00e8ne<\/p>\n<p>10 ml<\/p>\n","protected":false},"featured_media":1786,"comment_status":"open","ping_status":"closed","template":"","meta":{"_et_pb_use_builder":"","_et_pb_old_content":"","_et_gb_content_width":""},"product_cat":[622,512,523,505,326,332],"product_tag":[],"acf":[],"yoast_head":"<!-- This site is optimized with the Yoast SEO plugin v22.6 - https:\/\/yoast.com\/wordpress\/plugins\/seo\/ -->\n<title>Huile essentielle Citron par Pranarom Aromath\u00e9rapie<\/title>\n<meta name=\"description\" content=\"Achetez Citron par Pranarom et b\u00e9n\u00e9ficiez d&#039;une livraison rapide. N&#039;h\u00e9sitez pas \u00e0 magasiner d&#039;autres d&#039;huiles essentielles biologiques chez Pranarom.ca\" \/>\n<meta name=\"robots\" content=\"index, follow, max-snippet:-1, max-image-preview:large, max-video-preview:-1\" \/>\n<link rel=\"canonical\" href=\"https:\/\/pranarom.ca\/fr\/produit\/citron-p-e14\/\" \/>\n<meta property=\"og:locale\" content=\"fr_FR\" \/>\n<meta property=\"og:type\" content=\"article\" \/>\n<meta property=\"og:title\" content=\"Huile essentielle Citron par Pranarom Aromath\u00e9rapie\" \/>\n<meta property=\"og:description\" content=\"Achetez Citron par Pranarom et b\u00e9n\u00e9ficiez d&#039;une livraison rapide. N&#039;h\u00e9sitez pas \u00e0 magasiner d&#039;autres d&#039;huiles essentielles biologiques chez Pranarom.ca\" \/>\n<meta property=\"og:url\" content=\"https:\/\/pranarom.ca\/fr\/produit\/citron-p-e14\/\" \/>\n<meta property=\"og:site_name\" content=\"Pranarom\" \/>\n<meta property=\"article:publisher\" content=\"https:\/\/www.facebook.com\/PranaromCanada\" \/>\n<meta property=\"article:modified_time\" content=\"2021-03-20T14:44:07+00:00\" \/>\n<meta property=\"og:image\" content=\"https:\/\/pranarom.ca\/wp-content\/uploads\/2019\/02\/E14FR.jpg\" \/>\n\t<meta property=\"og:image:width\" content=\"1500\" \/>\n\t<meta property=\"og:image:height\" content=\"1500\" \/>\n\t<meta property=\"og:image:type\" content=\"image\/jpeg\" \/>\n<meta name=\"twitter:card\" content=\"summary_large_image\" \/>\n<meta name=\"twitter:label1\" content=\"Dur\u00e9e de lecture estim\u00e9e\" \/>\n\t<meta name=\"twitter:data1\" content=\"1 minute\" \/>\n<script type=\"application\/ld+json\" class=\"yoast-schema-graph\">{\"@context\":\"https:\/\/schema.org\",\"@graph\":[{\"@type\":\"WebPage\",\"@id\":\"https:\/\/pranarom.ca\/fr\/produit\/citron-p-e14\/\",\"url\":\"https:\/\/pranarom.ca\/fr\/produit\/citron-p-e14\/\",\"name\":\"Huile essentielle Citron par Pranarom Aromath\u00e9rapie\",\"isPartOf\":{\"@id\":\"https:\/\/pranarom.ca\/#website\"},\"primaryImageOfPage\":{\"@id\":\"https:\/\/pranarom.ca\/fr\/produit\/citron-p-e14\/#primaryimage\"},\"image\":{\"@id\":\"https:\/\/pranarom.ca\/fr\/produit\/citron-p-e14\/#primaryimage\"},\"thumbnailUrl\":\"https:\/\/pranarom.ca\/wp-content\/uploads\/2019\/02\/E14FR.jpg\",\"datePublished\":\"2016-01-19T00:00:00+00:00\",\"dateModified\":\"2021-03-20T14:44:07+00:00\",\"description\":\"Achetez Citron par Pranarom et b\u00e9n\u00e9ficiez d'une livraison rapide. N'h\u00e9sitez pas \u00e0 magasiner d'autres d'huiles essentielles biologiques chez Pranarom.ca\",\"breadcrumb\":{\"@id\":\"https:\/\/pranarom.ca\/fr\/produit\/citron-p-e14\/#breadcrumb\"},\"inLanguage\":\"fr-FR\",\"potentialAction\":[{\"@type\":\"ReadAction\",\"target\":[\"https:\/\/pranarom.ca\/fr\/produit\/citron-p-e14\/\"]}]},{\"@type\":\"ImageObject\",\"inLanguage\":\"fr-FR\",\"@id\":\"https:\/\/pranarom.ca\/fr\/produit\/citron-p-e14\/#primaryimage\",\"url\":\"https:\/\/pranarom.ca\/wp-content\/uploads\/2019\/02\/E14FR.jpg\",\"contentUrl\":\"https:\/\/pranarom.ca\/wp-content\/uploads\/2019\/02\/E14FR.jpg\",\"width\":1500,\"height\":1500},{\"@type\":\"BreadcrumbList\",\"@id\":\"https:\/\/pranarom.ca\/fr\/produit\/citron-p-e14\/#breadcrumb\",\"itemListElement\":[{\"@type\":\"ListItem\",\"position\":1,\"name\":\"Home\",\"item\":\"https:\/\/pranarom.ca\/fr\/\"},{\"@type\":\"ListItem\",\"position\":2,\"name\":\"Shop\",\"item\":\"https:\/\/pranarom.ca\/shop\/\"},{\"@type\":\"ListItem\",\"position\":3,\"name\":\"Citron\"}]},{\"@type\":\"WebSite\",\"@id\":\"https:\/\/pranarom.ca\/#website\",\"url\":\"https:\/\/pranarom.ca\/\",\"name\":\"Pranarom Canada\",\"description\":\"Scientific Aromatherapyy\",\"publisher\":{\"@id\":\"https:\/\/pranarom.ca\/#organization\"},\"potentialAction\":[{\"@type\":\"SearchAction\",\"target\":{\"@type\":\"EntryPoint\",\"urlTemplate\":\"https:\/\/pranarom.ca\/?s={search_term_string}\"},\"query-input\":\"required name=search_term_string\"}],\"inLanguage\":\"fr-FR\"},{\"@type\":\"Organization\",\"@id\":\"https:\/\/pranarom.ca\/#organization\",\"name\":\"Pranarom\",\"url\":\"https:\/\/pranarom.ca\/\",\"logo\":{\"@type\":\"ImageObject\",\"inLanguage\":\"fr-FR\",\"@id\":\"https:\/\/pranarom.ca\/#\/schema\/logo\/image\/\",\"url\":\"https:\/\/pranarom.ca\/wp-content\/uploads\/2019\/03\/pranalogo.png\",\"contentUrl\":\"https:\/\/pranarom.ca\/wp-content\/uploads\/2019\/03\/pranalogo.png\",\"width\":330,\"height\":100,\"caption\":\"Pranarom\"},\"image\":{\"@id\":\"https:\/\/pranarom.ca\/#\/schema\/logo\/image\/\"},\"sameAs\":[\"https:\/\/www.facebook.com\/PranaromCanada\",\"http:\/\/instagram.com\/pranaromcanada\/\",\"https:\/\/www.instagram.com\/pranaromcanada\/\"]}]}<\/script>\n<!-- \/ Yoast SEO plugin. -->","yoast_head_json":{"title":"Huile essentielle Citron par Pranarom Aromath\u00e9rapie","description":"Achetez Citron par Pranarom et b\u00e9n\u00e9ficiez d'une livraison rapide. N'h\u00e9sitez pas \u00e0 magasiner d'autres d'huiles essentielles biologiques chez Pranarom.ca","robots":{"index":"index","follow":"follow","max-snippet":"max-snippet:-1","max-image-preview":"max-image-preview:large","max-video-preview":"max-video-preview:-1"},"canonical":"https:\/\/pranarom.ca\/fr\/produit\/citron-p-e14\/","og_locale":"fr_FR","og_type":"article","og_title":"Huile essentielle Citron par Pranarom Aromath\u00e9rapie","og_description":"Achetez Citron par Pranarom et b\u00e9n\u00e9ficiez d'une livraison rapide. N'h\u00e9sitez pas \u00e0 magasiner d'autres d'huiles essentielles biologiques chez Pranarom.ca","og_url":"https:\/\/pranarom.ca\/fr\/produit\/citron-p-e14\/","og_site_name":"Pranarom","article_publisher":"https:\/\/www.facebook.com\/PranaromCanada","article_modified_time":"2021-03-20T14:44:07+00:00","og_image":[{"width":1500,"height":1500,"url":"https:\/\/pranarom.ca\/wp-content\/uploads\/2019\/02\/E14FR.jpg","type":"image\/jpeg"}],"twitter_card":"summary_large_image","twitter_misc":{"Dur\u00e9e de lecture estim\u00e9e":"1 minute"},"schema":{"@context":"https:\/\/schema.org","@graph":[{"@type":"WebPage","@id":"https:\/\/pranarom.ca\/fr\/produit\/citron-p-e14\/","url":"https:\/\/pranarom.ca\/fr\/produit\/citron-p-e14\/","name":"Huile essentielle Citron par Pranarom Aromath\u00e9rapie","isPartOf":{"@id":"https:\/\/pranarom.ca\/#website"},"primaryImageOfPage":{"@id":"https:\/\/pranarom.ca\/fr\/produit\/citron-p-e14\/#primaryimage"},"image":{"@id":"https:\/\/pranarom.ca\/fr\/produit\/citron-p-e14\/#primaryimage"},"thumbnailUrl":"https:\/\/pranarom.ca\/wp-content\/uploads\/2019\/02\/E14FR.jpg","datePublished":"2016-01-19T00:00:00+00:00","dateModified":"2021-03-20T14:44:07+00:00","description":"Achetez Citron par Pranarom et b\u00e9n\u00e9ficiez d'une livraison rapide. N'h\u00e9sitez pas \u00e0 magasiner d'autres d'huiles essentielles biologiques chez Pranarom.ca","breadcrumb":{"@id":"https:\/\/pranarom.ca\/fr\/produit\/citron-p-e14\/#breadcrumb"},"inLanguage":"fr-FR","potentialAction":[{"@type":"ReadAction","target":["https:\/\/pranarom.ca\/fr\/produit\/citron-p-e14\/"]}]},{"@type":"ImageObject","inLanguage":"fr-FR","@id":"https:\/\/pranarom.ca\/fr\/produit\/citron-p-e14\/#primaryimage","url":"https:\/\/pranarom.ca\/wp-content\/uploads\/2019\/02\/E14FR.jpg","contentUrl":"https:\/\/pranarom.ca\/wp-content\/uploads\/2019\/02\/E14FR.jpg","width":1500,"height":1500},{"@type":"BreadcrumbList","@id":"https:\/\/pranarom.ca\/fr\/produit\/citron-p-e14\/#breadcrumb","itemListElement":[{"@type":"ListItem","position":1,"name":"Home","item":"https:\/\/pranarom.ca\/fr\/"},{"@type":"ListItem","position":2,"name":"Shop","item":"https:\/\/pranarom.ca\/shop\/"},{"@type":"ListItem","position":3,"name":"Citron"}]},{"@type":"WebSite","@id":"https:\/\/pranarom.ca\/#website","url":"https:\/\/pranarom.ca\/","name":"Pranarom Canada","description":"Scientific Aromatherapyy","publisher":{"@id":"https:\/\/pranarom.ca\/#organization"},"potentialAction":[{"@type":"SearchAction","target":{"@type":"EntryPoint","urlTemplate":"https:\/\/pranarom.ca\/?s={search_term_string}"},"query-input":"required name=search_term_string"}],"inLanguage":"fr-FR"},{"@type":"Organization","@id":"https:\/\/pranarom.ca\/#organization","name":"Pranarom","url":"https:\/\/pranarom.ca\/","logo":{"@type":"ImageObject","inLanguage":"fr-FR","@id":"https:\/\/pranarom.ca\/#\/schema\/logo\/image\/","url":"https:\/\/pranarom.ca\/wp-content\/uploads\/2019\/03\/pranalogo.png","contentUrl":"https:\/\/pranarom.ca\/wp-content\/uploads\/2019\/03\/pranalogo.png","width":330,"height":100,"caption":"Pranarom"},"image":{"@id":"https:\/\/pranarom.ca\/#\/schema\/logo\/image\/"},"sameAs":["https:\/\/www.facebook.com\/PranaromCanada","http:\/\/instagram.com\/pranaromcanada\/","https:\/\/www.instagram.com\/pranaromcanada\/"]}]}},"jetpack_sharing_enabled":true,"_links":{"self":[{"href":"https:\/\/pranarom.ca\/fr\/wp-json\/wp\/v2\/product\/34920"}],"collection":[{"href":"https:\/\/pranarom.ca\/fr\/wp-json\/wp\/v2\/product"}],"about":[{"href":"https:\/\/pranarom.ca\/fr\/wp-json\/wp\/v2\/types\/product"}],"replies":[{"embeddable":true,"href":"https:\/\/pranarom.ca\/fr\/wp-json\/wp\/v2\/comments?post=34920"}],"wp:featuredmedia":[{"embeddable":true,"href":"https:\/\/pranarom.ca\/fr\/wp-json\/wp\/v2\/media\/1786"}],"wp:attachment":[{"href":"https:\/\/pranarom.ca\/fr\/wp-json\/wp\/v2\/media?parent=34920"}],"wp:term":[{"taxonomy":"product_cat","embeddable":true,"href":"https:\/\/pranarom.ca\/fr\/wp-json\/wp\/v2\/product_cat?post=34920"},{"taxonomy":"product_tag","embeddable":true,"href":"https:\/\/pranarom.ca\/fr\/wp-json\/wp\/v2\/product_tag?post=34920"}],"curies":[{"name":"wp","href":"https:\/\/api.w.org\/{rel}","templated":true}]}}