{"id":34899,"date":"2015-12-30T00:00:00","date_gmt":"2015-12-30T00:00:00","guid":{"rendered":"https:\/\/pranarom.ca\/?post_type=product&#038;p=34899"},"modified":"2024-08-20T00:08:31","modified_gmt":"2024-08-20T00:08:31","slug":"cannelle-de-ceylan-p-e10","status":"publish","type":"product","link":"https:\/\/pranarom.ca\/fr\/produit\/cannelle-de-ceylan-p-e10\/","title":{"rendered":"Cannelle de Ceylan"},"content":{"rendered":"<h2>Ingr\u00e9dients :<\/h2>\n<p><em>Cinnamomum verum*<\/em> (Huile essentielle d&#8217;\u00e9corce de cannelle) (\u00e9corce) 100%<\/p>\n<p><em>*Ingr\u00e9dient issu de l\u2019agriculture biologique (contr\u00f4le Certisys BE-BIO-01)<br \/>\n<\/em><em>BIO signifie : issu de l\u2019agriculture biologique (contr\u00f4le Certisys BE-BIO-01)<\/em><\/p>\n<hr \/>\n<h2>Posologie :<\/h2>\n<p>Adultes (\u2265 18 ans)\u00a0: <strong>Inhalation directe\u00a0:<\/strong> appliquer 1-6 gouttes d\u2019huile essentielle non dilu\u00e9e sur un mouchoir et inhaler occasionnellement jusqu\u2019\u00e0 3 fois par jour.<\/p>\n<p>Pour un usage occasionnel seulement. Ne pas utiliser par voie orale. \u00c9viter tout contact avec les yeux et les muqueuses; le cas \u00e9ch\u00e9ant, rincer abondamment avec de l\u2019huile v\u00e9g\u00e9tale. Entreposer \u00e0 la temp\u00e9rature ambiante.<\/p>\n<p><strong>Pour utilisation dans un diffuseur pour huiles essentielles : <\/strong>1-6 gouttes peuvent \u00eatre ajout\u00e9es non-dilue\u0301es dans le diffuseur (ultrasonique, atmosph\u00e9rique).<\/p>\n<hr \/>\n<h2><strong>Pr\u00e9cautions et mises en garde\u00a0: <\/strong><\/h2>\n<p>Garder hors de la port\u00e9e des enfants. En cas d\u2019ingestion accidentelle, demander des soins m\u00e9dicaux d\u2019urgence ou appeler un Centre Antipoison. Si les sympt\u00f4mes persistent ou s\u2019aggravent, consulter un praticien de soins de sant\u00e9. Si vous souffrez d\u2019\u00e9pilepsie ou d\u2019asthme, consulter un praticien de soins de sant\u00e9 avant d\u2019en faire l\u2019usage.<\/p>\n<hr \/>\n<h2><strong>Contre-indications\u00a0: <\/strong><\/h2>\n<p>Si vous \u00eates enceinte ou allaitez, ne pas utiliser ce produit.<\/p>\n<hr \/>\n<h2><strong>R\u00e9actions ind\u00e9sirables connues\u00a0: <\/strong><\/h2>\n<p>Si des naus\u00e9es, des \u00e9tourdissements, des maux de t\u00eate, ou une r\u00e9action allergique se manifestent, cesser l\u2019usage.<\/p>\n<hr \/>\n<h2>NPN :<\/h2>\n<p>80071391<\/p>\n","protected":false},"excerpt":{"rendered":"<p><strong>Huile essentielle ch\u00e9motyp\u00e9e<\/strong>\u00a0<strong>100% pure et naturelle &#8211; biologique<\/strong><br \/>\n<em>Cinnamomum verum<\/em> \u2013 \u00c9corce<\/p>\n<p>Utilis\u00e9 en aromath\u00e9rapie pour le soulagement symptomatique du rhume, la sinusite et des maux de gorge.<\/p>\n<p>Utilis\u00e9 en aromath\u00e9rapie comme un antispasmodique pour le soulagement des troubles digestifs tels que la digestion lente, les crampes intestinales, les flatulences et la diarrh\u00e9e.<\/p>\n<p>Cinnamald\u00e9hyde<\/p>\n<p>5 ml<\/p>\n","protected":false},"featured_media":1772,"comment_status":"open","ping_status":"closed","template":"","meta":{"_et_pb_use_builder":"","_et_pb_old_content":"","_et_gb_content_width":""},"product_cat":[622,326,332],"product_tag":[],"acf":[],"yoast_head":"<!-- This site is optimized with the Yoast SEO plugin v22.6 - https:\/\/yoast.com\/wordpress\/plugins\/seo\/ -->\n<title>Huile essentielle Cannelle de Ceylan par Pranarom Aromath\u00e9rapie<\/title>\n<meta name=\"description\" content=\"Achetez Cannelle de Ceylan par Pranarom et b\u00e9n\u00e9ficiez d&#039;une livraison rapide. N&#039;h\u00e9sitez pas \u00e0 magasiner d&#039;autres d&#039;huiles essentielles biologiques chez Pranarom.ca\" \/>\n<meta name=\"robots\" content=\"index, follow, max-snippet:-1, max-image-preview:large, max-video-preview:-1\" \/>\n<link rel=\"canonical\" href=\"https:\/\/pranarom.ca\/fr\/produit\/cannelle-de-ceylan-p-e10\/\" \/>\n<meta property=\"og:locale\" content=\"fr_FR\" \/>\n<meta property=\"og:type\" content=\"article\" \/>\n<meta property=\"og:title\" content=\"Huile essentielle Cannelle de Ceylan par Pranarom Aromath\u00e9rapie\" \/>\n<meta property=\"og:description\" content=\"Achetez Cannelle de Ceylan par Pranarom et b\u00e9n\u00e9ficiez d&#039;une livraison rapide. N&#039;h\u00e9sitez pas \u00e0 magasiner d&#039;autres d&#039;huiles essentielles biologiques chez Pranarom.ca\" \/>\n<meta property=\"og:url\" content=\"https:\/\/pranarom.ca\/fr\/produit\/cannelle-de-ceylan-p-e10\/\" \/>\n<meta property=\"og:site_name\" content=\"Pranarom\" \/>\n<meta property=\"article:publisher\" content=\"https:\/\/www.facebook.com\/PranaromCanada\" \/>\n<meta property=\"article:modified_time\" content=\"2024-08-20T00:08:31+00:00\" \/>\n<meta property=\"og:image\" content=\"https:\/\/pranarom.ca\/wp-content\/uploads\/2019\/02\/E10FR.jpg\" \/>\n\t<meta property=\"og:image:width\" content=\"1500\" \/>\n\t<meta property=\"og:image:height\" content=\"1500\" \/>\n\t<meta property=\"og:image:type\" content=\"image\/jpeg\" \/>\n<meta name=\"twitter:card\" content=\"summary_large_image\" \/>\n<meta name=\"twitter:label1\" content=\"Dur\u00e9e de lecture estim\u00e9e\" \/>\n\t<meta name=\"twitter:data1\" content=\"1 minute\" \/>\n<script type=\"application\/ld+json\" class=\"yoast-schema-graph\">{\"@context\":\"https:\/\/schema.org\",\"@graph\":[{\"@type\":\"WebPage\",\"@id\":\"https:\/\/pranarom.ca\/fr\/produit\/cannelle-de-ceylan-p-e10\/\",\"url\":\"https:\/\/pranarom.ca\/fr\/produit\/cannelle-de-ceylan-p-e10\/\",\"name\":\"Huile essentielle Cannelle de Ceylan par Pranarom Aromath\u00e9rapie\",\"isPartOf\":{\"@id\":\"https:\/\/pranarom.ca\/#website\"},\"primaryImageOfPage\":{\"@id\":\"https:\/\/pranarom.ca\/fr\/produit\/cannelle-de-ceylan-p-e10\/#primaryimage\"},\"image\":{\"@id\":\"https:\/\/pranarom.ca\/fr\/produit\/cannelle-de-ceylan-p-e10\/#primaryimage\"},\"thumbnailUrl\":\"https:\/\/pranarom.ca\/wp-content\/uploads\/2019\/02\/E10FR.jpg\",\"datePublished\":\"2015-12-30T00:00:00+00:00\",\"dateModified\":\"2024-08-20T00:08:31+00:00\",\"description\":\"Achetez Cannelle de Ceylan par Pranarom et b\u00e9n\u00e9ficiez d'une livraison rapide. N'h\u00e9sitez pas \u00e0 magasiner d'autres d'huiles essentielles biologiques chez Pranarom.ca\",\"breadcrumb\":{\"@id\":\"https:\/\/pranarom.ca\/fr\/produit\/cannelle-de-ceylan-p-e10\/#breadcrumb\"},\"inLanguage\":\"fr-FR\",\"potentialAction\":[{\"@type\":\"ReadAction\",\"target\":[\"https:\/\/pranarom.ca\/fr\/produit\/cannelle-de-ceylan-p-e10\/\"]}]},{\"@type\":\"ImageObject\",\"inLanguage\":\"fr-FR\",\"@id\":\"https:\/\/pranarom.ca\/fr\/produit\/cannelle-de-ceylan-p-e10\/#primaryimage\",\"url\":\"https:\/\/pranarom.ca\/wp-content\/uploads\/2019\/02\/E10FR.jpg\",\"contentUrl\":\"https:\/\/pranarom.ca\/wp-content\/uploads\/2019\/02\/E10FR.jpg\",\"width\":1500,\"height\":1500},{\"@type\":\"BreadcrumbList\",\"@id\":\"https:\/\/pranarom.ca\/fr\/produit\/cannelle-de-ceylan-p-e10\/#breadcrumb\",\"itemListElement\":[{\"@type\":\"ListItem\",\"position\":1,\"name\":\"Home\",\"item\":\"https:\/\/pranarom.ca\/fr\/\"},{\"@type\":\"ListItem\",\"position\":2,\"name\":\"Shop\",\"item\":\"https:\/\/pranarom.ca\/shop\/\"},{\"@type\":\"ListItem\",\"position\":3,\"name\":\"Cannelle de Ceylan\"}]},{\"@type\":\"WebSite\",\"@id\":\"https:\/\/pranarom.ca\/#website\",\"url\":\"https:\/\/pranarom.ca\/\",\"name\":\"Pranarom Canada\",\"description\":\"Scientific Aromatherapyy\",\"publisher\":{\"@id\":\"https:\/\/pranarom.ca\/#organization\"},\"potentialAction\":[{\"@type\":\"SearchAction\",\"target\":{\"@type\":\"EntryPoint\",\"urlTemplate\":\"https:\/\/pranarom.ca\/?s={search_term_string}\"},\"query-input\":\"required name=search_term_string\"}],\"inLanguage\":\"fr-FR\"},{\"@type\":\"Organization\",\"@id\":\"https:\/\/pranarom.ca\/#organization\",\"name\":\"Pranarom\",\"url\":\"https:\/\/pranarom.ca\/\",\"logo\":{\"@type\":\"ImageObject\",\"inLanguage\":\"fr-FR\",\"@id\":\"https:\/\/pranarom.ca\/#\/schema\/logo\/image\/\",\"url\":\"https:\/\/pranarom.ca\/wp-content\/uploads\/2019\/03\/pranalogo.png\",\"contentUrl\":\"https:\/\/pranarom.ca\/wp-content\/uploads\/2019\/03\/pranalogo.png\",\"width\":330,\"height\":100,\"caption\":\"Pranarom\"},\"image\":{\"@id\":\"https:\/\/pranarom.ca\/#\/schema\/logo\/image\/\"},\"sameAs\":[\"https:\/\/www.facebook.com\/PranaromCanada\",\"http:\/\/instagram.com\/pranaromcanada\/\",\"https:\/\/www.instagram.com\/pranaromcanada\/\"]}]}<\/script>\n<!-- \/ Yoast SEO plugin. -->","yoast_head_json":{"title":"Huile essentielle Cannelle de Ceylan par Pranarom Aromath\u00e9rapie","description":"Achetez Cannelle de Ceylan par Pranarom et b\u00e9n\u00e9ficiez d'une livraison rapide. N'h\u00e9sitez pas \u00e0 magasiner d'autres d'huiles essentielles biologiques chez Pranarom.ca","robots":{"index":"index","follow":"follow","max-snippet":"max-snippet:-1","max-image-preview":"max-image-preview:large","max-video-preview":"max-video-preview:-1"},"canonical":"https:\/\/pranarom.ca\/fr\/produit\/cannelle-de-ceylan-p-e10\/","og_locale":"fr_FR","og_type":"article","og_title":"Huile essentielle Cannelle de Ceylan par Pranarom Aromath\u00e9rapie","og_description":"Achetez Cannelle de Ceylan par Pranarom et b\u00e9n\u00e9ficiez d'une livraison rapide. N'h\u00e9sitez pas \u00e0 magasiner d'autres d'huiles essentielles biologiques chez Pranarom.ca","og_url":"https:\/\/pranarom.ca\/fr\/produit\/cannelle-de-ceylan-p-e10\/","og_site_name":"Pranarom","article_publisher":"https:\/\/www.facebook.com\/PranaromCanada","article_modified_time":"2024-08-20T00:08:31+00:00","og_image":[{"width":1500,"height":1500,"url":"https:\/\/pranarom.ca\/wp-content\/uploads\/2019\/02\/E10FR.jpg","type":"image\/jpeg"}],"twitter_card":"summary_large_image","twitter_misc":{"Dur\u00e9e de lecture estim\u00e9e":"1 minute"},"schema":{"@context":"https:\/\/schema.org","@graph":[{"@type":"WebPage","@id":"https:\/\/pranarom.ca\/fr\/produit\/cannelle-de-ceylan-p-e10\/","url":"https:\/\/pranarom.ca\/fr\/produit\/cannelle-de-ceylan-p-e10\/","name":"Huile essentielle Cannelle de Ceylan par Pranarom Aromath\u00e9rapie","isPartOf":{"@id":"https:\/\/pranarom.ca\/#website"},"primaryImageOfPage":{"@id":"https:\/\/pranarom.ca\/fr\/produit\/cannelle-de-ceylan-p-e10\/#primaryimage"},"image":{"@id":"https:\/\/pranarom.ca\/fr\/produit\/cannelle-de-ceylan-p-e10\/#primaryimage"},"thumbnailUrl":"https:\/\/pranarom.ca\/wp-content\/uploads\/2019\/02\/E10FR.jpg","datePublished":"2015-12-30T00:00:00+00:00","dateModified":"2024-08-20T00:08:31+00:00","description":"Achetez Cannelle de Ceylan par Pranarom et b\u00e9n\u00e9ficiez d'une livraison rapide. N'h\u00e9sitez pas \u00e0 magasiner d'autres d'huiles essentielles biologiques chez Pranarom.ca","breadcrumb":{"@id":"https:\/\/pranarom.ca\/fr\/produit\/cannelle-de-ceylan-p-e10\/#breadcrumb"},"inLanguage":"fr-FR","potentialAction":[{"@type":"ReadAction","target":["https:\/\/pranarom.ca\/fr\/produit\/cannelle-de-ceylan-p-e10\/"]}]},{"@type":"ImageObject","inLanguage":"fr-FR","@id":"https:\/\/pranarom.ca\/fr\/produit\/cannelle-de-ceylan-p-e10\/#primaryimage","url":"https:\/\/pranarom.ca\/wp-content\/uploads\/2019\/02\/E10FR.jpg","contentUrl":"https:\/\/pranarom.ca\/wp-content\/uploads\/2019\/02\/E10FR.jpg","width":1500,"height":1500},{"@type":"BreadcrumbList","@id":"https:\/\/pranarom.ca\/fr\/produit\/cannelle-de-ceylan-p-e10\/#breadcrumb","itemListElement":[{"@type":"ListItem","position":1,"name":"Home","item":"https:\/\/pranarom.ca\/fr\/"},{"@type":"ListItem","position":2,"name":"Shop","item":"https:\/\/pranarom.ca\/shop\/"},{"@type":"ListItem","position":3,"name":"Cannelle de Ceylan"}]},{"@type":"WebSite","@id":"https:\/\/pranarom.ca\/#website","url":"https:\/\/pranarom.ca\/","name":"Pranarom Canada","description":"Scientific Aromatherapyy","publisher":{"@id":"https:\/\/pranarom.ca\/#organization"},"potentialAction":[{"@type":"SearchAction","target":{"@type":"EntryPoint","urlTemplate":"https:\/\/pranarom.ca\/?s={search_term_string}"},"query-input":"required name=search_term_string"}],"inLanguage":"fr-FR"},{"@type":"Organization","@id":"https:\/\/pranarom.ca\/#organization","name":"Pranarom","url":"https:\/\/pranarom.ca\/","logo":{"@type":"ImageObject","inLanguage":"fr-FR","@id":"https:\/\/pranarom.ca\/#\/schema\/logo\/image\/","url":"https:\/\/pranarom.ca\/wp-content\/uploads\/2019\/03\/pranalogo.png","contentUrl":"https:\/\/pranarom.ca\/wp-content\/uploads\/2019\/03\/pranalogo.png","width":330,"height":100,"caption":"Pranarom"},"image":{"@id":"https:\/\/pranarom.ca\/#\/schema\/logo\/image\/"},"sameAs":["https:\/\/www.facebook.com\/PranaromCanada","http:\/\/instagram.com\/pranaromcanada\/","https:\/\/www.instagram.com\/pranaromcanada\/"]}]}},"jetpack_sharing_enabled":true,"_links":{"self":[{"href":"https:\/\/pranarom.ca\/fr\/wp-json\/wp\/v2\/product\/34899"}],"collection":[{"href":"https:\/\/pranarom.ca\/fr\/wp-json\/wp\/v2\/product"}],"about":[{"href":"https:\/\/pranarom.ca\/fr\/wp-json\/wp\/v2\/types\/product"}],"replies":[{"embeddable":true,"href":"https:\/\/pranarom.ca\/fr\/wp-json\/wp\/v2\/comments?post=34899"}],"wp:featuredmedia":[{"embeddable":true,"href":"https:\/\/pranarom.ca\/fr\/wp-json\/wp\/v2\/media\/1772"}],"wp:attachment":[{"href":"https:\/\/pranarom.ca\/fr\/wp-json\/wp\/v2\/media?parent=34899"}],"wp:term":[{"taxonomy":"product_cat","embeddable":true,"href":"https:\/\/pranarom.ca\/fr\/wp-json\/wp\/v2\/product_cat?post=34899"},{"taxonomy":"product_tag","embeddable":true,"href":"https:\/\/pranarom.ca\/fr\/wp-json\/wp\/v2\/product_tag?post=34899"}],"curies":[{"name":"wp","href":"https:\/\/api.w.org\/{rel}","templated":true}]}}