{"id":34893,"date":"2015-12-30T00:00:00","date_gmt":"2015-12-30T00:00:00","guid":{"rendered":"https:\/\/pranarom.ca\/?post_type=product&#038;p=34893"},"modified":"2022-03-28T18:00:49","modified_gmt":"2022-03-28T18:00:49","slug":"bergamote-p-e13","status":"publish","type":"product","link":"https:\/\/pranarom.ca\/fr\/produit\/bergamote-p-e13\/","title":{"rendered":"Bergamote"},"content":{"rendered":"<h2>Ingr\u00e9dients :<\/h2>\n<p><em>Citrus bergamia*<\/em> (huile essentielle de bergamote) (pelure du fruit) 100%<\/p>\n<p><em>*Ingr\u00e9dient issu de l\u2019agriculture biologique (contr\u00f4le Certisys BE-BIO-01)<br \/>\n<\/em><em>BIO signifie : issu de l\u2019agriculture biologique (contr\u00f4le Certisys BE-BIO-01)<\/em><\/p>\n<hr \/>\n<h2>Conseils d\u2019utilisation :<\/h2>\n<p><span style=\"line-height: 1.5;\">Adultes (\u2265 18 ans)\u00a0: <strong>Application topique locale\u00a0: <\/strong>ajouter 1 goutte \u00e0 13 ml d\u2019huile v\u00e9g\u00e9tale neutre et appliquer sur la r\u00e9gion affect\u00e9e jusqu\u2019\u00e0 3 fois par jour. Ne pas utiliser l&#8217;huile essentielle non dilu\u00e9e.<\/span><\/p>\n<p><span style=\"line-height: 1.5;\"><strong>Inhalation de vapeur\u00a0:<\/strong> ajouter 3-12 gouttes d\u2019huile essentielle non dilu\u00e9e \u00e0 un bol d\u2019eau bouillante ou appareil \u00e0 vapeur pour le visage. Inhaler lentement et profond\u00e9ment pendant 5-10 minutes jusqu\u2019\u00e0 3 fois par jour.<\/span><\/p>\n<p><span style=\"line-height: 1.5;\">Pour un usage occasionnel seulement. Ne pas utiliser par voie orale. \u00c9viter tout contact avec les yeux et les muqueuses; le cas \u00e9ch\u00e9ant, rincer abondamment avec de l\u2019huile v\u00e9g\u00e9tale. Entreposer \u00e0 la temp\u00e9rature ambiante..<\/span><\/p>\n<hr \/>\n<h2>Pr\u00e9cautions et mises en garde\u00a0:<\/h2>\n<p>Garder hors de la port\u00e9e des enfants. En cas d\u2019ingestion accidentelle, demander des soins m\u00e9dicaux d\u2019urgence ou appeler un Centre Antipoison. Si les sympt\u00f4mes persistent ou s\u2019aggravent, consulter un praticien de soins de sant\u00e9. Si vous souffrez d\u2019\u00e9pilepsie ou d\u2019asthme, consulter un praticien de soins de sant\u00e9 d\u2019en faire l\u2019usage. Ne pas exposer la r\u00e9gion trait\u00e9e au soleil pendant les 24 \u00e0 48 heures suivant l\u2019application.<\/p>\n<hr \/>\n<h2>Contre-indications\u00a0:<\/h2>\n<p>Si vous \u00eates enceinte ou allaitez, ne pas utiliser ce produit.<\/p>\n<hr \/>\n<h2>R\u00e9actions ind\u00e9sirables connues\u00a0:<\/h2>\n<p>Si des naus\u00e9es, des \u00e9tourdissements, des maux de t\u00eate, ou une r\u00e9action allergique se manifestent, cesser l\u2019usage.<\/p>\n<hr \/>\n<h2>NPN :<\/h2>\n<p>80070803<\/p>\n","protected":false},"excerpt":{"rendered":"<p><strong>Huile essentielle ch\u00e9motyp\u00e9e\u00a0100% pure et naturelle &#8211; biologique<\/strong><\/p>\n<p>Utilis\u00e9 en aromath\u00e9rapie en topique pour\u00a0le soulagement symptomatique de l&#8217;acn\u00e9, l&#8217;ecz\u00e9ma et la dermatite, pour\u00a0soulager les irritations mineures de la peau.<\/p>\n<p>Utilis\u00e9 en aromath\u00e9rapie par inhalation pour ses propri\u00e9t\u00e9s calmantes et s\u00e9datives, soulagement de nervosit\u00e9\u00a0et d&#8217;insomnie, digestion nerveuse et la perte d&#8217;app\u00e9tit caus\u00e9e par le stress \u00e9motionnel.<\/p>\n<p><em>Citrus bergamia<\/em> \u2013\u00a0Pelure du fruit<br \/>\nLinalol, limon\u00e8ne, ac\u00e9tate de linalyle<\/p>\n<p>10 ml<\/p>\n","protected":false},"featured_media":1783,"comment_status":"open","ping_status":"closed","template":"","meta":{"_et_pb_use_builder":"","_et_pb_old_content":"","_et_gb_content_width":""},"product_cat":[512,505,524,326,332],"product_tag":[637,639],"acf":[],"yoast_head":"<!-- This site is optimized with the Yoast SEO plugin v22.6 - https:\/\/yoast.com\/wordpress\/plugins\/seo\/ -->\n<title>Huile essentielle Bergamote par Pranarom Aromath\u00e9rapie<\/title>\n<meta name=\"description\" content=\"Achetez Bergamote par Pranarom et b\u00e9n\u00e9ficiez d&#039;une livraison rapide. N&#039;h\u00e9sitez pas \u00e0 magasiner d&#039;autres d&#039;huiles essentielles biologiques chez Pranarom.ca\" \/>\n<meta name=\"robots\" content=\"index, follow, max-snippet:-1, max-image-preview:large, max-video-preview:-1\" \/>\n<link rel=\"canonical\" href=\"https:\/\/pranarom.ca\/produit\/bergamot-p-e13\/\" \/>\n<meta property=\"og:locale\" content=\"fr_FR\" \/>\n<meta property=\"og:type\" content=\"article\" \/>\n<meta property=\"og:title\" content=\"Huile essentielle Bergamote par Pranarom Aromath\u00e9rapie\" \/>\n<meta property=\"og:description\" content=\"Achetez Bergamote par Pranarom et b\u00e9n\u00e9ficiez d&#039;une livraison rapide. N&#039;h\u00e9sitez pas \u00e0 magasiner d&#039;autres d&#039;huiles essentielles biologiques chez Pranarom.ca\" \/>\n<meta property=\"og:url\" content=\"https:\/\/pranarom.ca\/produit\/bergamot-p-e13\/\" \/>\n<meta property=\"og:site_name\" content=\"Pranarom\" \/>\n<meta property=\"article:publisher\" content=\"https:\/\/www.facebook.com\/PranaromCanada\" \/>\n<meta property=\"article:modified_time\" content=\"2022-03-28T18:00:49+00:00\" \/>\n<meta property=\"og:image\" content=\"https:\/\/pranarom.ca\/wp-content\/uploads\/2019\/02\/E13FR.jpg\" \/>\n\t<meta property=\"og:image:width\" content=\"1500\" \/>\n\t<meta property=\"og:image:height\" content=\"1500\" \/>\n\t<meta property=\"og:image:type\" content=\"image\/jpeg\" \/>\n<meta name=\"twitter:card\" content=\"summary_large_image\" \/>\n<meta name=\"twitter:label1\" content=\"Dur\u00e9e de lecture estim\u00e9e\" \/>\n\t<meta name=\"twitter:data1\" content=\"1 minute\" \/>\n<script type=\"application\/ld+json\" class=\"yoast-schema-graph\">{\"@context\":\"https:\/\/schema.org\",\"@graph\":[{\"@type\":\"WebPage\",\"@id\":\"https:\/\/pranarom.ca\/produit\/bergamot-p-e13\/\",\"url\":\"https:\/\/pranarom.ca\/produit\/bergamot-p-e13\/\",\"name\":\"Huile essentielle Bergamote par Pranarom Aromath\u00e9rapie\",\"isPartOf\":{\"@id\":\"https:\/\/pranarom.ca\/#website\"},\"primaryImageOfPage\":{\"@id\":\"https:\/\/pranarom.ca\/produit\/bergamot-p-e13\/#primaryimage\"},\"image\":{\"@id\":\"https:\/\/pranarom.ca\/produit\/bergamot-p-e13\/#primaryimage\"},\"thumbnailUrl\":\"https:\/\/pranarom.ca\/wp-content\/uploads\/2019\/02\/E13FR.jpg\",\"datePublished\":\"2015-12-30T00:00:00+00:00\",\"dateModified\":\"2022-03-28T18:00:49+00:00\",\"description\":\"Achetez Bergamote par Pranarom et b\u00e9n\u00e9ficiez d'une livraison rapide. N'h\u00e9sitez pas \u00e0 magasiner d'autres d'huiles essentielles biologiques chez Pranarom.ca\",\"breadcrumb\":{\"@id\":\"https:\/\/pranarom.ca\/produit\/bergamot-p-e13\/#breadcrumb\"},\"inLanguage\":\"fr-FR\",\"potentialAction\":[{\"@type\":\"ReadAction\",\"target\":[\"https:\/\/pranarom.ca\/produit\/bergamot-p-e13\/\"]}]},{\"@type\":\"ImageObject\",\"inLanguage\":\"fr-FR\",\"@id\":\"https:\/\/pranarom.ca\/produit\/bergamot-p-e13\/#primaryimage\",\"url\":\"https:\/\/pranarom.ca\/wp-content\/uploads\/2019\/02\/E13FR.jpg\",\"contentUrl\":\"https:\/\/pranarom.ca\/wp-content\/uploads\/2019\/02\/E13FR.jpg\",\"width\":1500,\"height\":1500},{\"@type\":\"BreadcrumbList\",\"@id\":\"https:\/\/pranarom.ca\/produit\/bergamot-p-e13\/#breadcrumb\",\"itemListElement\":[{\"@type\":\"ListItem\",\"position\":1,\"name\":\"Home\",\"item\":\"https:\/\/pranarom.ca\/fr\/\"},{\"@type\":\"ListItem\",\"position\":2,\"name\":\"Shop\",\"item\":\"https:\/\/pranarom.ca\/shop\/\"},{\"@type\":\"ListItem\",\"position\":3,\"name\":\"Bergamote\"}]},{\"@type\":\"WebSite\",\"@id\":\"https:\/\/pranarom.ca\/#website\",\"url\":\"https:\/\/pranarom.ca\/\",\"name\":\"Pranarom Canada\",\"description\":\"Scientific Aromatherapyy\",\"publisher\":{\"@id\":\"https:\/\/pranarom.ca\/#organization\"},\"potentialAction\":[{\"@type\":\"SearchAction\",\"target\":{\"@type\":\"EntryPoint\",\"urlTemplate\":\"https:\/\/pranarom.ca\/?s={search_term_string}\"},\"query-input\":\"required name=search_term_string\"}],\"inLanguage\":\"fr-FR\"},{\"@type\":\"Organization\",\"@id\":\"https:\/\/pranarom.ca\/#organization\",\"name\":\"Pranarom\",\"url\":\"https:\/\/pranarom.ca\/\",\"logo\":{\"@type\":\"ImageObject\",\"inLanguage\":\"fr-FR\",\"@id\":\"https:\/\/pranarom.ca\/#\/schema\/logo\/image\/\",\"url\":\"https:\/\/pranarom.ca\/wp-content\/uploads\/2019\/03\/pranalogo.png\",\"contentUrl\":\"https:\/\/pranarom.ca\/wp-content\/uploads\/2019\/03\/pranalogo.png\",\"width\":330,\"height\":100,\"caption\":\"Pranarom\"},\"image\":{\"@id\":\"https:\/\/pranarom.ca\/#\/schema\/logo\/image\/\"},\"sameAs\":[\"https:\/\/www.facebook.com\/PranaromCanada\",\"http:\/\/instagram.com\/pranaromcanada\/\",\"https:\/\/www.instagram.com\/pranaromcanada\/\"]}]}<\/script>\n<!-- \/ Yoast SEO plugin. -->","yoast_head_json":{"title":"Huile essentielle Bergamote par Pranarom Aromath\u00e9rapie","description":"Achetez Bergamote par Pranarom et b\u00e9n\u00e9ficiez d'une livraison rapide. N'h\u00e9sitez pas \u00e0 magasiner d'autres d'huiles essentielles biologiques chez Pranarom.ca","robots":{"index":"index","follow":"follow","max-snippet":"max-snippet:-1","max-image-preview":"max-image-preview:large","max-video-preview":"max-video-preview:-1"},"canonical":"https:\/\/pranarom.ca\/produit\/bergamot-p-e13\/","og_locale":"fr_FR","og_type":"article","og_title":"Huile essentielle Bergamote par Pranarom Aromath\u00e9rapie","og_description":"Achetez Bergamote par Pranarom et b\u00e9n\u00e9ficiez d'une livraison rapide. N'h\u00e9sitez pas \u00e0 magasiner d'autres d'huiles essentielles biologiques chez Pranarom.ca","og_url":"https:\/\/pranarom.ca\/produit\/bergamot-p-e13\/","og_site_name":"Pranarom","article_publisher":"https:\/\/www.facebook.com\/PranaromCanada","article_modified_time":"2022-03-28T18:00:49+00:00","og_image":[{"width":1500,"height":1500,"url":"https:\/\/pranarom.ca\/wp-content\/uploads\/2019\/02\/E13FR.jpg","type":"image\/jpeg"}],"twitter_card":"summary_large_image","twitter_misc":{"Dur\u00e9e de lecture estim\u00e9e":"1 minute"},"schema":{"@context":"https:\/\/schema.org","@graph":[{"@type":"WebPage","@id":"https:\/\/pranarom.ca\/produit\/bergamot-p-e13\/","url":"https:\/\/pranarom.ca\/produit\/bergamot-p-e13\/","name":"Huile essentielle Bergamote par Pranarom Aromath\u00e9rapie","isPartOf":{"@id":"https:\/\/pranarom.ca\/#website"},"primaryImageOfPage":{"@id":"https:\/\/pranarom.ca\/produit\/bergamot-p-e13\/#primaryimage"},"image":{"@id":"https:\/\/pranarom.ca\/produit\/bergamot-p-e13\/#primaryimage"},"thumbnailUrl":"https:\/\/pranarom.ca\/wp-content\/uploads\/2019\/02\/E13FR.jpg","datePublished":"2015-12-30T00:00:00+00:00","dateModified":"2022-03-28T18:00:49+00:00","description":"Achetez Bergamote par Pranarom et b\u00e9n\u00e9ficiez d'une livraison rapide. N'h\u00e9sitez pas \u00e0 magasiner d'autres d'huiles essentielles biologiques chez Pranarom.ca","breadcrumb":{"@id":"https:\/\/pranarom.ca\/produit\/bergamot-p-e13\/#breadcrumb"},"inLanguage":"fr-FR","potentialAction":[{"@type":"ReadAction","target":["https:\/\/pranarom.ca\/produit\/bergamot-p-e13\/"]}]},{"@type":"ImageObject","inLanguage":"fr-FR","@id":"https:\/\/pranarom.ca\/produit\/bergamot-p-e13\/#primaryimage","url":"https:\/\/pranarom.ca\/wp-content\/uploads\/2019\/02\/E13FR.jpg","contentUrl":"https:\/\/pranarom.ca\/wp-content\/uploads\/2019\/02\/E13FR.jpg","width":1500,"height":1500},{"@type":"BreadcrumbList","@id":"https:\/\/pranarom.ca\/produit\/bergamot-p-e13\/#breadcrumb","itemListElement":[{"@type":"ListItem","position":1,"name":"Home","item":"https:\/\/pranarom.ca\/fr\/"},{"@type":"ListItem","position":2,"name":"Shop","item":"https:\/\/pranarom.ca\/shop\/"},{"@type":"ListItem","position":3,"name":"Bergamote"}]},{"@type":"WebSite","@id":"https:\/\/pranarom.ca\/#website","url":"https:\/\/pranarom.ca\/","name":"Pranarom Canada","description":"Scientific Aromatherapyy","publisher":{"@id":"https:\/\/pranarom.ca\/#organization"},"potentialAction":[{"@type":"SearchAction","target":{"@type":"EntryPoint","urlTemplate":"https:\/\/pranarom.ca\/?s={search_term_string}"},"query-input":"required name=search_term_string"}],"inLanguage":"fr-FR"},{"@type":"Organization","@id":"https:\/\/pranarom.ca\/#organization","name":"Pranarom","url":"https:\/\/pranarom.ca\/","logo":{"@type":"ImageObject","inLanguage":"fr-FR","@id":"https:\/\/pranarom.ca\/#\/schema\/logo\/image\/","url":"https:\/\/pranarom.ca\/wp-content\/uploads\/2019\/03\/pranalogo.png","contentUrl":"https:\/\/pranarom.ca\/wp-content\/uploads\/2019\/03\/pranalogo.png","width":330,"height":100,"caption":"Pranarom"},"image":{"@id":"https:\/\/pranarom.ca\/#\/schema\/logo\/image\/"},"sameAs":["https:\/\/www.facebook.com\/PranaromCanada","http:\/\/instagram.com\/pranaromcanada\/","https:\/\/www.instagram.com\/pranaromcanada\/"]}]}},"jetpack_sharing_enabled":true,"_links":{"self":[{"href":"https:\/\/pranarom.ca\/fr\/wp-json\/wp\/v2\/product\/34893"}],"collection":[{"href":"https:\/\/pranarom.ca\/fr\/wp-json\/wp\/v2\/product"}],"about":[{"href":"https:\/\/pranarom.ca\/fr\/wp-json\/wp\/v2\/types\/product"}],"replies":[{"embeddable":true,"href":"https:\/\/pranarom.ca\/fr\/wp-json\/wp\/v2\/comments?post=34893"}],"wp:featuredmedia":[{"embeddable":true,"href":"https:\/\/pranarom.ca\/fr\/wp-json\/wp\/v2\/media\/1783"}],"wp:attachment":[{"href":"https:\/\/pranarom.ca\/fr\/wp-json\/wp\/v2\/media?parent=34893"}],"wp:term":[{"taxonomy":"product_cat","embeddable":true,"href":"https:\/\/pranarom.ca\/fr\/wp-json\/wp\/v2\/product_cat?post=34893"},{"taxonomy":"product_tag","embeddable":true,"href":"https:\/\/pranarom.ca\/fr\/wp-json\/wp\/v2\/product_tag?post=34893"}],"curies":[{"name":"wp","href":"https:\/\/api.w.org\/{rel}","templated":true}]}}