{"id":34877,"date":"2015-11-19T00:00:00","date_gmt":"2015-11-19T00:00:00","guid":{"rendered":"https:\/\/pranarom.ca\/?post_type=product&#038;p=34877"},"modified":"2022-03-28T18:27:29","modified_gmt":"2022-03-28T18:27:29","slug":"provence","status":"publish","type":"product","link":"https:\/\/pranarom.ca\/fr\/produit\/provence\/","title":{"rendered":"Champ de Provence"},"content":{"rendered":"<p>Notes aromatiques d\u00e9licates de lavande et de romarin sublim\u00e9es par l&#8217;odeur bois\u00e9e des cypr\u00e8s aux accents chauds du Sud. Une v\u00e9ritable envol\u00e9e ensoleill\u00e9e digne du Mistral qui vous nettoiera l&#8217;esprit et chassera les id\u00e9es noires.<\/p>\n<p>Gr\u00e2ce au savoir-faire et \u00e0 l&#8217;exp\u00e9rience d&#8217;un Nez Parfumeur de Grasse, Pranarom r\u00e9invente l&#8217;univers olfactif de ses synergies pour diffusion : la fragrance est sublim\u00e9e gr\u00e2ce \u00e0 la richesse et la subtilit\u00e9 d&#8217;une cr\u00e9ation unique aux notes aromatiques complexes. De cette belle alliance est n\u00e9e la gamme &#8220;Les Diffusables&#8221; aux accords olfactifs harmonieux 100% huiles essentielles certifi\u00e9es biologiques*.<\/p>\n<hr \/>\n<h2>Ingr\u00e9dients :<\/h2>\n<p>Huiles essentielles biologique* de Lavandin Super* (Lavandula super), Lavande vraie* (Lavandula angustifolia), Romarin* (Rosmarinus officinalis), Cypr\u00e8s toujours vert* (Cupressus sempervirens), Sauge sclar\u00e9e* (Salvia sclarea), Pin sylvestre* (Pinus sylvestris), C\u00e8dre de l&#8217;Atlas* (Cedrus atlantica), Cardamome* (Elettaria cardamomum), Menthe verte* (Mentha spicata), Eucalyptus globuleux* (Eucalyptus globulus), Orange douce* (Citrus sinensis), Poivre noir* (Piper nigrum).<\/p>\n<p>*Ingr\u00e9dients issu de l\u2019Agriculture Biologique (Contr\u00f4le Certisys BE-BIO-O1)<br \/>\n*Produit certifi\u00e9 conform\u00e9ment au cahier des charges ECOGARANTIE (Contr\u00f4le Certisys)<\/p>\n<hr \/>\n<h2>Conseils d\u2019utilisation :<\/h2>\n<ul>\n<li>1-6 gouttes peuvent \u00eatre ajout\u00e9es non-dilu\u00e9es dans le diffuseur (ultrasonique, atmosph\u00e9rique).<\/li>\n<li>La dur\u00e9e de diffusion et le d\u00e9bit varient selon la dimension de la pi\u00e8ce.<\/li>\n<li>Disposer le diffuseur afin d\u2019\u00e9viter le contact direct avec le visage ou les yeux.<\/li>\n<li>Toujours suivre les instructions du diffuseur utilis\u00e9.<\/li>\n<\/ul>\n<hr \/>\n<h2>Mises en garde :<\/h2>\n<ul>\n<li>Garder hors de la port\u00e9e des enfants.<\/li>\n<li>Usage externe seulement.<\/li>\n<li>Ne pas diffuser dans la chambre d\u2019enfants de moins de 6 ans.<\/li>\n<li>Ne pas utiliser pendant la grossesse ou l\u2019allaitement.<\/li>\n<li>Les animaux r\u00e9agissent aussi \u00e0 la diffusion.<\/li>\n<li>En cas d\u2019ingestion, chercher de l\u2019aide m\u00e9dicale de toute urgence ou consulter un centre antipoison.<\/li>\n<li>Si vous souffrez d\u2019\u00e9pilepsie ou d\u2019asthme, consulter un praticien en soins de sant\u00e9 avant l\u2019utilisation.<\/li>\n<li>\u00c9viter le contact avec les yeux et les muqueuses; en cas de contact, rincer abondamment avec de l\u2019eau ou de l\u2019huile v\u00e9g\u00e9tale.<\/li>\n<li>Si vous avez des naus\u00e9es, des \u00e9tourdissements, des maux de t\u00eate ou une r\u00e9action allergique, cessez l\u2019utilisation.<\/li>\n<\/ul>\n<hr \/>\n<h2>Diffuseurs Pranar\u014dm disponibles :<\/h2>\n<ul>\n<li><a href=\"https:\/\/pranarom.ca\/fr\/produit\/hiko-diffuseur-ultrasonique\/\">Hiko<\/a><\/li>\n<li><a href=\"https:\/\/pranarom.ca\/fr\/produit\/nobile-diffusion-a-sec\/\">Nobile<\/a><\/li>\n<\/ul>\n","protected":false},"excerpt":{"rendered":"<p><strong>Senteurs ensoleill\u00e9es de lavande et de romarin<\/strong><\/p>\n<p>Cette diffusion contient des huiles essentielles ch\u00e9motyp\u00e9es 100% pures, naturelles et biologiques<\/p>\n<p>30 ml | Biologique<\/p>\n<p>&nbsp;<\/p>\n","protected":false},"featured_media":58169,"comment_status":"closed","ping_status":"closed","template":"","meta":{"_et_pb_use_builder":"","_et_pb_old_content":"","_et_gb_content_width":""},"product_cat":[532,506,633,631,326],"product_tag":[],"acf":[],"yoast_head":"<!-- This site is optimized with the Yoast SEO plugin v22.6 - https:\/\/yoast.com\/wordpress\/plugins\/seo\/ -->\n<title>Provence par Pranarom| Synergies \u00e0 diffusion chemotyp\u00e9es pour l&#039;aromath\u00e9rapie<\/title>\n<meta name=\"description\" content=\"Achetez Provence par Pranarom et b\u00e9n\u00e9ficiez d&#039;une livraison rapide. N&#039;h\u00e9sitez pas \u00e0 magasiner d&#039;autres produits d&#039;aromath\u00e9rapie chez Pranarom.ca\" \/>\n<meta name=\"robots\" content=\"index, follow, max-snippet:-1, max-image-preview:large, max-video-preview:-1\" \/>\n<link rel=\"canonical\" href=\"https:\/\/pranarom.ca\/fr\/produit\/provence\/\" \/>\n<meta property=\"og:locale\" content=\"fr_FR\" \/>\n<meta property=\"og:type\" content=\"article\" \/>\n<meta property=\"og:title\" content=\"Provence par Pranarom| Synergies \u00e0 diffusion chemotyp\u00e9es pour l&#039;aromath\u00e9rapie\" \/>\n<meta property=\"og:description\" content=\"Achetez Provence par Pranarom et b\u00e9n\u00e9ficiez d&#039;une livraison rapide. N&#039;h\u00e9sitez pas \u00e0 magasiner d&#039;autres produits d&#039;aromath\u00e9rapie chez Pranarom.ca\" \/>\n<meta property=\"og:url\" content=\"https:\/\/pranarom.ca\/fr\/produit\/provence\/\" \/>\n<meta property=\"og:site_name\" content=\"Pranarom\" \/>\n<meta property=\"article:publisher\" content=\"https:\/\/www.facebook.com\/PranaromCanada\" \/>\n<meta property=\"article:modified_time\" content=\"2022-03-28T18:27:29+00:00\" \/>\n<meta property=\"og:image\" content=\"https:\/\/pranarom.ca\/wp-content\/uploads\/2020\/12\/P-DF06_F.png\" \/>\n\t<meta property=\"og:image:width\" content=\"1500\" \/>\n\t<meta property=\"og:image:height\" content=\"1500\" \/>\n\t<meta property=\"og:image:type\" content=\"image\/png\" \/>\n<meta name=\"twitter:card\" content=\"summary_large_image\" \/>\n<meta name=\"twitter:label1\" content=\"Dur\u00e9e de lecture estim\u00e9e\" \/>\n\t<meta name=\"twitter:data1\" content=\"2 minutes\" \/>\n<script type=\"application\/ld+json\" class=\"yoast-schema-graph\">{\"@context\":\"https:\/\/schema.org\",\"@graph\":[{\"@type\":\"WebPage\",\"@id\":\"https:\/\/pranarom.ca\/fr\/produit\/provence\/\",\"url\":\"https:\/\/pranarom.ca\/fr\/produit\/provence\/\",\"name\":\"Provence par Pranarom| Synergies \u00e0 diffusion chemotyp\u00e9es pour l'aromath\u00e9rapie\",\"isPartOf\":{\"@id\":\"https:\/\/pranarom.ca\/#website\"},\"primaryImageOfPage\":{\"@id\":\"https:\/\/pranarom.ca\/fr\/produit\/provence\/#primaryimage\"},\"image\":{\"@id\":\"https:\/\/pranarom.ca\/fr\/produit\/provence\/#primaryimage\"},\"thumbnailUrl\":\"https:\/\/pranarom.ca\/wp-content\/uploads\/2020\/12\/P-DF06_F.png\",\"datePublished\":\"2015-11-19T00:00:00+00:00\",\"dateModified\":\"2022-03-28T18:27:29+00:00\",\"description\":\"Achetez Provence par Pranarom et b\u00e9n\u00e9ficiez d'une livraison rapide. N'h\u00e9sitez pas \u00e0 magasiner d'autres produits d'aromath\u00e9rapie chez Pranarom.ca\",\"breadcrumb\":{\"@id\":\"https:\/\/pranarom.ca\/fr\/produit\/provence\/#breadcrumb\"},\"inLanguage\":\"fr-FR\",\"potentialAction\":[{\"@type\":\"ReadAction\",\"target\":[\"https:\/\/pranarom.ca\/fr\/produit\/provence\/\"]}]},{\"@type\":\"ImageObject\",\"inLanguage\":\"fr-FR\",\"@id\":\"https:\/\/pranarom.ca\/fr\/produit\/provence\/#primaryimage\",\"url\":\"https:\/\/pranarom.ca\/wp-content\/uploads\/2020\/12\/P-DF06_F.png\",\"contentUrl\":\"https:\/\/pranarom.ca\/wp-content\/uploads\/2020\/12\/P-DF06_F.png\",\"width\":1500,\"height\":1500},{\"@type\":\"BreadcrumbList\",\"@id\":\"https:\/\/pranarom.ca\/fr\/produit\/provence\/#breadcrumb\",\"itemListElement\":[{\"@type\":\"ListItem\",\"position\":1,\"name\":\"Home\",\"item\":\"https:\/\/pranarom.ca\/fr\/\"},{\"@type\":\"ListItem\",\"position\":2,\"name\":\"Shop\",\"item\":\"https:\/\/pranarom.ca\/shop\/\"},{\"@type\":\"ListItem\",\"position\":3,\"name\":\"Champ de Provence\"}]},{\"@type\":\"WebSite\",\"@id\":\"https:\/\/pranarom.ca\/#website\",\"url\":\"https:\/\/pranarom.ca\/\",\"name\":\"Pranarom Canada\",\"description\":\"Scientific Aromatherapyy\",\"publisher\":{\"@id\":\"https:\/\/pranarom.ca\/#organization\"},\"potentialAction\":[{\"@type\":\"SearchAction\",\"target\":{\"@type\":\"EntryPoint\",\"urlTemplate\":\"https:\/\/pranarom.ca\/?s={search_term_string}\"},\"query-input\":\"required name=search_term_string\"}],\"inLanguage\":\"fr-FR\"},{\"@type\":\"Organization\",\"@id\":\"https:\/\/pranarom.ca\/#organization\",\"name\":\"Pranarom\",\"url\":\"https:\/\/pranarom.ca\/\",\"logo\":{\"@type\":\"ImageObject\",\"inLanguage\":\"fr-FR\",\"@id\":\"https:\/\/pranarom.ca\/#\/schema\/logo\/image\/\",\"url\":\"https:\/\/pranarom.ca\/wp-content\/uploads\/2019\/03\/pranalogo.png\",\"contentUrl\":\"https:\/\/pranarom.ca\/wp-content\/uploads\/2019\/03\/pranalogo.png\",\"width\":330,\"height\":100,\"caption\":\"Pranarom\"},\"image\":{\"@id\":\"https:\/\/pranarom.ca\/#\/schema\/logo\/image\/\"},\"sameAs\":[\"https:\/\/www.facebook.com\/PranaromCanada\",\"http:\/\/instagram.com\/pranaromcanada\/\",\"https:\/\/www.instagram.com\/pranaromcanada\/\"]}]}<\/script>\n<!-- \/ Yoast SEO plugin. -->","yoast_head_json":{"title":"Provence par Pranarom| Synergies \u00e0 diffusion chemotyp\u00e9es pour l'aromath\u00e9rapie","description":"Achetez Provence par Pranarom et b\u00e9n\u00e9ficiez d'une livraison rapide. N'h\u00e9sitez pas \u00e0 magasiner d'autres produits d'aromath\u00e9rapie chez Pranarom.ca","robots":{"index":"index","follow":"follow","max-snippet":"max-snippet:-1","max-image-preview":"max-image-preview:large","max-video-preview":"max-video-preview:-1"},"canonical":"https:\/\/pranarom.ca\/fr\/produit\/provence\/","og_locale":"fr_FR","og_type":"article","og_title":"Provence par Pranarom| Synergies \u00e0 diffusion chemotyp\u00e9es pour l'aromath\u00e9rapie","og_description":"Achetez Provence par Pranarom et b\u00e9n\u00e9ficiez d'une livraison rapide. N'h\u00e9sitez pas \u00e0 magasiner d'autres produits d'aromath\u00e9rapie chez Pranarom.ca","og_url":"https:\/\/pranarom.ca\/fr\/produit\/provence\/","og_site_name":"Pranarom","article_publisher":"https:\/\/www.facebook.com\/PranaromCanada","article_modified_time":"2022-03-28T18:27:29+00:00","og_image":[{"width":1500,"height":1500,"url":"https:\/\/pranarom.ca\/wp-content\/uploads\/2020\/12\/P-DF06_F.png","type":"image\/png"}],"twitter_card":"summary_large_image","twitter_misc":{"Dur\u00e9e de lecture estim\u00e9e":"2 minutes"},"schema":{"@context":"https:\/\/schema.org","@graph":[{"@type":"WebPage","@id":"https:\/\/pranarom.ca\/fr\/produit\/provence\/","url":"https:\/\/pranarom.ca\/fr\/produit\/provence\/","name":"Provence par Pranarom| Synergies \u00e0 diffusion chemotyp\u00e9es pour l'aromath\u00e9rapie","isPartOf":{"@id":"https:\/\/pranarom.ca\/#website"},"primaryImageOfPage":{"@id":"https:\/\/pranarom.ca\/fr\/produit\/provence\/#primaryimage"},"image":{"@id":"https:\/\/pranarom.ca\/fr\/produit\/provence\/#primaryimage"},"thumbnailUrl":"https:\/\/pranarom.ca\/wp-content\/uploads\/2020\/12\/P-DF06_F.png","datePublished":"2015-11-19T00:00:00+00:00","dateModified":"2022-03-28T18:27:29+00:00","description":"Achetez Provence par Pranarom et b\u00e9n\u00e9ficiez d'une livraison rapide. N'h\u00e9sitez pas \u00e0 magasiner d'autres produits d'aromath\u00e9rapie chez Pranarom.ca","breadcrumb":{"@id":"https:\/\/pranarom.ca\/fr\/produit\/provence\/#breadcrumb"},"inLanguage":"fr-FR","potentialAction":[{"@type":"ReadAction","target":["https:\/\/pranarom.ca\/fr\/produit\/provence\/"]}]},{"@type":"ImageObject","inLanguage":"fr-FR","@id":"https:\/\/pranarom.ca\/fr\/produit\/provence\/#primaryimage","url":"https:\/\/pranarom.ca\/wp-content\/uploads\/2020\/12\/P-DF06_F.png","contentUrl":"https:\/\/pranarom.ca\/wp-content\/uploads\/2020\/12\/P-DF06_F.png","width":1500,"height":1500},{"@type":"BreadcrumbList","@id":"https:\/\/pranarom.ca\/fr\/produit\/provence\/#breadcrumb","itemListElement":[{"@type":"ListItem","position":1,"name":"Home","item":"https:\/\/pranarom.ca\/fr\/"},{"@type":"ListItem","position":2,"name":"Shop","item":"https:\/\/pranarom.ca\/shop\/"},{"@type":"ListItem","position":3,"name":"Champ de Provence"}]},{"@type":"WebSite","@id":"https:\/\/pranarom.ca\/#website","url":"https:\/\/pranarom.ca\/","name":"Pranarom Canada","description":"Scientific Aromatherapyy","publisher":{"@id":"https:\/\/pranarom.ca\/#organization"},"potentialAction":[{"@type":"SearchAction","target":{"@type":"EntryPoint","urlTemplate":"https:\/\/pranarom.ca\/?s={search_term_string}"},"query-input":"required name=search_term_string"}],"inLanguage":"fr-FR"},{"@type":"Organization","@id":"https:\/\/pranarom.ca\/#organization","name":"Pranarom","url":"https:\/\/pranarom.ca\/","logo":{"@type":"ImageObject","inLanguage":"fr-FR","@id":"https:\/\/pranarom.ca\/#\/schema\/logo\/image\/","url":"https:\/\/pranarom.ca\/wp-content\/uploads\/2019\/03\/pranalogo.png","contentUrl":"https:\/\/pranarom.ca\/wp-content\/uploads\/2019\/03\/pranalogo.png","width":330,"height":100,"caption":"Pranarom"},"image":{"@id":"https:\/\/pranarom.ca\/#\/schema\/logo\/image\/"},"sameAs":["https:\/\/www.facebook.com\/PranaromCanada","http:\/\/instagram.com\/pranaromcanada\/","https:\/\/www.instagram.com\/pranaromcanada\/"]}]}},"jetpack_sharing_enabled":true,"_links":{"self":[{"href":"https:\/\/pranarom.ca\/fr\/wp-json\/wp\/v2\/product\/34877"}],"collection":[{"href":"https:\/\/pranarom.ca\/fr\/wp-json\/wp\/v2\/product"}],"about":[{"href":"https:\/\/pranarom.ca\/fr\/wp-json\/wp\/v2\/types\/product"}],"replies":[{"embeddable":true,"href":"https:\/\/pranarom.ca\/fr\/wp-json\/wp\/v2\/comments?post=34877"}],"wp:featuredmedia":[{"embeddable":true,"href":"https:\/\/pranarom.ca\/fr\/wp-json\/wp\/v2\/media\/58169"}],"wp:attachment":[{"href":"https:\/\/pranarom.ca\/fr\/wp-json\/wp\/v2\/media?parent=34877"}],"wp:term":[{"taxonomy":"product_cat","embeddable":true,"href":"https:\/\/pranarom.ca\/fr\/wp-json\/wp\/v2\/product_cat?post=34877"},{"taxonomy":"product_tag","embeddable":true,"href":"https:\/\/pranarom.ca\/fr\/wp-json\/wp\/v2\/product_tag?post=34877"}],"curies":[{"name":"wp","href":"https:\/\/api.w.org\/{rel}","templated":true}]}}