{"id":34868,"date":"2015-11-19T00:00:00","date_gmt":"2015-11-19T00:00:00","guid":{"rendered":"https:\/\/pranarom.ca\/?post_type=product&#038;p=34868"},"modified":"2022-10-04T14:43:41","modified_gmt":"2022-10-04T14:43:41","slug":"huile-de-base-naturelle","status":"publish","type":"product","link":"https:\/\/pranarom.ca\/fr\/produit\/huile-de-base-naturelle\/","title":{"rendered":"Huile de massage neutre"},"content":{"rendered":"<p>Cette huile riche en acides gras essentiels et vitamines permet de r\u00e9aliser un massage du corps tout entier et du visage. Laisse la peau douce, souple et agr\u00e9ablement satin\u00e9e.<\/p>\n<p>Aromaself Huile de massage peut \u00eatre utilis\u00e9e pure ou comme support pour r\u00e9aliser vos synergies DIY \u00e0 base d\u2019huiles essentielles.<\/p>\n<hr \/>\n<h2>Composition\u00a0:<\/h2>\n<p>Aux huiles v\u00e9g\u00e9tales BIO* : Noyau d\u2019abricot*, tournesol* et rose musqu\u00e9e*.<\/p>\n<hr \/>\n<h2>Ingr\u00e9dients (INCI) :<\/h2>\n<p>Prunus armeniaca kernel oil*, Helianthus annuus (sunflower) seed oil*, Rosa rubiginosa seed oil*, Tocopherol.<\/p>\n<p>*Ingr\u00e9dient issu de l\u2019agriculture biologique (contr\u00f4le Certisys-BE-BIO-01)<br \/>\nProduit certifi\u00e9 ECOGARANTIE\u00ae (Contr\u00f4le Certisys)<\/p>\n<hr \/>\n<h2>Conseils d\u2019utilisation :<\/h2>\n<p>D\u00e9posez une pression d\u2019huile dans la paume de la main. Ajoutez entre 1 et 2 gouttes gouttes d\u2019huiles essentielles adapt\u00e9es \u00e0 l\u2019usage cutan\u00e9 et m\u00e9langez quelques secondes. Appliquez ensuite localement et massez jusqu\u2019\u00e0 p\u00e9n\u00e9tration compl\u00e8te.<\/p>\n<p>Adaptez la quantit\u00e9 d\u2019huile de massage en fonctionde la zone \u00e0 masser. Respectez toujours les pr\u00e9cautions d\u2019emploi relatives aux huiles essentielles.<\/p>\n<p>Utiliser non dilu\u00e9 comme une huile de massage pour le corps ou le visage, ou apr\u00e8s la douche comme un hydratant nourrissant pour le corps.<\/p>\n<hr \/>\n<h2>Pr\u00e9cautions d\u2019emploi :<\/h2>\n<p>Tenir hors de port\u00e9e des jeunes enfants.<br \/>\n\u00c9viter le contact avec les muqueuses.<br \/>\n\u00c0 conserver \u00e0 l\u2019abri de toute source de chaleur et de la lumi\u00e8re.<\/p>\n<p>USAGE EXTERNE<\/p>\n","protected":false},"excerpt":{"rendered":"<p><strong>Huiles v\u00e9g\u00e9tales 100% pures et naturelles\u00a0\u2013\u00a0biologiques<\/strong><\/p>\n<p>Texture fluide et glissante id\u00e9ale pour le massage &#8211; Tous types de peaux<br \/>\nSans allerg\u00e8nes &#8211; Odeur neutre &#8211; V\u00e9gan<\/p>\n<p>100 ml<\/p>\n","protected":false},"featured_media":59990,"comment_status":"open","ping_status":"closed","template":"","meta":{"_et_pb_use_builder":"","_et_pb_old_content":"","_et_gb_content_width":""},"product_cat":[326,339],"product_tag":[],"acf":[],"yoast_head":"<!-- This site is optimized with the Yoast SEO plugin v22.6 - https:\/\/yoast.com\/wordpress\/plugins\/seo\/ -->\n<title>Huile v\u00e9g\u00e9tale BIO Huile de base naturelle par Pranarom | Boutique<\/title>\n<meta name=\"description\" content=\"Achetez Huile de base naturelle par Pranarom et b\u00e9n\u00e9ficiez d&#039;une livraison rapide. N&#039;h\u00e9sitez pas \u00e0 magasiner d&#039;autres d&#039;huiles v\u00e9g\u00e9tales biologiques chez Pranarom.ca\" \/>\n<meta name=\"robots\" content=\"index, follow, max-snippet:-1, max-image-preview:large, max-video-preview:-1\" \/>\n<link rel=\"canonical\" href=\"https:\/\/pranarom.ca\/produit\/natural-base-oil-for-massage\/\" \/>\n<meta property=\"og:locale\" content=\"fr_FR\" \/>\n<meta property=\"og:type\" content=\"article\" \/>\n<meta property=\"og:title\" content=\"Huile v\u00e9g\u00e9tale BIO Huile de base naturelle par Pranarom | Boutique\" \/>\n<meta property=\"og:description\" content=\"Achetez Huile de base naturelle par Pranarom et b\u00e9n\u00e9ficiez d&#039;une livraison rapide. N&#039;h\u00e9sitez pas \u00e0 magasiner d&#039;autres d&#039;huiles v\u00e9g\u00e9tales biologiques chez Pranarom.ca\" \/>\n<meta property=\"og:url\" content=\"https:\/\/pranarom.ca\/produit\/natural-base-oil-for-massage\/\" \/>\n<meta property=\"og:site_name\" content=\"Pranarom\" \/>\n<meta property=\"article:publisher\" content=\"https:\/\/www.facebook.com\/PranaromCanada\" \/>\n<meta property=\"article:modified_time\" content=\"2022-10-04T14:43:41+00:00\" \/>\n<meta property=\"og:image\" content=\"https:\/\/pranarom.ca\/wp-content\/uploads\/2015\/11\/P-MA01-2022-10.png\" \/>\n\t<meta property=\"og:image:width\" content=\"1500\" \/>\n\t<meta property=\"og:image:height\" content=\"1500\" \/>\n\t<meta property=\"og:image:type\" content=\"image\/png\" \/>\n<meta name=\"twitter:card\" content=\"summary_large_image\" \/>\n<meta name=\"twitter:label1\" content=\"Dur\u00e9e de lecture estim\u00e9e\" \/>\n\t<meta name=\"twitter:data1\" content=\"1 minute\" \/>\n<script type=\"application\/ld+json\" class=\"yoast-schema-graph\">{\"@context\":\"https:\/\/schema.org\",\"@graph\":[{\"@type\":\"WebPage\",\"@id\":\"https:\/\/pranarom.ca\/produit\/natural-base-oil-for-massage\/\",\"url\":\"https:\/\/pranarom.ca\/produit\/natural-base-oil-for-massage\/\",\"name\":\"Huile v\u00e9g\u00e9tale BIO Huile de base naturelle par Pranarom | Boutique\",\"isPartOf\":{\"@id\":\"https:\/\/pranarom.ca\/#website\"},\"primaryImageOfPage\":{\"@id\":\"https:\/\/pranarom.ca\/produit\/natural-base-oil-for-massage\/#primaryimage\"},\"image\":{\"@id\":\"https:\/\/pranarom.ca\/produit\/natural-base-oil-for-massage\/#primaryimage\"},\"thumbnailUrl\":\"https:\/\/pranarom.ca\/wp-content\/uploads\/2015\/11\/P-MA01-2022-10.png\",\"datePublished\":\"2015-11-19T00:00:00+00:00\",\"dateModified\":\"2022-10-04T14:43:41+00:00\",\"description\":\"Achetez Huile de base naturelle par Pranarom et b\u00e9n\u00e9ficiez d'une livraison rapide. N'h\u00e9sitez pas \u00e0 magasiner d'autres d'huiles v\u00e9g\u00e9tales biologiques chez Pranarom.ca\",\"breadcrumb\":{\"@id\":\"https:\/\/pranarom.ca\/produit\/natural-base-oil-for-massage\/#breadcrumb\"},\"inLanguage\":\"fr-FR\",\"potentialAction\":[{\"@type\":\"ReadAction\",\"target\":[\"https:\/\/pranarom.ca\/produit\/natural-base-oil-for-massage\/\"]}]},{\"@type\":\"ImageObject\",\"inLanguage\":\"fr-FR\",\"@id\":\"https:\/\/pranarom.ca\/produit\/natural-base-oil-for-massage\/#primaryimage\",\"url\":\"https:\/\/pranarom.ca\/wp-content\/uploads\/2015\/11\/P-MA01-2022-10.png\",\"contentUrl\":\"https:\/\/pranarom.ca\/wp-content\/uploads\/2015\/11\/P-MA01-2022-10.png\",\"width\":1500,\"height\":1500},{\"@type\":\"BreadcrumbList\",\"@id\":\"https:\/\/pranarom.ca\/produit\/natural-base-oil-for-massage\/#breadcrumb\",\"itemListElement\":[{\"@type\":\"ListItem\",\"position\":1,\"name\":\"Home\",\"item\":\"https:\/\/pranarom.ca\/fr\/\"},{\"@type\":\"ListItem\",\"position\":2,\"name\":\"Shop\",\"item\":\"https:\/\/pranarom.ca\/shop\/\"},{\"@type\":\"ListItem\",\"position\":3,\"name\":\"Huile de massage neutre\"}]},{\"@type\":\"WebSite\",\"@id\":\"https:\/\/pranarom.ca\/#website\",\"url\":\"https:\/\/pranarom.ca\/\",\"name\":\"Pranarom Canada\",\"description\":\"Scientific Aromatherapyy\",\"publisher\":{\"@id\":\"https:\/\/pranarom.ca\/#organization\"},\"potentialAction\":[{\"@type\":\"SearchAction\",\"target\":{\"@type\":\"EntryPoint\",\"urlTemplate\":\"https:\/\/pranarom.ca\/?s={search_term_string}\"},\"query-input\":\"required name=search_term_string\"}],\"inLanguage\":\"fr-FR\"},{\"@type\":\"Organization\",\"@id\":\"https:\/\/pranarom.ca\/#organization\",\"name\":\"Pranarom\",\"url\":\"https:\/\/pranarom.ca\/\",\"logo\":{\"@type\":\"ImageObject\",\"inLanguage\":\"fr-FR\",\"@id\":\"https:\/\/pranarom.ca\/#\/schema\/logo\/image\/\",\"url\":\"https:\/\/pranarom.ca\/wp-content\/uploads\/2019\/03\/pranalogo.png\",\"contentUrl\":\"https:\/\/pranarom.ca\/wp-content\/uploads\/2019\/03\/pranalogo.png\",\"width\":330,\"height\":100,\"caption\":\"Pranarom\"},\"image\":{\"@id\":\"https:\/\/pranarom.ca\/#\/schema\/logo\/image\/\"},\"sameAs\":[\"https:\/\/www.facebook.com\/PranaromCanada\",\"http:\/\/instagram.com\/pranaromcanada\/\",\"https:\/\/www.instagram.com\/pranaromcanada\/\"]}]}<\/script>\n<!-- \/ Yoast SEO plugin. -->","yoast_head_json":{"title":"Huile v\u00e9g\u00e9tale BIO Huile de base naturelle par Pranarom | Boutique","description":"Achetez Huile de base naturelle par Pranarom et b\u00e9n\u00e9ficiez d'une livraison rapide. N'h\u00e9sitez pas \u00e0 magasiner d'autres d'huiles v\u00e9g\u00e9tales biologiques chez Pranarom.ca","robots":{"index":"index","follow":"follow","max-snippet":"max-snippet:-1","max-image-preview":"max-image-preview:large","max-video-preview":"max-video-preview:-1"},"canonical":"https:\/\/pranarom.ca\/produit\/natural-base-oil-for-massage\/","og_locale":"fr_FR","og_type":"article","og_title":"Huile v\u00e9g\u00e9tale BIO Huile de base naturelle par Pranarom | Boutique","og_description":"Achetez Huile de base naturelle par Pranarom et b\u00e9n\u00e9ficiez d'une livraison rapide. N'h\u00e9sitez pas \u00e0 magasiner d'autres d'huiles v\u00e9g\u00e9tales biologiques chez Pranarom.ca","og_url":"https:\/\/pranarom.ca\/produit\/natural-base-oil-for-massage\/","og_site_name":"Pranarom","article_publisher":"https:\/\/www.facebook.com\/PranaromCanada","article_modified_time":"2022-10-04T14:43:41+00:00","og_image":[{"width":1500,"height":1500,"url":"https:\/\/pranarom.ca\/wp-content\/uploads\/2015\/11\/P-MA01-2022-10.png","type":"image\/png"}],"twitter_card":"summary_large_image","twitter_misc":{"Dur\u00e9e de lecture estim\u00e9e":"1 minute"},"schema":{"@context":"https:\/\/schema.org","@graph":[{"@type":"WebPage","@id":"https:\/\/pranarom.ca\/produit\/natural-base-oil-for-massage\/","url":"https:\/\/pranarom.ca\/produit\/natural-base-oil-for-massage\/","name":"Huile v\u00e9g\u00e9tale BIO Huile de base naturelle par Pranarom | Boutique","isPartOf":{"@id":"https:\/\/pranarom.ca\/#website"},"primaryImageOfPage":{"@id":"https:\/\/pranarom.ca\/produit\/natural-base-oil-for-massage\/#primaryimage"},"image":{"@id":"https:\/\/pranarom.ca\/produit\/natural-base-oil-for-massage\/#primaryimage"},"thumbnailUrl":"https:\/\/pranarom.ca\/wp-content\/uploads\/2015\/11\/P-MA01-2022-10.png","datePublished":"2015-11-19T00:00:00+00:00","dateModified":"2022-10-04T14:43:41+00:00","description":"Achetez Huile de base naturelle par Pranarom et b\u00e9n\u00e9ficiez d'une livraison rapide. N'h\u00e9sitez pas \u00e0 magasiner d'autres d'huiles v\u00e9g\u00e9tales biologiques chez Pranarom.ca","breadcrumb":{"@id":"https:\/\/pranarom.ca\/produit\/natural-base-oil-for-massage\/#breadcrumb"},"inLanguage":"fr-FR","potentialAction":[{"@type":"ReadAction","target":["https:\/\/pranarom.ca\/produit\/natural-base-oil-for-massage\/"]}]},{"@type":"ImageObject","inLanguage":"fr-FR","@id":"https:\/\/pranarom.ca\/produit\/natural-base-oil-for-massage\/#primaryimage","url":"https:\/\/pranarom.ca\/wp-content\/uploads\/2015\/11\/P-MA01-2022-10.png","contentUrl":"https:\/\/pranarom.ca\/wp-content\/uploads\/2015\/11\/P-MA01-2022-10.png","width":1500,"height":1500},{"@type":"BreadcrumbList","@id":"https:\/\/pranarom.ca\/produit\/natural-base-oil-for-massage\/#breadcrumb","itemListElement":[{"@type":"ListItem","position":1,"name":"Home","item":"https:\/\/pranarom.ca\/fr\/"},{"@type":"ListItem","position":2,"name":"Shop","item":"https:\/\/pranarom.ca\/shop\/"},{"@type":"ListItem","position":3,"name":"Huile de massage neutre"}]},{"@type":"WebSite","@id":"https:\/\/pranarom.ca\/#website","url":"https:\/\/pranarom.ca\/","name":"Pranarom Canada","description":"Scientific Aromatherapyy","publisher":{"@id":"https:\/\/pranarom.ca\/#organization"},"potentialAction":[{"@type":"SearchAction","target":{"@type":"EntryPoint","urlTemplate":"https:\/\/pranarom.ca\/?s={search_term_string}"},"query-input":"required name=search_term_string"}],"inLanguage":"fr-FR"},{"@type":"Organization","@id":"https:\/\/pranarom.ca\/#organization","name":"Pranarom","url":"https:\/\/pranarom.ca\/","logo":{"@type":"ImageObject","inLanguage":"fr-FR","@id":"https:\/\/pranarom.ca\/#\/schema\/logo\/image\/","url":"https:\/\/pranarom.ca\/wp-content\/uploads\/2019\/03\/pranalogo.png","contentUrl":"https:\/\/pranarom.ca\/wp-content\/uploads\/2019\/03\/pranalogo.png","width":330,"height":100,"caption":"Pranarom"},"image":{"@id":"https:\/\/pranarom.ca\/#\/schema\/logo\/image\/"},"sameAs":["https:\/\/www.facebook.com\/PranaromCanada","http:\/\/instagram.com\/pranaromcanada\/","https:\/\/www.instagram.com\/pranaromcanada\/"]}]}},"jetpack_sharing_enabled":true,"_links":{"self":[{"href":"https:\/\/pranarom.ca\/fr\/wp-json\/wp\/v2\/product\/34868"}],"collection":[{"href":"https:\/\/pranarom.ca\/fr\/wp-json\/wp\/v2\/product"}],"about":[{"href":"https:\/\/pranarom.ca\/fr\/wp-json\/wp\/v2\/types\/product"}],"replies":[{"embeddable":true,"href":"https:\/\/pranarom.ca\/fr\/wp-json\/wp\/v2\/comments?post=34868"}],"wp:featuredmedia":[{"embeddable":true,"href":"https:\/\/pranarom.ca\/fr\/wp-json\/wp\/v2\/media\/59990"}],"wp:attachment":[{"href":"https:\/\/pranarom.ca\/fr\/wp-json\/wp\/v2\/media?parent=34868"}],"wp:term":[{"taxonomy":"product_cat","embeddable":true,"href":"https:\/\/pranarom.ca\/fr\/wp-json\/wp\/v2\/product_cat?post=34868"},{"taxonomy":"product_tag","embeddable":true,"href":"https:\/\/pranarom.ca\/fr\/wp-json\/wp\/v2\/product_tag?post=34868"}],"curies":[{"name":"wp","href":"https:\/\/api.w.org\/{rel}","templated":true}]}}