{"id":34866,"date":"2015-11-19T00:00:00","date_gmt":"2015-11-19T00:00:00","guid":{"rendered":"https:\/\/pranarom.ca\/?post_type=product&#038;p=34866"},"modified":"2022-10-20T19:08:57","modified_gmt":"2022-10-20T19:08:57","slug":"amande-douce","status":"publish","type":"product","link":"https:\/\/pranarom.ca\/fr\/produit\/amande-douce\/","title":{"rendered":"Amande douce"},"content":{"rendered":"<hr \/>\n<h2>Type de peau :<\/h2>\n<p>Convient aux peaux s\u00e8ches et fragiles.<\/p>\n<hr \/>\n<h2>Caract\u00e9ristiques :<\/h2>\n<p><strong>Couleur :<\/strong> l\u00e9g\u00e8rement jaune<\/p>\n<p><strong>Odeur :<\/strong> douce et discr\u00e8te<\/p>\n<hr \/>\n<h2>Ingr\u00e9dients:<\/h2>\n<p><em>Prunus amygdalus dulcis<\/em> (sweet almond) oil, Tocopherol.<\/p>\n<p>*BIO signifie \u201cissu de l\u2019agriculture biologique\u201c (Contr\u00f4le Certisys-BE-01)<br \/>\nBE-BIO-01 Certisys Agriculture UE\/ non UE<\/p>\n<hr \/>\n<h2>Mode d\u2019emploi :<\/h2>\n<p>Appliquer \u00e0 l\u2019endroit d\u00e9sir\u00e9 et masser d\u00e9licatement. Support id\u00e9al des huiles essentielles pour le massage aromatique. Pour 5 \u00e0 10 ml d\u2019huile d\u2019Amande douce, incorporer 1 \u00e0 2 gouttes d\u2019huile essentielle Pranar\u014dm de votre choix selon les bienfaits souhait\u00e9s ou simplement ajouter une fragrance au massage.<\/p>\n<hr \/>\n<h2>Mises en garde :<\/h2>\n<ul>\n<li>Ne pas utiliser si vous \u00eates allergique aux noix.<\/li>\n<li>\u00c0 conserver \u00e0 l\u2019abri de toute source de chaleur et de la lumi\u00e8re.<\/li>\n<li>Tenir hors de la port\u00e9e des jeunes enfants.<\/li>\n<li>Usage externe.<\/li>\n<\/ul>\n","protected":false},"excerpt":{"rendered":"<p><strong>Huile v\u00e9g\u00e9tale 100% naturelle<\/strong><strong> &#8211; biologique<\/strong><\/p>\n<p>Apaise et adoucit les peaux les plus sensibles. Est aussi appr\u00e9ci\u00e9e en cr\u00e8me de nuit par les peaux atones.<\/p>\n<p>50 ml<\/p>\n","protected":false},"featured_media":60041,"comment_status":"open","ping_status":"closed","template":"","meta":{"_et_pb_use_builder":"","_et_pb_old_content":"","_et_gb_content_width":""},"product_cat":[326,339],"product_tag":[550],"acf":[],"yoast_head":"<!-- This site is optimized with the Yoast SEO plugin v22.6 - https:\/\/yoast.com\/wordpress\/plugins\/seo\/ -->\n<title>Huile v\u00e9g\u00e9tale BIO Amande douce par Pranarom | Boutique<\/title>\n<meta name=\"description\" content=\"Achetez Amande douce par Pranarom et b\u00e9n\u00e9ficiez d&#039;une livraison rapide. N&#039;h\u00e9sitez pas \u00e0 magasiner d&#039;autres d&#039;huiles v\u00e9g\u00e9tales biologiques chez Pranarom.ca\" \/>\n<meta name=\"robots\" content=\"index, follow, max-snippet:-1, max-image-preview:large, max-video-preview:-1\" \/>\n<link rel=\"canonical\" href=\"https:\/\/pranarom.ca\/fr\/produit\/amande-douce\/\" \/>\n<meta property=\"og:locale\" content=\"fr_FR\" \/>\n<meta property=\"og:type\" content=\"article\" \/>\n<meta property=\"og:title\" content=\"Huile v\u00e9g\u00e9tale BIO Amande douce par Pranarom | Boutique\" \/>\n<meta property=\"og:description\" content=\"Achetez Amande douce par Pranarom et b\u00e9n\u00e9ficiez d&#039;une livraison rapide. N&#039;h\u00e9sitez pas \u00e0 magasiner d&#039;autres d&#039;huiles v\u00e9g\u00e9tales biologiques chez Pranarom.ca\" \/>\n<meta property=\"og:url\" content=\"https:\/\/pranarom.ca\/fr\/produit\/amande-douce\/\" \/>\n<meta property=\"og:site_name\" content=\"Pranarom\" \/>\n<meta property=\"article:publisher\" content=\"https:\/\/www.facebook.com\/PranaromCanada\" \/>\n<meta property=\"article:modified_time\" content=\"2022-10-20T19:08:57+00:00\" \/>\n<meta property=\"og:image\" content=\"https:\/\/pranarom.ca\/wp-content\/uploads\/2015\/11\/2.png\" \/>\n\t<meta property=\"og:image:width\" content=\"1500\" \/>\n\t<meta property=\"og:image:height\" content=\"1500\" \/>\n\t<meta property=\"og:image:type\" content=\"image\/png\" \/>\n<meta name=\"twitter:card\" content=\"summary_large_image\" \/>\n<meta name=\"twitter:label1\" content=\"Dur\u00e9e de lecture estim\u00e9e\" \/>\n\t<meta name=\"twitter:data1\" content=\"1 minute\" \/>\n<script type=\"application\/ld+json\" class=\"yoast-schema-graph\">{\"@context\":\"https:\/\/schema.org\",\"@graph\":[{\"@type\":\"WebPage\",\"@id\":\"https:\/\/pranarom.ca\/fr\/produit\/amande-douce\/\",\"url\":\"https:\/\/pranarom.ca\/fr\/produit\/amande-douce\/\",\"name\":\"Huile v\u00e9g\u00e9tale BIO Amande douce par Pranarom | Boutique\",\"isPartOf\":{\"@id\":\"https:\/\/pranarom.ca\/#website\"},\"primaryImageOfPage\":{\"@id\":\"https:\/\/pranarom.ca\/fr\/produit\/amande-douce\/#primaryimage\"},\"image\":{\"@id\":\"https:\/\/pranarom.ca\/fr\/produit\/amande-douce\/#primaryimage\"},\"thumbnailUrl\":\"https:\/\/pranarom.ca\/wp-content\/uploads\/2015\/11\/2.png\",\"datePublished\":\"2015-11-19T00:00:00+00:00\",\"dateModified\":\"2022-10-20T19:08:57+00:00\",\"description\":\"Achetez Amande douce par Pranarom et b\u00e9n\u00e9ficiez d'une livraison rapide. N'h\u00e9sitez pas \u00e0 magasiner d'autres d'huiles v\u00e9g\u00e9tales biologiques chez Pranarom.ca\",\"breadcrumb\":{\"@id\":\"https:\/\/pranarom.ca\/fr\/produit\/amande-douce\/#breadcrumb\"},\"inLanguage\":\"fr-FR\",\"potentialAction\":[{\"@type\":\"ReadAction\",\"target\":[\"https:\/\/pranarom.ca\/fr\/produit\/amande-douce\/\"]}]},{\"@type\":\"ImageObject\",\"inLanguage\":\"fr-FR\",\"@id\":\"https:\/\/pranarom.ca\/fr\/produit\/amande-douce\/#primaryimage\",\"url\":\"https:\/\/pranarom.ca\/wp-content\/uploads\/2015\/11\/2.png\",\"contentUrl\":\"https:\/\/pranarom.ca\/wp-content\/uploads\/2015\/11\/2.png\",\"width\":1500,\"height\":1500},{\"@type\":\"BreadcrumbList\",\"@id\":\"https:\/\/pranarom.ca\/fr\/produit\/amande-douce\/#breadcrumb\",\"itemListElement\":[{\"@type\":\"ListItem\",\"position\":1,\"name\":\"Home\",\"item\":\"https:\/\/pranarom.ca\/fr\/\"},{\"@type\":\"ListItem\",\"position\":2,\"name\":\"Shop\",\"item\":\"https:\/\/pranarom.ca\/shop\/\"},{\"@type\":\"ListItem\",\"position\":3,\"name\":\"Amande douce\"}]},{\"@type\":\"WebSite\",\"@id\":\"https:\/\/pranarom.ca\/#website\",\"url\":\"https:\/\/pranarom.ca\/\",\"name\":\"Pranarom Canada\",\"description\":\"Scientific Aromatherapyy\",\"publisher\":{\"@id\":\"https:\/\/pranarom.ca\/#organization\"},\"potentialAction\":[{\"@type\":\"SearchAction\",\"target\":{\"@type\":\"EntryPoint\",\"urlTemplate\":\"https:\/\/pranarom.ca\/?s={search_term_string}\"},\"query-input\":\"required name=search_term_string\"}],\"inLanguage\":\"fr-FR\"},{\"@type\":\"Organization\",\"@id\":\"https:\/\/pranarom.ca\/#organization\",\"name\":\"Pranarom\",\"url\":\"https:\/\/pranarom.ca\/\",\"logo\":{\"@type\":\"ImageObject\",\"inLanguage\":\"fr-FR\",\"@id\":\"https:\/\/pranarom.ca\/#\/schema\/logo\/image\/\",\"url\":\"https:\/\/pranarom.ca\/wp-content\/uploads\/2019\/03\/pranalogo.png\",\"contentUrl\":\"https:\/\/pranarom.ca\/wp-content\/uploads\/2019\/03\/pranalogo.png\",\"width\":330,\"height\":100,\"caption\":\"Pranarom\"},\"image\":{\"@id\":\"https:\/\/pranarom.ca\/#\/schema\/logo\/image\/\"},\"sameAs\":[\"https:\/\/www.facebook.com\/PranaromCanada\",\"http:\/\/instagram.com\/pranaromcanada\/\",\"https:\/\/www.instagram.com\/pranaromcanada\/\"]}]}<\/script>\n<!-- \/ Yoast SEO plugin. -->","yoast_head_json":{"title":"Huile v\u00e9g\u00e9tale BIO Amande douce par Pranarom | Boutique","description":"Achetez Amande douce par Pranarom et b\u00e9n\u00e9ficiez d'une livraison rapide. N'h\u00e9sitez pas \u00e0 magasiner d'autres d'huiles v\u00e9g\u00e9tales biologiques chez Pranarom.ca","robots":{"index":"index","follow":"follow","max-snippet":"max-snippet:-1","max-image-preview":"max-image-preview:large","max-video-preview":"max-video-preview:-1"},"canonical":"https:\/\/pranarom.ca\/fr\/produit\/amande-douce\/","og_locale":"fr_FR","og_type":"article","og_title":"Huile v\u00e9g\u00e9tale BIO Amande douce par Pranarom | Boutique","og_description":"Achetez Amande douce par Pranarom et b\u00e9n\u00e9ficiez d'une livraison rapide. N'h\u00e9sitez pas \u00e0 magasiner d'autres d'huiles v\u00e9g\u00e9tales biologiques chez Pranarom.ca","og_url":"https:\/\/pranarom.ca\/fr\/produit\/amande-douce\/","og_site_name":"Pranarom","article_publisher":"https:\/\/www.facebook.com\/PranaromCanada","article_modified_time":"2022-10-20T19:08:57+00:00","og_image":[{"width":1500,"height":1500,"url":"https:\/\/pranarom.ca\/wp-content\/uploads\/2015\/11\/2.png","type":"image\/png"}],"twitter_card":"summary_large_image","twitter_misc":{"Dur\u00e9e de lecture estim\u00e9e":"1 minute"},"schema":{"@context":"https:\/\/schema.org","@graph":[{"@type":"WebPage","@id":"https:\/\/pranarom.ca\/fr\/produit\/amande-douce\/","url":"https:\/\/pranarom.ca\/fr\/produit\/amande-douce\/","name":"Huile v\u00e9g\u00e9tale BIO Amande douce par Pranarom | Boutique","isPartOf":{"@id":"https:\/\/pranarom.ca\/#website"},"primaryImageOfPage":{"@id":"https:\/\/pranarom.ca\/fr\/produit\/amande-douce\/#primaryimage"},"image":{"@id":"https:\/\/pranarom.ca\/fr\/produit\/amande-douce\/#primaryimage"},"thumbnailUrl":"https:\/\/pranarom.ca\/wp-content\/uploads\/2015\/11\/2.png","datePublished":"2015-11-19T00:00:00+00:00","dateModified":"2022-10-20T19:08:57+00:00","description":"Achetez Amande douce par Pranarom et b\u00e9n\u00e9ficiez d'une livraison rapide. N'h\u00e9sitez pas \u00e0 magasiner d'autres d'huiles v\u00e9g\u00e9tales biologiques chez Pranarom.ca","breadcrumb":{"@id":"https:\/\/pranarom.ca\/fr\/produit\/amande-douce\/#breadcrumb"},"inLanguage":"fr-FR","potentialAction":[{"@type":"ReadAction","target":["https:\/\/pranarom.ca\/fr\/produit\/amande-douce\/"]}]},{"@type":"ImageObject","inLanguage":"fr-FR","@id":"https:\/\/pranarom.ca\/fr\/produit\/amande-douce\/#primaryimage","url":"https:\/\/pranarom.ca\/wp-content\/uploads\/2015\/11\/2.png","contentUrl":"https:\/\/pranarom.ca\/wp-content\/uploads\/2015\/11\/2.png","width":1500,"height":1500},{"@type":"BreadcrumbList","@id":"https:\/\/pranarom.ca\/fr\/produit\/amande-douce\/#breadcrumb","itemListElement":[{"@type":"ListItem","position":1,"name":"Home","item":"https:\/\/pranarom.ca\/fr\/"},{"@type":"ListItem","position":2,"name":"Shop","item":"https:\/\/pranarom.ca\/shop\/"},{"@type":"ListItem","position":3,"name":"Amande douce"}]},{"@type":"WebSite","@id":"https:\/\/pranarom.ca\/#website","url":"https:\/\/pranarom.ca\/","name":"Pranarom Canada","description":"Scientific Aromatherapyy","publisher":{"@id":"https:\/\/pranarom.ca\/#organization"},"potentialAction":[{"@type":"SearchAction","target":{"@type":"EntryPoint","urlTemplate":"https:\/\/pranarom.ca\/?s={search_term_string}"},"query-input":"required name=search_term_string"}],"inLanguage":"fr-FR"},{"@type":"Organization","@id":"https:\/\/pranarom.ca\/#organization","name":"Pranarom","url":"https:\/\/pranarom.ca\/","logo":{"@type":"ImageObject","inLanguage":"fr-FR","@id":"https:\/\/pranarom.ca\/#\/schema\/logo\/image\/","url":"https:\/\/pranarom.ca\/wp-content\/uploads\/2019\/03\/pranalogo.png","contentUrl":"https:\/\/pranarom.ca\/wp-content\/uploads\/2019\/03\/pranalogo.png","width":330,"height":100,"caption":"Pranarom"},"image":{"@id":"https:\/\/pranarom.ca\/#\/schema\/logo\/image\/"},"sameAs":["https:\/\/www.facebook.com\/PranaromCanada","http:\/\/instagram.com\/pranaromcanada\/","https:\/\/www.instagram.com\/pranaromcanada\/"]}]}},"jetpack_sharing_enabled":true,"_links":{"self":[{"href":"https:\/\/pranarom.ca\/fr\/wp-json\/wp\/v2\/product\/34866"}],"collection":[{"href":"https:\/\/pranarom.ca\/fr\/wp-json\/wp\/v2\/product"}],"about":[{"href":"https:\/\/pranarom.ca\/fr\/wp-json\/wp\/v2\/types\/product"}],"replies":[{"embeddable":true,"href":"https:\/\/pranarom.ca\/fr\/wp-json\/wp\/v2\/comments?post=34866"}],"wp:featuredmedia":[{"embeddable":true,"href":"https:\/\/pranarom.ca\/fr\/wp-json\/wp\/v2\/media\/60041"}],"wp:attachment":[{"href":"https:\/\/pranarom.ca\/fr\/wp-json\/wp\/v2\/media?parent=34866"}],"wp:term":[{"taxonomy":"product_cat","embeddable":true,"href":"https:\/\/pranarom.ca\/fr\/wp-json\/wp\/v2\/product_cat?post=34866"},{"taxonomy":"product_tag","embeddable":true,"href":"https:\/\/pranarom.ca\/fr\/wp-json\/wp\/v2\/product_tag?post=34866"}],"curies":[{"name":"wp","href":"https:\/\/api.w.org\/{rel}","templated":true}]}}