{"id":34856,"date":"2015-11-19T00:00:00","date_gmt":"2016-01-16T00:00:00","guid":{"rendered":"https:\/\/pranarom.ca\/?post_type=product&#038;p=34856"},"modified":"2020-08-03T16:00:58","modified_gmt":"2020-08-03T16:00:58","slug":"calendula","status":"publish","type":"product","link":"https:\/\/pranarom.ca\/fr\/produit\/calendula\/","title":{"rendered":"Calendula"},"content":{"rendered":"<hr \/>\n<h2>Type de peau :<\/h2>\n<p>Convient \u00e0 tous les types de peaux.<\/p>\n<hr \/>\n<h2>Caract\u00e9ristiques :<\/h2>\n<p><strong>Couleur :<\/strong> jaune-orange \u00e0 rouge<\/p>\n<p><strong>Odeur :<\/strong> douce et l\u00e9g\u00e8re<\/p>\n<hr \/>\n<h2>Ingr\u00e9dients :<\/h2>\n<p><em>Calendula officinalis<\/em>* (Calendula) (flower) 20%<\/p>\n<p><strong>Ingr\u00e9dients non-m\u00e9dicinaux :<\/strong> Huile d\u2019olive, tocoph\u00e9rols.<\/p>\n<p>*BIO signifie \u201cissu de l\u2019agriculture biologique\u201c (Contr\u00f4le Certisys-BE-01)<br \/>\nBE-BIO-01 Certisys Agriculture UE\/ non UE<\/p>\n<hr \/>\n<h2>Posologie :<\/h2>\n<p><strong>Adultes, adolescents et enfants 2 ans et plus<\/strong> appliquer sur la r\u00e9gion atteinte au besoin.<\/p>\n<hr \/>\n<h2>Mises en garde :<\/h2>\n<ul>\n<li>Consulter un praticien de soins de sant\u00e9 avant d&#8217;en faire l&#8217;usage si vous \u00eates enceinte.<\/li>\n<li>Consulter un praticien de soins de sant\u00e9 si les sympt\u00f4mes persistent ou s&#8217;aggravent.<\/li>\n<li>Pour un usage externe seulement.<\/li>\n<li>\u00c9viter tout contact avec les yeux.<\/li>\n<\/ul>\n<hr \/>\n<h2>Contre-indications :<\/h2>\n<ul>\n<li>Ne pas utiliser si vous \u00eates allergique aux plantes de la famille des Ast\u00e9rac\u00e9es\/Compos\u00e9es\/Marguerites.<\/li>\n<\/ul>\n<hr \/>\n<h2>Effets ind\u00e9sirables connus :<\/h2>\n<ul>\n<li>Une hypersensibilit\u00e9\/ allergie peut se manifester. Si tel est le cas, cesser l&#8217;utilisation.<\/li>\n<\/ul>\n<hr \/>\n<h2>NPN :<\/h2>\n<p>80055006<\/p>\n","protected":false},"excerpt":{"rendered":"<p><strong>Huile de mac\u00e9ration 100% naturelle &#8211; biologique<\/strong><\/p>\n<p>Utilis\u00e9 traditionnellement en phytoth\u00e9rapie pour aider \u00e0 la cicatrisation des plaies et \u00e0 soulager les inflammations et les irritations de la peau.<\/p>\n<p>50 ml<\/p>\n","protected":false},"featured_media":1699,"comment_status":"open","ping_status":"closed","template":"","meta":{"_et_pb_use_builder":"","_et_pb_old_content":"","_et_gb_content_width":""},"product_cat":[326,339],"product_tag":[],"acf":[],"yoast_head":"<!-- This site is optimized with the Yoast SEO plugin v22.6 - https:\/\/yoast.com\/wordpress\/plugins\/seo\/ -->\n<title>Huile v\u00e9g\u00e9tale BIO Calendula par Pranarom | Boutique<\/title>\n<meta name=\"description\" content=\"Achetez Calendula par Pranarom et b\u00e9n\u00e9ficiez d&#039;une livraison rapide. N&#039;h\u00e9sitez pas \u00e0 magasiner d&#039;autres d&#039;huiles v\u00e9g\u00e9tales biologiques chez Pranarom.ca\" \/>\n<meta name=\"robots\" content=\"index, follow, max-snippet:-1, max-image-preview:large, max-video-preview:-1\" \/>\n<link rel=\"canonical\" href=\"https:\/\/pranarom.ca\/produit\/calendula\/\" \/>\n<meta property=\"og:locale\" content=\"fr_FR\" \/>\n<meta property=\"og:type\" content=\"article\" \/>\n<meta property=\"og:title\" content=\"Huile v\u00e9g\u00e9tale BIO Calendula par Pranarom | Boutique\" \/>\n<meta property=\"og:description\" content=\"Achetez Calendula par Pranarom et b\u00e9n\u00e9ficiez d&#039;une livraison rapide. N&#039;h\u00e9sitez pas \u00e0 magasiner d&#039;autres d&#039;huiles v\u00e9g\u00e9tales biologiques chez Pranarom.ca\" \/>\n<meta property=\"og:url\" content=\"https:\/\/pranarom.ca\/produit\/calendula\/\" \/>\n<meta property=\"og:site_name\" content=\"Pranarom\" \/>\n<meta property=\"article:publisher\" content=\"https:\/\/www.facebook.com\/PranaromCanada\" \/>\n<meta property=\"article:modified_time\" content=\"2020-08-03T16:00:58+00:00\" \/>\n<meta property=\"og:image\" content=\"https:\/\/pranarom.ca\/wp-content\/uploads\/2019\/02\/HV05FR.jpg\" \/>\n\t<meta property=\"og:image:width\" content=\"750\" \/>\n\t<meta property=\"og:image:height\" content=\"750\" \/>\n\t<meta property=\"og:image:type\" content=\"image\/jpeg\" \/>\n<meta name=\"twitter:card\" content=\"summary_large_image\" \/>\n<meta name=\"twitter:label1\" content=\"Dur\u00e9e de lecture estim\u00e9e\" \/>\n\t<meta name=\"twitter:data1\" content=\"1 minute\" \/>\n<script type=\"application\/ld+json\" class=\"yoast-schema-graph\">{\"@context\":\"https:\/\/schema.org\",\"@graph\":[{\"@type\":\"WebPage\",\"@id\":\"https:\/\/pranarom.ca\/produit\/calendula\/\",\"url\":\"https:\/\/pranarom.ca\/produit\/calendula\/\",\"name\":\"Huile v\u00e9g\u00e9tale BIO Calendula par Pranarom | Boutique\",\"isPartOf\":{\"@id\":\"https:\/\/pranarom.ca\/#website\"},\"primaryImageOfPage\":{\"@id\":\"https:\/\/pranarom.ca\/produit\/calendula\/#primaryimage\"},\"image\":{\"@id\":\"https:\/\/pranarom.ca\/produit\/calendula\/#primaryimage\"},\"thumbnailUrl\":\"https:\/\/pranarom.ca\/wp-content\/uploads\/2019\/02\/HV05FR.jpg\",\"datePublished\":\"2016-01-16T00:00:00+00:00\",\"dateModified\":\"2020-08-03T16:00:58+00:00\",\"description\":\"Achetez Calendula par Pranarom et b\u00e9n\u00e9ficiez d'une livraison rapide. N'h\u00e9sitez pas \u00e0 magasiner d'autres d'huiles v\u00e9g\u00e9tales biologiques chez Pranarom.ca\",\"breadcrumb\":{\"@id\":\"https:\/\/pranarom.ca\/produit\/calendula\/#breadcrumb\"},\"inLanguage\":\"fr-FR\",\"potentialAction\":[{\"@type\":\"ReadAction\",\"target\":[\"https:\/\/pranarom.ca\/produit\/calendula\/\"]}]},{\"@type\":\"ImageObject\",\"inLanguage\":\"fr-FR\",\"@id\":\"https:\/\/pranarom.ca\/produit\/calendula\/#primaryimage\",\"url\":\"https:\/\/pranarom.ca\/wp-content\/uploads\/2019\/02\/HV05FR.jpg\",\"contentUrl\":\"https:\/\/pranarom.ca\/wp-content\/uploads\/2019\/02\/HV05FR.jpg\",\"width\":750,\"height\":750},{\"@type\":\"BreadcrumbList\",\"@id\":\"https:\/\/pranarom.ca\/produit\/calendula\/#breadcrumb\",\"itemListElement\":[{\"@type\":\"ListItem\",\"position\":1,\"name\":\"Home\",\"item\":\"https:\/\/pranarom.ca\/fr\/\"},{\"@type\":\"ListItem\",\"position\":2,\"name\":\"Shop\",\"item\":\"https:\/\/pranarom.ca\/shop\/\"},{\"@type\":\"ListItem\",\"position\":3,\"name\":\"Calendula\"}]},{\"@type\":\"WebSite\",\"@id\":\"https:\/\/pranarom.ca\/#website\",\"url\":\"https:\/\/pranarom.ca\/\",\"name\":\"Pranarom Canada\",\"description\":\"Scientific Aromatherapyy\",\"publisher\":{\"@id\":\"https:\/\/pranarom.ca\/#organization\"},\"potentialAction\":[{\"@type\":\"SearchAction\",\"target\":{\"@type\":\"EntryPoint\",\"urlTemplate\":\"https:\/\/pranarom.ca\/?s={search_term_string}\"},\"query-input\":\"required name=search_term_string\"}],\"inLanguage\":\"fr-FR\"},{\"@type\":\"Organization\",\"@id\":\"https:\/\/pranarom.ca\/#organization\",\"name\":\"Pranarom\",\"url\":\"https:\/\/pranarom.ca\/\",\"logo\":{\"@type\":\"ImageObject\",\"inLanguage\":\"fr-FR\",\"@id\":\"https:\/\/pranarom.ca\/#\/schema\/logo\/image\/\",\"url\":\"https:\/\/pranarom.ca\/wp-content\/uploads\/2019\/03\/pranalogo.png\",\"contentUrl\":\"https:\/\/pranarom.ca\/wp-content\/uploads\/2019\/03\/pranalogo.png\",\"width\":330,\"height\":100,\"caption\":\"Pranarom\"},\"image\":{\"@id\":\"https:\/\/pranarom.ca\/#\/schema\/logo\/image\/\"},\"sameAs\":[\"https:\/\/www.facebook.com\/PranaromCanada\",\"http:\/\/instagram.com\/pranaromcanada\/\",\"https:\/\/www.instagram.com\/pranaromcanada\/\"]}]}<\/script>\n<!-- \/ Yoast SEO plugin. -->","yoast_head_json":{"title":"Huile v\u00e9g\u00e9tale BIO Calendula par Pranarom | Boutique","description":"Achetez Calendula par Pranarom et b\u00e9n\u00e9ficiez d'une livraison rapide. N'h\u00e9sitez pas \u00e0 magasiner d'autres d'huiles v\u00e9g\u00e9tales biologiques chez Pranarom.ca","robots":{"index":"index","follow":"follow","max-snippet":"max-snippet:-1","max-image-preview":"max-image-preview:large","max-video-preview":"max-video-preview:-1"},"canonical":"https:\/\/pranarom.ca\/produit\/calendula\/","og_locale":"fr_FR","og_type":"article","og_title":"Huile v\u00e9g\u00e9tale BIO Calendula par Pranarom | Boutique","og_description":"Achetez Calendula par Pranarom et b\u00e9n\u00e9ficiez d'une livraison rapide. N'h\u00e9sitez pas \u00e0 magasiner d'autres d'huiles v\u00e9g\u00e9tales biologiques chez Pranarom.ca","og_url":"https:\/\/pranarom.ca\/produit\/calendula\/","og_site_name":"Pranarom","article_publisher":"https:\/\/www.facebook.com\/PranaromCanada","article_modified_time":"2020-08-03T16:00:58+00:00","og_image":[{"width":750,"height":750,"url":"https:\/\/pranarom.ca\/wp-content\/uploads\/2019\/02\/HV05FR.jpg","type":"image\/jpeg"}],"twitter_card":"summary_large_image","twitter_misc":{"Dur\u00e9e de lecture estim\u00e9e":"1 minute"},"schema":{"@context":"https:\/\/schema.org","@graph":[{"@type":"WebPage","@id":"https:\/\/pranarom.ca\/produit\/calendula\/","url":"https:\/\/pranarom.ca\/produit\/calendula\/","name":"Huile v\u00e9g\u00e9tale BIO Calendula par Pranarom | Boutique","isPartOf":{"@id":"https:\/\/pranarom.ca\/#website"},"primaryImageOfPage":{"@id":"https:\/\/pranarom.ca\/produit\/calendula\/#primaryimage"},"image":{"@id":"https:\/\/pranarom.ca\/produit\/calendula\/#primaryimage"},"thumbnailUrl":"https:\/\/pranarom.ca\/wp-content\/uploads\/2019\/02\/HV05FR.jpg","datePublished":"2016-01-16T00:00:00+00:00","dateModified":"2020-08-03T16:00:58+00:00","description":"Achetez Calendula par Pranarom et b\u00e9n\u00e9ficiez d'une livraison rapide. N'h\u00e9sitez pas \u00e0 magasiner d'autres d'huiles v\u00e9g\u00e9tales biologiques chez Pranarom.ca","breadcrumb":{"@id":"https:\/\/pranarom.ca\/produit\/calendula\/#breadcrumb"},"inLanguage":"fr-FR","potentialAction":[{"@type":"ReadAction","target":["https:\/\/pranarom.ca\/produit\/calendula\/"]}]},{"@type":"ImageObject","inLanguage":"fr-FR","@id":"https:\/\/pranarom.ca\/produit\/calendula\/#primaryimage","url":"https:\/\/pranarom.ca\/wp-content\/uploads\/2019\/02\/HV05FR.jpg","contentUrl":"https:\/\/pranarom.ca\/wp-content\/uploads\/2019\/02\/HV05FR.jpg","width":750,"height":750},{"@type":"BreadcrumbList","@id":"https:\/\/pranarom.ca\/produit\/calendula\/#breadcrumb","itemListElement":[{"@type":"ListItem","position":1,"name":"Home","item":"https:\/\/pranarom.ca\/fr\/"},{"@type":"ListItem","position":2,"name":"Shop","item":"https:\/\/pranarom.ca\/shop\/"},{"@type":"ListItem","position":3,"name":"Calendula"}]},{"@type":"WebSite","@id":"https:\/\/pranarom.ca\/#website","url":"https:\/\/pranarom.ca\/","name":"Pranarom Canada","description":"Scientific Aromatherapyy","publisher":{"@id":"https:\/\/pranarom.ca\/#organization"},"potentialAction":[{"@type":"SearchAction","target":{"@type":"EntryPoint","urlTemplate":"https:\/\/pranarom.ca\/?s={search_term_string}"},"query-input":"required name=search_term_string"}],"inLanguage":"fr-FR"},{"@type":"Organization","@id":"https:\/\/pranarom.ca\/#organization","name":"Pranarom","url":"https:\/\/pranarom.ca\/","logo":{"@type":"ImageObject","inLanguage":"fr-FR","@id":"https:\/\/pranarom.ca\/#\/schema\/logo\/image\/","url":"https:\/\/pranarom.ca\/wp-content\/uploads\/2019\/03\/pranalogo.png","contentUrl":"https:\/\/pranarom.ca\/wp-content\/uploads\/2019\/03\/pranalogo.png","width":330,"height":100,"caption":"Pranarom"},"image":{"@id":"https:\/\/pranarom.ca\/#\/schema\/logo\/image\/"},"sameAs":["https:\/\/www.facebook.com\/PranaromCanada","http:\/\/instagram.com\/pranaromcanada\/","https:\/\/www.instagram.com\/pranaromcanada\/"]}]}},"jetpack_sharing_enabled":true,"_links":{"self":[{"href":"https:\/\/pranarom.ca\/fr\/wp-json\/wp\/v2\/product\/34856"}],"collection":[{"href":"https:\/\/pranarom.ca\/fr\/wp-json\/wp\/v2\/product"}],"about":[{"href":"https:\/\/pranarom.ca\/fr\/wp-json\/wp\/v2\/types\/product"}],"replies":[{"embeddable":true,"href":"https:\/\/pranarom.ca\/fr\/wp-json\/wp\/v2\/comments?post=34856"}],"wp:featuredmedia":[{"embeddable":true,"href":"https:\/\/pranarom.ca\/fr\/wp-json\/wp\/v2\/media\/1699"}],"wp:attachment":[{"href":"https:\/\/pranarom.ca\/fr\/wp-json\/wp\/v2\/media?parent=34856"}],"wp:term":[{"taxonomy":"product_cat","embeddable":true,"href":"https:\/\/pranarom.ca\/fr\/wp-json\/wp\/v2\/product_cat?post=34856"},{"taxonomy":"product_tag","embeddable":true,"href":"https:\/\/pranarom.ca\/fr\/wp-json\/wp\/v2\/product_tag?post=34856"}],"curies":[{"name":"wp","href":"https:\/\/api.w.org\/{rel}","templated":true}]}}