{"id":34851,"date":"2015-11-19T00:00:00","date_gmt":"2015-11-19T00:00:00","guid":{"rendered":"https:\/\/pranarom.ca\/?post_type=product&#038;p=34851"},"modified":"2025-05-25T22:57:56","modified_gmt":"2025-05-25T22:57:56","slug":"argan","status":"publish","type":"product","link":"https:\/\/pranarom.ca\/fr\/produit\/argan\/","title":{"rendered":"Argan"},"content":{"rendered":"<hr \/>\n<h2>Composition :<\/h2>\n<p>Acides Gras Essentiels OM\u00c9GA 6&#8230;&#8230;&#8230;&#8230;&#8230;&#8230;&#8230;.. 35%<\/p>\n<p>Acides Gras OM\u00c9GA 9&#8230;&#8230;&#8230;&#8230;&#8230;&#8230;&#8230;&#8230;&#8230;&#8230;&#8230;&#8230; 45%<\/p>\n<p>Acide palmitique&#8230;&#8230;&#8230;&#8230;&#8230;&#8230;&#8230;&#8230;&#8230;&#8230;&#8230;&#8230;&#8230;&#8230;. 0,1%<\/p>\n<p>Acide st\u00e9arique&#8230;&#8230;&#8230;&#8230;&#8230;&#8230;&#8230;&#8230;&#8230;&#8230;&#8230;&#8230;&#8230;&#8230;.. 4.5%<\/p>\n<p>Contient\u00a0beaucoup de vitamine E<\/p>\n<hr \/>\n<p>Huile de premi\u00e8re pression \u00e0 froid, aucun traitement de raffinage physique ou chimique.<\/p>\n<p>Sources d\u2019acides gras essentiels, om\u00e9ga 3 &#8211; 6 &#8211; 9.<\/p>\n<p>Base id\u00e9ale pour tous vos soins cosm\u00e9tiques personnalis\u00e9s.<\/p>\n<p>Huile de support id\u00e9al pour les huiles essentielles.<\/p>\n<p>Emp\u00eache l&#8217;humidit\u00e9 de s\u2019\u00e9vaporer de la peau.<\/p>\n<p>Source d\u2019AGE et vitamines pour la peau.<\/p>\n<hr \/>\n<h2 class=\"p1\"><span class=\"s1\">Indications :<\/span><\/h2>\n<ul>\n<li class=\"p2\"><span class=\"s1\">Rides<\/span><\/li>\n<li class=\"p2\"><span class=\"s1\">Peau s\u00e8che ou mature<\/span><\/li>\n<li class=\"p2\"><span class=\"s1\">Cheveux ab\u00eem\u00e9s<\/span><\/li>\n<li class=\"p2\"><span class=\"s1\">Massage bien-\u00eatre<\/span><\/li>\n<li class=\"p2\"><span class=\"s1\">Crevasses et ger\u00e7ures<\/span><\/li>\n<li class=\"p2\"><span class=\"s1\">Gastronomie<\/span><\/li>\n<\/ul>\n<hr \/>\n<h2>Propri\u00e9t\u00e9s et usages :<\/h2>\n<p>L\u2019huile d\u2019Argan est une <strong>perle cosm\u00e9tique <\/strong>:<\/p>\n<p>Tonifie, r\u00e9g\u00e9n\u00e8re et prot\u00e8ge la peau.<\/p>\n<p>Fortifie tous les phan\u00e8res (ongles, cheveux).<\/p>\n<p>Peut s\u2019utiliser avantageusement comme huile cicatrisante, ou dans les soins de peaux ab\u00eem\u00e9es (br\u00fblure, \u00e9corchure, \u2026).<\/p>\n<p>Tr\u00e8s bonne <strong>activit\u00e9 anti-radicalaire <\/strong>gr\u00e2ce \u00e0 la vitamine E pr\u00e9vient le vieillissement de la peau en la prot\u00e9geant et en la nourrissant.<\/p>\n<p>Tr\u00e8s utilis\u00e9e dans tous les <strong>soins capillaires <\/strong>depuis des <strong>mill\u00e9naires<\/strong>.\u00a0[<\/p>\n<hr \/>\n<h2>Type de peau :<\/h2>\n<p>Peaux sensibles, s\u00e8ches et matures.<\/p>\n<hr \/>\n<h2>Caract\u00e9ristiques :<\/h2>\n<p><strong>Couleur :<\/strong> jaune \u00e0 verte<\/p>\n<p><strong>Odeur :<\/strong> assez variable, mais de toute fa\u00e7on tr\u00e8s caract\u00e9ristique<\/p>\n<hr \/>\n<h2>Ingr\u00e9dients :<\/h2>\n<p><em>Argania spinosa<\/em> kernel oil, Tocopherol.<\/p>\n<p>*BIO signifie \u201cissu de l\u2019agriculture biologique\u201c (Contr\u00f4le Certisys-BE-01)<br \/>\nBE-BIO-01 Certisys Agriculture UE\/ non UE<\/p>\n<hr \/>\n<h2>Mode d\u2019emploi :<\/h2>\n<p>Appliquer \u00e0 l\u2019endroit d\u00e9sir\u00e9 et masser d\u00e9licatement. Huile porteuse id\u00e9ale pour les huiles essentielles (H.E.). Utiliser\u00a05-10 ml d\u2019huile d\u2019Argan incorporer 1 \u00e0 2 gouttes d\u2019H.E. Pranar\u014dm de votre choix selon les bienfaits souhait\u00e9s.<\/p>\n<hr \/>\n<h2>Mises en garde :<\/h2>\n<ul>\n<li>Garder \u00e9loign\u00e9 de la chaleur directe et \u00e0 l\u2019abri de la lumi\u00e8re.<\/li>\n<li>Garder hors de la port\u00e9e des enfants.<\/li>\n<li>Ne pas utiliser si vous \u00eates allergique aux noix.<\/li>\n<\/ul>\n","protected":false},"excerpt":{"rendered":"<p><strong>Huile v\u00e9g\u00e9tale 100% naturelle &#8211; biologique<\/strong><\/p>\n<p>Hydrate en profondeur la peau, les ongles et les cheveux secs, action fortifiante sur les ongles et les cheveux fragilis\u00e9s et aide \u00e0 pr\u00e9venir et\/ou r\u00e9duire les vergetures.<\/p>\n<p>50 ml<\/p>\n","protected":false},"featured_media":1709,"comment_status":"open","ping_status":"closed","template":"","meta":{"_et_pb_use_builder":"","_et_pb_old_content":"","_et_gb_content_width":""},"product_cat":[612,326,339],"product_tag":[],"acf":[],"yoast_head":"<!-- This site is optimized with the Yoast SEO plugin v22.6 - https:\/\/yoast.com\/wordpress\/plugins\/seo\/ -->\n<title>Huile v\u00e9g\u00e9tale BIO Argan par Pranarom | Boutique<\/title>\n<meta name=\"description\" content=\"Achetez Argan par Pranarom et b\u00e9n\u00e9ficiez d&#039;une livraison rapide. N&#039;h\u00e9sitez pas \u00e0 magasiner d&#039;autres d&#039;huiles v\u00e9g\u00e9tales biologiques chez Pranarom.ca\" \/>\n<meta name=\"robots\" content=\"index, follow, max-snippet:-1, max-image-preview:large, max-video-preview:-1\" \/>\n<link rel=\"canonical\" href=\"https:\/\/pranarom.ca\/produit\/argan\/\" \/>\n<meta property=\"og:locale\" content=\"fr_FR\" \/>\n<meta property=\"og:type\" content=\"article\" \/>\n<meta property=\"og:title\" content=\"Huile v\u00e9g\u00e9tale BIO Argan par Pranarom | Boutique\" \/>\n<meta property=\"og:description\" content=\"Achetez Argan par Pranarom et b\u00e9n\u00e9ficiez d&#039;une livraison rapide. N&#039;h\u00e9sitez pas \u00e0 magasiner d&#039;autres d&#039;huiles v\u00e9g\u00e9tales biologiques chez Pranarom.ca\" \/>\n<meta property=\"og:url\" content=\"https:\/\/pranarom.ca\/produit\/argan\/\" \/>\n<meta property=\"og:site_name\" content=\"Pranarom\" \/>\n<meta property=\"article:publisher\" content=\"https:\/\/www.facebook.com\/PranaromCanada\" \/>\n<meta property=\"article:modified_time\" content=\"2025-05-25T22:57:56+00:00\" \/>\n<meta property=\"og:image\" content=\"https:\/\/pranarom.ca\/wp-content\/uploads\/2019\/02\/HV01FR.jpg\" \/>\n\t<meta property=\"og:image:width\" content=\"750\" \/>\n\t<meta property=\"og:image:height\" content=\"750\" \/>\n\t<meta property=\"og:image:type\" content=\"image\/jpeg\" \/>\n<meta name=\"twitter:card\" content=\"summary_large_image\" \/>\n<meta name=\"twitter:label1\" content=\"Dur\u00e9e de lecture estim\u00e9e\" \/>\n\t<meta name=\"twitter:data1\" content=\"2 minutes\" \/>\n<script type=\"application\/ld+json\" class=\"yoast-schema-graph\">{\"@context\":\"https:\/\/schema.org\",\"@graph\":[{\"@type\":\"WebPage\",\"@id\":\"https:\/\/pranarom.ca\/produit\/argan\/\",\"url\":\"https:\/\/pranarom.ca\/produit\/argan\/\",\"name\":\"Huile v\u00e9g\u00e9tale BIO Argan par Pranarom | Boutique\",\"isPartOf\":{\"@id\":\"https:\/\/pranarom.ca\/#website\"},\"primaryImageOfPage\":{\"@id\":\"https:\/\/pranarom.ca\/produit\/argan\/#primaryimage\"},\"image\":{\"@id\":\"https:\/\/pranarom.ca\/produit\/argan\/#primaryimage\"},\"thumbnailUrl\":\"https:\/\/pranarom.ca\/wp-content\/uploads\/2019\/02\/HV01FR.jpg\",\"datePublished\":\"2015-11-19T00:00:00+00:00\",\"dateModified\":\"2025-05-25T22:57:56+00:00\",\"description\":\"Achetez Argan par Pranarom et b\u00e9n\u00e9ficiez d'une livraison rapide. N'h\u00e9sitez pas \u00e0 magasiner d'autres d'huiles v\u00e9g\u00e9tales biologiques chez Pranarom.ca\",\"breadcrumb\":{\"@id\":\"https:\/\/pranarom.ca\/produit\/argan\/#breadcrumb\"},\"inLanguage\":\"fr-FR\",\"potentialAction\":[{\"@type\":\"ReadAction\",\"target\":[\"https:\/\/pranarom.ca\/produit\/argan\/\"]}]},{\"@type\":\"ImageObject\",\"inLanguage\":\"fr-FR\",\"@id\":\"https:\/\/pranarom.ca\/produit\/argan\/#primaryimage\",\"url\":\"https:\/\/pranarom.ca\/wp-content\/uploads\/2019\/02\/HV01FR.jpg\",\"contentUrl\":\"https:\/\/pranarom.ca\/wp-content\/uploads\/2019\/02\/HV01FR.jpg\",\"width\":750,\"height\":750},{\"@type\":\"BreadcrumbList\",\"@id\":\"https:\/\/pranarom.ca\/produit\/argan\/#breadcrumb\",\"itemListElement\":[{\"@type\":\"ListItem\",\"position\":1,\"name\":\"Home\",\"item\":\"https:\/\/pranarom.ca\/fr\/\"},{\"@type\":\"ListItem\",\"position\":2,\"name\":\"Shop\",\"item\":\"https:\/\/pranarom.ca\/shop\/\"},{\"@type\":\"ListItem\",\"position\":3,\"name\":\"Argan\"}]},{\"@type\":\"WebSite\",\"@id\":\"https:\/\/pranarom.ca\/#website\",\"url\":\"https:\/\/pranarom.ca\/\",\"name\":\"Pranarom Canada\",\"description\":\"Scientific Aromatherapyy\",\"publisher\":{\"@id\":\"https:\/\/pranarom.ca\/#organization\"},\"potentialAction\":[{\"@type\":\"SearchAction\",\"target\":{\"@type\":\"EntryPoint\",\"urlTemplate\":\"https:\/\/pranarom.ca\/?s={search_term_string}\"},\"query-input\":\"required name=search_term_string\"}],\"inLanguage\":\"fr-FR\"},{\"@type\":\"Organization\",\"@id\":\"https:\/\/pranarom.ca\/#organization\",\"name\":\"Pranarom\",\"url\":\"https:\/\/pranarom.ca\/\",\"logo\":{\"@type\":\"ImageObject\",\"inLanguage\":\"fr-FR\",\"@id\":\"https:\/\/pranarom.ca\/#\/schema\/logo\/image\/\",\"url\":\"https:\/\/pranarom.ca\/wp-content\/uploads\/2019\/03\/pranalogo.png\",\"contentUrl\":\"https:\/\/pranarom.ca\/wp-content\/uploads\/2019\/03\/pranalogo.png\",\"width\":330,\"height\":100,\"caption\":\"Pranarom\"},\"image\":{\"@id\":\"https:\/\/pranarom.ca\/#\/schema\/logo\/image\/\"},\"sameAs\":[\"https:\/\/www.facebook.com\/PranaromCanada\",\"http:\/\/instagram.com\/pranaromcanada\/\",\"https:\/\/www.instagram.com\/pranaromcanada\/\"]}]}<\/script>\n<!-- \/ Yoast SEO plugin. -->","yoast_head_json":{"title":"Huile v\u00e9g\u00e9tale BIO Argan par Pranarom | Boutique","description":"Achetez Argan par Pranarom et b\u00e9n\u00e9ficiez d'une livraison rapide. N'h\u00e9sitez pas \u00e0 magasiner d'autres d'huiles v\u00e9g\u00e9tales biologiques chez Pranarom.ca","robots":{"index":"index","follow":"follow","max-snippet":"max-snippet:-1","max-image-preview":"max-image-preview:large","max-video-preview":"max-video-preview:-1"},"canonical":"https:\/\/pranarom.ca\/produit\/argan\/","og_locale":"fr_FR","og_type":"article","og_title":"Huile v\u00e9g\u00e9tale BIO Argan par Pranarom | Boutique","og_description":"Achetez Argan par Pranarom et b\u00e9n\u00e9ficiez d'une livraison rapide. N'h\u00e9sitez pas \u00e0 magasiner d'autres d'huiles v\u00e9g\u00e9tales biologiques chez Pranarom.ca","og_url":"https:\/\/pranarom.ca\/produit\/argan\/","og_site_name":"Pranarom","article_publisher":"https:\/\/www.facebook.com\/PranaromCanada","article_modified_time":"2025-05-25T22:57:56+00:00","og_image":[{"width":750,"height":750,"url":"https:\/\/pranarom.ca\/wp-content\/uploads\/2019\/02\/HV01FR.jpg","type":"image\/jpeg"}],"twitter_card":"summary_large_image","twitter_misc":{"Dur\u00e9e de lecture estim\u00e9e":"2 minutes"},"schema":{"@context":"https:\/\/schema.org","@graph":[{"@type":"WebPage","@id":"https:\/\/pranarom.ca\/produit\/argan\/","url":"https:\/\/pranarom.ca\/produit\/argan\/","name":"Huile v\u00e9g\u00e9tale BIO Argan par Pranarom | Boutique","isPartOf":{"@id":"https:\/\/pranarom.ca\/#website"},"primaryImageOfPage":{"@id":"https:\/\/pranarom.ca\/produit\/argan\/#primaryimage"},"image":{"@id":"https:\/\/pranarom.ca\/produit\/argan\/#primaryimage"},"thumbnailUrl":"https:\/\/pranarom.ca\/wp-content\/uploads\/2019\/02\/HV01FR.jpg","datePublished":"2015-11-19T00:00:00+00:00","dateModified":"2025-05-25T22:57:56+00:00","description":"Achetez Argan par Pranarom et b\u00e9n\u00e9ficiez d'une livraison rapide. N'h\u00e9sitez pas \u00e0 magasiner d'autres d'huiles v\u00e9g\u00e9tales biologiques chez Pranarom.ca","breadcrumb":{"@id":"https:\/\/pranarom.ca\/produit\/argan\/#breadcrumb"},"inLanguage":"fr-FR","potentialAction":[{"@type":"ReadAction","target":["https:\/\/pranarom.ca\/produit\/argan\/"]}]},{"@type":"ImageObject","inLanguage":"fr-FR","@id":"https:\/\/pranarom.ca\/produit\/argan\/#primaryimage","url":"https:\/\/pranarom.ca\/wp-content\/uploads\/2019\/02\/HV01FR.jpg","contentUrl":"https:\/\/pranarom.ca\/wp-content\/uploads\/2019\/02\/HV01FR.jpg","width":750,"height":750},{"@type":"BreadcrumbList","@id":"https:\/\/pranarom.ca\/produit\/argan\/#breadcrumb","itemListElement":[{"@type":"ListItem","position":1,"name":"Home","item":"https:\/\/pranarom.ca\/fr\/"},{"@type":"ListItem","position":2,"name":"Shop","item":"https:\/\/pranarom.ca\/shop\/"},{"@type":"ListItem","position":3,"name":"Argan"}]},{"@type":"WebSite","@id":"https:\/\/pranarom.ca\/#website","url":"https:\/\/pranarom.ca\/","name":"Pranarom Canada","description":"Scientific Aromatherapyy","publisher":{"@id":"https:\/\/pranarom.ca\/#organization"},"potentialAction":[{"@type":"SearchAction","target":{"@type":"EntryPoint","urlTemplate":"https:\/\/pranarom.ca\/?s={search_term_string}"},"query-input":"required name=search_term_string"}],"inLanguage":"fr-FR"},{"@type":"Organization","@id":"https:\/\/pranarom.ca\/#organization","name":"Pranarom","url":"https:\/\/pranarom.ca\/","logo":{"@type":"ImageObject","inLanguage":"fr-FR","@id":"https:\/\/pranarom.ca\/#\/schema\/logo\/image\/","url":"https:\/\/pranarom.ca\/wp-content\/uploads\/2019\/03\/pranalogo.png","contentUrl":"https:\/\/pranarom.ca\/wp-content\/uploads\/2019\/03\/pranalogo.png","width":330,"height":100,"caption":"Pranarom"},"image":{"@id":"https:\/\/pranarom.ca\/#\/schema\/logo\/image\/"},"sameAs":["https:\/\/www.facebook.com\/PranaromCanada","http:\/\/instagram.com\/pranaromcanada\/","https:\/\/www.instagram.com\/pranaromcanada\/"]}]}},"jetpack_sharing_enabled":true,"_links":{"self":[{"href":"https:\/\/pranarom.ca\/fr\/wp-json\/wp\/v2\/product\/34851"}],"collection":[{"href":"https:\/\/pranarom.ca\/fr\/wp-json\/wp\/v2\/product"}],"about":[{"href":"https:\/\/pranarom.ca\/fr\/wp-json\/wp\/v2\/types\/product"}],"replies":[{"embeddable":true,"href":"https:\/\/pranarom.ca\/fr\/wp-json\/wp\/v2\/comments?post=34851"}],"wp:featuredmedia":[{"embeddable":true,"href":"https:\/\/pranarom.ca\/fr\/wp-json\/wp\/v2\/media\/1709"}],"wp:attachment":[{"href":"https:\/\/pranarom.ca\/fr\/wp-json\/wp\/v2\/media?parent=34851"}],"wp:term":[{"taxonomy":"product_cat","embeddable":true,"href":"https:\/\/pranarom.ca\/fr\/wp-json\/wp\/v2\/product_cat?post=34851"},{"taxonomy":"product_tag","embeddable":true,"href":"https:\/\/pranarom.ca\/fr\/wp-json\/wp\/v2\/product_tag?post=34851"}],"curies":[{"name":"wp","href":"https:\/\/api.w.org\/{rel}","templated":true}]}}