{"id":57994,"date":"2020-11-27T18:00:47","date_gmt":"2020-11-27T18:00:47","guid":{"rendered":"https:\/\/pranarom.ca\/payer-par-carte-de-credit-avec-paypal\/"},"modified":"2020-11-27T18:03:50","modified_gmt":"2020-11-27T18:03:50","slug":"instructions-paypal","status":"publish","type":"page","link":"https:\/\/pranarom.ca\/fr\/instructions-paypal\/","title":{"rendered":"Payer par carte de cr\u00e9dit avec PayPal"},"content":{"rendered":"\n<p><em><span class=\"has-inline-color has-vivid-red-color\"><strong>Nous connaissons actuellement des probl\u00e8mes avec notre processeur de paiement r\u00e9gulier, Moneris.<\/strong><\/span><\/em><\/p>\n\n\n\n<p><em><span class=\"has-inline-color has-black-color\">Pour passer des commandes par carte de cr\u00e9dit via PayPal <\/span><strong><span class=\"has-inline-color has-vivid-red-color\">sans avoir un compte PayPal<\/span><\/strong><\/em><span class=\"has-inline-color has-black-color\"><em>, cliquez simplement &#8220;<strong>Payer avec PayPal<\/strong>&#8221; sur la page de paiement<\/em>.<\/span><\/p>\n\n\n\n<p><em><span class=\"has-inline-color has-black-color\">Une fois la page recharg\u00e9e, il vous suffit de cliquer sur le bouton du bas ci-dessous pour payer par carte de cr\u00e9dit SANS compte PayPal.<\/span><\/em><\/p>\n\n\n\n<p><em><strong><span class=\"has-inline-color has-black-color\">Vous pourrez ensuite entrer les informations de votre carte de cr\u00e9dit en toute s\u00e9curit\u00e9 et nous recevrons votre commande comme d&#8217;habitude \ud83d\ude42<\/span><\/strong><\/em><\/p>\n\n\n\n<div class=\"wp-block-columns is-layout-flex wp-container-core-columns-layout-1 wp-block-columns-is-layout-flex\">\n<div class=\"wp-block-column is-layout-flow wp-block-column-is-layout-flow\">\n<figure class=\"wp-block-image size-large\"><a href=\"https:\/\/pranarom.ca\/fr\/paiement\/\"><img loading=\"lazy\" decoding=\"async\" width=\"721\" height=\"530\" src=\"https:\/\/pranarom.ca\/wp-content\/uploads\/2020\/11\/fr.png\" alt=\"\" class=\"wp-image-57996\" srcset=\"https:\/\/pranarom.ca\/wp-content\/uploads\/2020\/11\/fr.png 721w, https:\/\/pranarom.ca\/wp-content\/uploads\/2020\/11\/fr-300x221.png 300w\" sizes=\"(max-width: 721px) 100vw, 721px\" \/><\/a><\/figure>\n<\/div>\n\n\n\n<div class=\"wp-block-column is-layout-flow wp-block-column-is-layout-flow\">\n<div class=\"wp-block-buttons is-layout-flex wp-block-buttons-is-layout-flex\">\n<div class=\"wp-block-button\"><a class=\"wp-block-button__link\" href=\"https:\/\/pranarom.ca\/fr\/paiement\/\">RETURN \u00c0 LA PAGE PAIEMENT<\/a><\/div>\n<\/div>\n\n\n\n<p><\/p>\n<\/div>\n<\/div>\n","protected":false},"excerpt":{"rendered":"<p>Nous connaissons actuellement des probl\u00e8mes avec notre processeur de paiement r\u00e9gulier, Moneris. Pour passer des commandes par carte de cr\u00e9dit\u2026<\/p>\n","protected":false},"author":1,"featured_media":0,"parent":0,"menu_order":0,"comment_status":"closed","ping_status":"closed","template":"","meta":{"_et_pb_use_builder":"off","_et_pb_old_content":"","_et_gb_content_width":"","footnotes":""},"acf":[],"yoast_head":"<!-- This site is optimized with the Yoast SEO plugin v22.6 - https:\/\/yoast.com\/wordpress\/plugins\/seo\/ -->\n<title>Payer par carte de cr\u00e9dit avec PayPal - Pranarom<\/title>\n<meta name=\"robots\" content=\"index, follow, max-snippet:-1, max-image-preview:large, max-video-preview:-1\" \/>\n<link rel=\"canonical\" href=\"https:\/\/pranarom.ca\/fr\/instructions-paypal\/\" \/>\n<meta property=\"og:locale\" content=\"fr_FR\" \/>\n<meta property=\"og:type\" content=\"article\" \/>\n<meta property=\"og:title\" content=\"Payer par carte de cr\u00e9dit avec PayPal - Pranarom\" \/>\n<meta property=\"og:description\" content=\"Nous connaissons actuellement des probl\u00e8mes avec notre processeur de paiement r\u00e9gulier, Moneris. Pour passer des commandes par carte de cr\u00e9dit\u2026\" \/>\n<meta property=\"og:url\" content=\"https:\/\/pranarom.ca\/fr\/instructions-paypal\/\" \/>\n<meta property=\"og:site_name\" content=\"Pranarom\" \/>\n<meta property=\"article:publisher\" content=\"https:\/\/www.facebook.com\/PranaromCanada\" \/>\n<meta property=\"article:modified_time\" content=\"2020-11-27T18:03:50+00:00\" \/>\n<meta property=\"og:image\" content=\"https:\/\/pranarom.ca\/wp-content\/uploads\/2020\/11\/fr.png\" \/>\n<meta name=\"twitter:card\" content=\"summary_large_image\" \/>\n<script type=\"application\/ld+json\" class=\"yoast-schema-graph\">{\"@context\":\"https:\/\/schema.org\",\"@graph\":[{\"@type\":\"WebPage\",\"@id\":\"https:\/\/pranarom.ca\/fr\/instructions-paypal\/\",\"url\":\"https:\/\/pranarom.ca\/fr\/instructions-paypal\/\",\"name\":\"Payer par carte de cr\u00e9dit avec PayPal - Pranarom\",\"isPartOf\":{\"@id\":\"https:\/\/pranarom.ca\/#website\"},\"primaryImageOfPage\":{\"@id\":\"https:\/\/pranarom.ca\/fr\/instructions-paypal\/#primaryimage\"},\"image\":{\"@id\":\"https:\/\/pranarom.ca\/fr\/instructions-paypal\/#primaryimage\"},\"thumbnailUrl\":\"https:\/\/pranarom.ca\/wp-content\/uploads\/2020\/11\/fr.png\",\"datePublished\":\"2020-11-27T18:00:47+00:00\",\"dateModified\":\"2020-11-27T18:03:50+00:00\",\"breadcrumb\":{\"@id\":\"https:\/\/pranarom.ca\/fr\/instructions-paypal\/#breadcrumb\"},\"inLanguage\":\"fr-FR\",\"potentialAction\":[{\"@type\":\"ReadAction\",\"target\":[\"https:\/\/pranarom.ca\/fr\/instructions-paypal\/\"]}]},{\"@type\":\"ImageObject\",\"inLanguage\":\"fr-FR\",\"@id\":\"https:\/\/pranarom.ca\/fr\/instructions-paypal\/#primaryimage\",\"url\":\"https:\/\/pranarom.ca\/wp-content\/uploads\/2020\/11\/fr.png\",\"contentUrl\":\"https:\/\/pranarom.ca\/wp-content\/uploads\/2020\/11\/fr.png\"},{\"@type\":\"BreadcrumbList\",\"@id\":\"https:\/\/pranarom.ca\/fr\/instructions-paypal\/#breadcrumb\",\"itemListElement\":[{\"@type\":\"ListItem\",\"position\":1,\"name\":\"Home\",\"item\":\"https:\/\/pranarom.ca\/fr\/\"},{\"@type\":\"ListItem\",\"position\":2,\"name\":\"Payer par carte de cr\u00e9dit avec PayPal\"}]},{\"@type\":\"WebSite\",\"@id\":\"https:\/\/pranarom.ca\/#website\",\"url\":\"https:\/\/pranarom.ca\/\",\"name\":\"Pranarom Canada\",\"description\":\"Scientific Aromatherapyy\",\"publisher\":{\"@id\":\"https:\/\/pranarom.ca\/#organization\"},\"potentialAction\":[{\"@type\":\"SearchAction\",\"target\":{\"@type\":\"EntryPoint\",\"urlTemplate\":\"https:\/\/pranarom.ca\/?s={search_term_string}\"},\"query-input\":\"required name=search_term_string\"}],\"inLanguage\":\"fr-FR\"},{\"@type\":\"Organization\",\"@id\":\"https:\/\/pranarom.ca\/#organization\",\"name\":\"Pranarom\",\"url\":\"https:\/\/pranarom.ca\/\",\"logo\":{\"@type\":\"ImageObject\",\"inLanguage\":\"fr-FR\",\"@id\":\"https:\/\/pranarom.ca\/#\/schema\/logo\/image\/\",\"url\":\"https:\/\/pranarom.ca\/wp-content\/uploads\/2019\/03\/pranalogo.png\",\"contentUrl\":\"https:\/\/pranarom.ca\/wp-content\/uploads\/2019\/03\/pranalogo.png\",\"width\":330,\"height\":100,\"caption\":\"Pranarom\"},\"image\":{\"@id\":\"https:\/\/pranarom.ca\/#\/schema\/logo\/image\/\"},\"sameAs\":[\"https:\/\/www.facebook.com\/PranaromCanada\",\"http:\/\/instagram.com\/pranaromcanada\/\",\"https:\/\/www.instagram.com\/pranaromcanada\/\"]}]}<\/script>\n<!-- \/ Yoast SEO plugin. -->","yoast_head_json":{"title":"Payer par carte de cr\u00e9dit avec PayPal - Pranarom","robots":{"index":"index","follow":"follow","max-snippet":"max-snippet:-1","max-image-preview":"max-image-preview:large","max-video-preview":"max-video-preview:-1"},"canonical":"https:\/\/pranarom.ca\/fr\/instructions-paypal\/","og_locale":"fr_FR","og_type":"article","og_title":"Payer par carte de cr\u00e9dit avec PayPal - Pranarom","og_description":"Nous connaissons actuellement des probl\u00e8mes avec notre processeur de paiement r\u00e9gulier, Moneris. Pour passer des commandes par carte de cr\u00e9dit\u2026","og_url":"https:\/\/pranarom.ca\/fr\/instructions-paypal\/","og_site_name":"Pranarom","article_publisher":"https:\/\/www.facebook.com\/PranaromCanada","article_modified_time":"2020-11-27T18:03:50+00:00","og_image":[{"url":"https:\/\/pranarom.ca\/wp-content\/uploads\/2020\/11\/fr.png"}],"twitter_card":"summary_large_image","schema":{"@context":"https:\/\/schema.org","@graph":[{"@type":"WebPage","@id":"https:\/\/pranarom.ca\/fr\/instructions-paypal\/","url":"https:\/\/pranarom.ca\/fr\/instructions-paypal\/","name":"Payer par carte de cr\u00e9dit avec PayPal - Pranarom","isPartOf":{"@id":"https:\/\/pranarom.ca\/#website"},"primaryImageOfPage":{"@id":"https:\/\/pranarom.ca\/fr\/instructions-paypal\/#primaryimage"},"image":{"@id":"https:\/\/pranarom.ca\/fr\/instructions-paypal\/#primaryimage"},"thumbnailUrl":"https:\/\/pranarom.ca\/wp-content\/uploads\/2020\/11\/fr.png","datePublished":"2020-11-27T18:00:47+00:00","dateModified":"2020-11-27T18:03:50+00:00","breadcrumb":{"@id":"https:\/\/pranarom.ca\/fr\/instructions-paypal\/#breadcrumb"},"inLanguage":"fr-FR","potentialAction":[{"@type":"ReadAction","target":["https:\/\/pranarom.ca\/fr\/instructions-paypal\/"]}]},{"@type":"ImageObject","inLanguage":"fr-FR","@id":"https:\/\/pranarom.ca\/fr\/instructions-paypal\/#primaryimage","url":"https:\/\/pranarom.ca\/wp-content\/uploads\/2020\/11\/fr.png","contentUrl":"https:\/\/pranarom.ca\/wp-content\/uploads\/2020\/11\/fr.png"},{"@type":"BreadcrumbList","@id":"https:\/\/pranarom.ca\/fr\/instructions-paypal\/#breadcrumb","itemListElement":[{"@type":"ListItem","position":1,"name":"Home","item":"https:\/\/pranarom.ca\/fr\/"},{"@type":"ListItem","position":2,"name":"Payer par carte de cr\u00e9dit avec PayPal"}]},{"@type":"WebSite","@id":"https:\/\/pranarom.ca\/#website","url":"https:\/\/pranarom.ca\/","name":"Pranarom Canada","description":"Scientific Aromatherapyy","publisher":{"@id":"https:\/\/pranarom.ca\/#organization"},"potentialAction":[{"@type":"SearchAction","target":{"@type":"EntryPoint","urlTemplate":"https:\/\/pranarom.ca\/?s={search_term_string}"},"query-input":"required name=search_term_string"}],"inLanguage":"fr-FR"},{"@type":"Organization","@id":"https:\/\/pranarom.ca\/#organization","name":"Pranarom","url":"https:\/\/pranarom.ca\/","logo":{"@type":"ImageObject","inLanguage":"fr-FR","@id":"https:\/\/pranarom.ca\/#\/schema\/logo\/image\/","url":"https:\/\/pranarom.ca\/wp-content\/uploads\/2019\/03\/pranalogo.png","contentUrl":"https:\/\/pranarom.ca\/wp-content\/uploads\/2019\/03\/pranalogo.png","width":330,"height":100,"caption":"Pranarom"},"image":{"@id":"https:\/\/pranarom.ca\/#\/schema\/logo\/image\/"},"sameAs":["https:\/\/www.facebook.com\/PranaromCanada","http:\/\/instagram.com\/pranaromcanada\/","https:\/\/www.instagram.com\/pranaromcanada\/"]}]}},"jetpack_sharing_enabled":true,"_links":{"self":[{"href":"https:\/\/pranarom.ca\/fr\/wp-json\/wp\/v2\/pages\/57994"}],"collection":[{"href":"https:\/\/pranarom.ca\/fr\/wp-json\/wp\/v2\/pages"}],"about":[{"href":"https:\/\/pranarom.ca\/fr\/wp-json\/wp\/v2\/types\/page"}],"author":[{"embeddable":true,"href":"https:\/\/pranarom.ca\/fr\/wp-json\/wp\/v2\/users\/1"}],"replies":[{"embeddable":true,"href":"https:\/\/pranarom.ca\/fr\/wp-json\/wp\/v2\/comments?post=57994"}],"version-history":[{"count":3,"href":"https:\/\/pranarom.ca\/fr\/wp-json\/wp\/v2\/pages\/57994\/revisions"}],"predecessor-version":[{"id":57999,"href":"https:\/\/pranarom.ca\/fr\/wp-json\/wp\/v2\/pages\/57994\/revisions\/57999"}],"wp:attachment":[{"href":"https:\/\/pranarom.ca\/fr\/wp-json\/wp\/v2\/media?parent=57994"}],"curies":[{"name":"wp","href":"https:\/\/api.w.org\/{rel}","templated":true}]}}