{"id":57980,"date":"2020-11-27T17:37:02","date_gmt":"2020-11-27T17:37:02","guid":{"rendered":"https:\/\/pranarom.ca\/merci\/"},"modified":"2021-03-24T19:25:48","modified_gmt":"2021-03-24T19:25:48","slug":"merci","status":"publish","type":"page","link":"https:\/\/pranarom.ca\/fr\/merci\/","title":{"rendered":"Merci"},"content":{"rendered":"\n<div class=\"wp-block-columns is-layout-flex wp-container-core-columns-layout-1 wp-block-columns-is-layout-flex\">\n<div class=\"wp-block-column is-layout-flow wp-block-column-is-layout-flow\">\n<div style=\"height:32px\" aria-hidden=\"true\" class=\"wp-block-spacer\"><\/div>\n\n\n\n<div class=\"wp-block-image\"><figure class=\"aligncenter size-medium\"><img loading=\"lazy\" decoding=\"async\" width=\"300\" height=\"300\" src=\"https:\/\/pranarom.ca\/wp-content\/uploads\/2015\/11\/Yun-Diffuser-Pranarom-300x300.png\" alt=\"\" class=\"wp-image-53595\" srcset=\"https:\/\/pranarom.ca\/wp-content\/uploads\/2015\/11\/Yun-Diffuser-Pranarom-300x300.png 300w, https:\/\/pranarom.ca\/wp-content\/uploads\/2015\/11\/Yun-Diffuser-Pranarom-1030x1030.png 1030w, https:\/\/pranarom.ca\/wp-content\/uploads\/2015\/11\/Yun-Diffuser-Pranarom-80x80.png 80w, https:\/\/pranarom.ca\/wp-content\/uploads\/2015\/11\/Yun-Diffuser-Pranarom-768x768.png 768w, https:\/\/pranarom.ca\/wp-content\/uploads\/2015\/11\/Yun-Diffuser-Pranarom-1080x1080.png 1080w, https:\/\/pranarom.ca\/wp-content\/uploads\/2015\/11\/Yun-Diffuser-Pranarom-610x610.png 610w, https:\/\/pranarom.ca\/wp-content\/uploads\/2015\/11\/Yun-Diffuser-Pranarom-100x100.png 100w, https:\/\/pranarom.ca\/wp-content\/uploads\/2015\/11\/Yun-Diffuser-Pranarom.png 1200w\" sizes=\"(max-width: 300px) 100vw, 300px\" \/><\/figure><\/div>\n\n\n\n<h1 class=\"has-text-align-center wp-block-heading\">Succ\u00e8s !<\/h1>\n\n\n\n<h4 class=\"has-text-align-center wp-block-heading\">Vous avez \u00e9t\u00e9 ajout\u00e9 au Prana Club \ud83d\ude42<\/h4>\n<\/div>\n<\/div>\n","protected":false},"excerpt":{"rendered":"<p>Succ\u00e8s ! Vous avez&#8230;<\/p>\n","protected":false},"author":1,"featured_media":0,"parent":0,"menu_order":100,"comment_status":"closed","ping_status":"closed","template":"","meta":{"_et_pb_use_builder":"on","_et_pb_old_content":"","_et_gb_content_width":"","footnotes":""},"acf":[],"yoast_head":"<!-- This site is optimized with the Yoast SEO plugin v22.6 - https:\/\/yoast.com\/wordpress\/plugins\/seo\/ -->\n<title>Merci - Pranarom<\/title>\n<meta name=\"robots\" content=\"index, follow, max-snippet:-1, max-image-preview:large, max-video-preview:-1\" \/>\n<link rel=\"canonical\" href=\"https:\/\/pranarom.ca\/fr\/merci\/\" \/>\n<meta property=\"og:locale\" content=\"fr_FR\" \/>\n<meta property=\"og:type\" content=\"article\" \/>\n<meta property=\"og:title\" content=\"Merci - Pranarom\" \/>\n<meta property=\"og:description\" content=\"Succ\u00e8s ! Vous avez...\" \/>\n<meta property=\"og:url\" content=\"https:\/\/pranarom.ca\/fr\/merci\/\" \/>\n<meta property=\"og:site_name\" content=\"Pranarom\" \/>\n<meta property=\"article:publisher\" content=\"https:\/\/www.facebook.com\/PranaromCanada\" \/>\n<meta property=\"article:modified_time\" content=\"2021-03-24T19:25:48+00:00\" \/>\n<meta property=\"og:image\" content=\"https:\/\/pranarom.ca\/wp-content\/uploads\/2015\/11\/Yun-Diffuser-Pranarom-300x300.png\" \/>\n<meta name=\"twitter:card\" content=\"summary_large_image\" \/>\n<script type=\"application\/ld+json\" class=\"yoast-schema-graph\">{\"@context\":\"https:\/\/schema.org\",\"@graph\":[{\"@type\":\"WebPage\",\"@id\":\"https:\/\/pranarom.ca\/fr\/merci\/\",\"url\":\"https:\/\/pranarom.ca\/fr\/merci\/\",\"name\":\"Merci - Pranarom\",\"isPartOf\":{\"@id\":\"https:\/\/pranarom.ca\/#website\"},\"primaryImageOfPage\":{\"@id\":\"https:\/\/pranarom.ca\/fr\/merci\/#primaryimage\"},\"image\":{\"@id\":\"https:\/\/pranarom.ca\/fr\/merci\/#primaryimage\"},\"thumbnailUrl\":\"https:\/\/pranarom.ca\/wp-content\/uploads\/2015\/11\/Yun-Diffuser-Pranarom-300x300.png\",\"datePublished\":\"2020-11-27T17:37:02+00:00\",\"dateModified\":\"2021-03-24T19:25:48+00:00\",\"breadcrumb\":{\"@id\":\"https:\/\/pranarom.ca\/fr\/merci\/#breadcrumb\"},\"inLanguage\":\"fr-FR\",\"potentialAction\":[{\"@type\":\"ReadAction\",\"target\":[\"https:\/\/pranarom.ca\/fr\/merci\/\"]}]},{\"@type\":\"ImageObject\",\"inLanguage\":\"fr-FR\",\"@id\":\"https:\/\/pranarom.ca\/fr\/merci\/#primaryimage\",\"url\":\"https:\/\/pranarom.ca\/wp-content\/uploads\/2015\/11\/Yun-Diffuser-Pranarom-300x300.png\",\"contentUrl\":\"https:\/\/pranarom.ca\/wp-content\/uploads\/2015\/11\/Yun-Diffuser-Pranarom-300x300.png\"},{\"@type\":\"BreadcrumbList\",\"@id\":\"https:\/\/pranarom.ca\/fr\/merci\/#breadcrumb\",\"itemListElement\":[{\"@type\":\"ListItem\",\"position\":1,\"name\":\"Home\",\"item\":\"https:\/\/pranarom.ca\/fr\/\"},{\"@type\":\"ListItem\",\"position\":2,\"name\":\"Merci\"}]},{\"@type\":\"WebSite\",\"@id\":\"https:\/\/pranarom.ca\/#website\",\"url\":\"https:\/\/pranarom.ca\/\",\"name\":\"Pranarom Canada\",\"description\":\"Scientific Aromatherapyy\",\"publisher\":{\"@id\":\"https:\/\/pranarom.ca\/#organization\"},\"potentialAction\":[{\"@type\":\"SearchAction\",\"target\":{\"@type\":\"EntryPoint\",\"urlTemplate\":\"https:\/\/pranarom.ca\/?s={search_term_string}\"},\"query-input\":\"required name=search_term_string\"}],\"inLanguage\":\"fr-FR\"},{\"@type\":\"Organization\",\"@id\":\"https:\/\/pranarom.ca\/#organization\",\"name\":\"Pranarom\",\"url\":\"https:\/\/pranarom.ca\/\",\"logo\":{\"@type\":\"ImageObject\",\"inLanguage\":\"fr-FR\",\"@id\":\"https:\/\/pranarom.ca\/#\/schema\/logo\/image\/\",\"url\":\"https:\/\/pranarom.ca\/wp-content\/uploads\/2019\/03\/pranalogo.png\",\"contentUrl\":\"https:\/\/pranarom.ca\/wp-content\/uploads\/2019\/03\/pranalogo.png\",\"width\":330,\"height\":100,\"caption\":\"Pranarom\"},\"image\":{\"@id\":\"https:\/\/pranarom.ca\/#\/schema\/logo\/image\/\"},\"sameAs\":[\"https:\/\/www.facebook.com\/PranaromCanada\",\"http:\/\/instagram.com\/pranaromcanada\/\",\"https:\/\/www.instagram.com\/pranaromcanada\/\"]}]}<\/script>\n<!-- \/ Yoast SEO plugin. -->","yoast_head_json":{"title":"Merci - Pranarom","robots":{"index":"index","follow":"follow","max-snippet":"max-snippet:-1","max-image-preview":"max-image-preview:large","max-video-preview":"max-video-preview:-1"},"canonical":"https:\/\/pranarom.ca\/fr\/merci\/","og_locale":"fr_FR","og_type":"article","og_title":"Merci - Pranarom","og_description":"Succ\u00e8s ! Vous avez...","og_url":"https:\/\/pranarom.ca\/fr\/merci\/","og_site_name":"Pranarom","article_publisher":"https:\/\/www.facebook.com\/PranaromCanada","article_modified_time":"2021-03-24T19:25:48+00:00","og_image":[{"url":"https:\/\/pranarom.ca\/wp-content\/uploads\/2015\/11\/Yun-Diffuser-Pranarom-300x300.png"}],"twitter_card":"summary_large_image","schema":{"@context":"https:\/\/schema.org","@graph":[{"@type":"WebPage","@id":"https:\/\/pranarom.ca\/fr\/merci\/","url":"https:\/\/pranarom.ca\/fr\/merci\/","name":"Merci - Pranarom","isPartOf":{"@id":"https:\/\/pranarom.ca\/#website"},"primaryImageOfPage":{"@id":"https:\/\/pranarom.ca\/fr\/merci\/#primaryimage"},"image":{"@id":"https:\/\/pranarom.ca\/fr\/merci\/#primaryimage"},"thumbnailUrl":"https:\/\/pranarom.ca\/wp-content\/uploads\/2015\/11\/Yun-Diffuser-Pranarom-300x300.png","datePublished":"2020-11-27T17:37:02+00:00","dateModified":"2021-03-24T19:25:48+00:00","breadcrumb":{"@id":"https:\/\/pranarom.ca\/fr\/merci\/#breadcrumb"},"inLanguage":"fr-FR","potentialAction":[{"@type":"ReadAction","target":["https:\/\/pranarom.ca\/fr\/merci\/"]}]},{"@type":"ImageObject","inLanguage":"fr-FR","@id":"https:\/\/pranarom.ca\/fr\/merci\/#primaryimage","url":"https:\/\/pranarom.ca\/wp-content\/uploads\/2015\/11\/Yun-Diffuser-Pranarom-300x300.png","contentUrl":"https:\/\/pranarom.ca\/wp-content\/uploads\/2015\/11\/Yun-Diffuser-Pranarom-300x300.png"},{"@type":"BreadcrumbList","@id":"https:\/\/pranarom.ca\/fr\/merci\/#breadcrumb","itemListElement":[{"@type":"ListItem","position":1,"name":"Home","item":"https:\/\/pranarom.ca\/fr\/"},{"@type":"ListItem","position":2,"name":"Merci"}]},{"@type":"WebSite","@id":"https:\/\/pranarom.ca\/#website","url":"https:\/\/pranarom.ca\/","name":"Pranarom Canada","description":"Scientific Aromatherapyy","publisher":{"@id":"https:\/\/pranarom.ca\/#organization"},"potentialAction":[{"@type":"SearchAction","target":{"@type":"EntryPoint","urlTemplate":"https:\/\/pranarom.ca\/?s={search_term_string}"},"query-input":"required name=search_term_string"}],"inLanguage":"fr-FR"},{"@type":"Organization","@id":"https:\/\/pranarom.ca\/#organization","name":"Pranarom","url":"https:\/\/pranarom.ca\/","logo":{"@type":"ImageObject","inLanguage":"fr-FR","@id":"https:\/\/pranarom.ca\/#\/schema\/logo\/image\/","url":"https:\/\/pranarom.ca\/wp-content\/uploads\/2019\/03\/pranalogo.png","contentUrl":"https:\/\/pranarom.ca\/wp-content\/uploads\/2019\/03\/pranalogo.png","width":330,"height":100,"caption":"Pranarom"},"image":{"@id":"https:\/\/pranarom.ca\/#\/schema\/logo\/image\/"},"sameAs":["https:\/\/www.facebook.com\/PranaromCanada","http:\/\/instagram.com\/pranaromcanada\/","https:\/\/www.instagram.com\/pranaromcanada\/"]}]}},"jetpack_sharing_enabled":true,"_links":{"self":[{"href":"https:\/\/pranarom.ca\/fr\/wp-json\/wp\/v2\/pages\/57980"}],"collection":[{"href":"https:\/\/pranarom.ca\/fr\/wp-json\/wp\/v2\/pages"}],"about":[{"href":"https:\/\/pranarom.ca\/fr\/wp-json\/wp\/v2\/types\/page"}],"author":[{"embeddable":true,"href":"https:\/\/pranarom.ca\/fr\/wp-json\/wp\/v2\/users\/1"}],"replies":[{"embeddable":true,"href":"https:\/\/pranarom.ca\/fr\/wp-json\/wp\/v2\/comments?post=57980"}],"version-history":[{"count":2,"href":"https:\/\/pranarom.ca\/fr\/wp-json\/wp\/v2\/pages\/57980\/revisions"}],"predecessor-version":[{"id":58862,"href":"https:\/\/pranarom.ca\/fr\/wp-json\/wp\/v2\/pages\/57980\/revisions\/58862"}],"wp:attachment":[{"href":"https:\/\/pranarom.ca\/fr\/wp-json\/wp\/v2\/media?parent=57980"}],"curies":[{"name":"wp","href":"https:\/\/api.w.org\/{rel}","templated":true}]}}