{"id":44170,"date":"2019-05-08T20:15:25","date_gmt":"2019-05-08T20:15:25","guid":{"rendered":"https:\/\/pranarom.ca\/accueil\/"},"modified":"2025-03-04T21:54:13","modified_gmt":"2025-03-04T21:54:13","slug":"accueil","status":"publish","type":"page","link":"https:\/\/pranarom.ca\/fr\/","title":{"rendered":"Accueil"},"content":{"rendered":"<p>[vc_row full_width=&#8221;stretch_row_content_no_spaces&#8221; css_animation=&#8221;fadeIn&#8221; css=&#8221;.vc_custom_1563636822602{margin-bottom: 75px !important;padding-right: 3% !important;padding-left: 3% !important;}&#8221;][vc_column]\r\n\r\n\t\t<div class=\"shortcode_getbowtied_slider swiper-container swiper-69d11e2ee28e9 \" style=\"height:786px; width: 100%\" data-id=\"69d11e2ee28e9\">\r\n\t\t\t<div class=\"swiper-wrapper\">\r\n\t\t\t\r\n\r\n\t\t<div class=\"swiper-slide left-align\"\r\n\t\tstyle=\t\"background: #c4b583 url(https:\/\/pranarom.ca\/wp-content\/uploads\/2019\/07\/8.png) center center no-repeat ;\r\n\t\t\t\t-webkit-background-size: cover;\r\n\t\t\t\t-moz-background-size: cover;\r\n\t\t\t\t-o-background-size: cover;\r\n\t\t\t\tbackground-size: cover;\r\n\t\t\t\tcolor: #000000\">\r\n\t\t\t<div class=\"slider-content\" data-swiper-parallax=\"-1000\">\r\n\t\t\t\t<div class=\"slider-content-wrapper\">\r\n\t\t\t\t\t<p class=\"slide-title\" style=\"font-size:0.8125rem;color:#000000;\">C'est le temps...<\/p>\r\n\t\t\t\t\t<h2 class=\"slide-description\" style=\"font-size:2.5rem;color:rgb(0,0,0);\">d'acc\u00e9dez tous les produits Pranarom et Biofloral sur BioLonreco.ca<\/h2>\r\n\t\t\t\t\t<a class=\"slide-button\" style=\"border-color:rgb(0,0,0); color:rgb(0,0,0);\" href=\"https:\/\/biolonreco.ca\/fr\/account\">Cr\u00e9er compte gratuit<\/a>\r\n\t\t\t\t<\/div>\r\n\t\t\t<\/div>\r\n\t\t<\/div>\r\n\t\t\t<\/div><div class=\"quickview-pagination shortcode-slider-pagination\" style=\"color: #ffffff\"><\/div><\/div><style>@media all and (max-width: 768px){.shortcode_getbowtied_slider{ height:586px!important;}} .swiper-pagination-bullet-active:after{ background-color: #ffffff } <\/style>[\/vc_column][\/vc_row][vc_row css=&#8221;.vc_custom_1741125246882{margin-top: 0px !important;margin-bottom: 100px !important;}&#8221;][vc_column][vc_separator][vc_column_text]<\/p>\n<h3 style=\"text-align: center;\">Bienvenue chez Pranarom Canada !<\/h3>\n<h6 style=\"text-align: center;\"><span style=\"color: #777777;\">Nous croyons en la fourniture de produits de la plus haute qualit\u00e9 quand il s&#8217;agit d&#8217;huiles essentielles, d&#8217;aromath\u00e9rapie et d&#8217;essences de fleurs. Notre \u00e9quipe de praticiens holistiques passionn\u00e9s est l\u00e0 pour r\u00e9pondre \u00e0 toutes vos questions tout au long de votre parcours en aromath\u00e9rapie. Au fil du temps, nous ferons de notre mieux pour offrir les meilleurs prix, les d\u00e9lais de livraison les plus rapides et le plus grand nombre de connaissances sur nos produits et services. Cela dit, Pranarom Canada est l\u00e0 pour le long-courrier et continuera d&#8217;am\u00e9liorer ses plateformes pour rendre votre exp\u00e9rience de magasinage aussi agr\u00e9able que possible.<\/span><\/h6>\n<p>[\/vc_column_text][\/vc_column][\/vc_row]<\/p>\n","protected":false},"excerpt":{"rendered":"<p>[vc_row full_width=&#8221;stretch_row_content_no_spaces&#8221; css_animation=&#8221;fadeIn&#8221; css=&#8221;.vc_custom_1563636822602{margin-bottom: 75px !important;padding-right: 3% !important;padding-left: 3% !important;}&#8221;][vc_column][\/vc_column][\/vc_row][vc_row css=&#8221;.vc_custom_1741125246882{margin-top: 0px !important;margin-bottom: 100px !important;}&#8221;][vc_column][vc_separator][vc_column_text] Bienvenue chez Pranarom Canada !\u2026<\/p>\n","protected":false},"author":1,"featured_media":43634,"parent":0,"menu_order":1,"comment_status":"closed","ping_status":"closed","template":"","meta":{"_et_pb_use_builder":"","_et_pb_old_content":"","_et_gb_content_width":"","footnotes":""},"acf":[],"yoast_head":"<!-- This site is optimized with the Yoast SEO plugin v22.6 - https:\/\/yoast.com\/wordpress\/plugins\/seo\/ -->\n<title>Pranarom Canada | Boutique huiles essentielles et d&#039;aromath\u00e9rapie<\/title>\n<meta name=\"description\" content=\"Bienvenue \u00e0 la boutique en ligne d&#039;huiles essentielles et d&#039;aromath\u00e9apie Pranarom. Livraison gratuite \u00e0 partir de 75 $.\" \/>\n<meta name=\"robots\" content=\"index, follow, max-snippet:-1, max-image-preview:large, max-video-preview:-1\" \/>\n<link rel=\"canonical\" href=\"https:\/\/pranarom.ca\/fr\/\" \/>\n<meta property=\"og:locale\" content=\"fr_FR\" \/>\n<meta property=\"og:type\" content=\"article\" \/>\n<meta property=\"og:title\" content=\"Pranarom Canada | Boutique huiles essentielles et d&#039;aromath\u00e9rapie\" \/>\n<meta property=\"og:description\" content=\"Bienvenue \u00e0 la boutique en ligne d&#039;huiles essentielles et d&#039;aromath\u00e9apie Pranarom. Livraison gratuite \u00e0 partir de 75 $.\" \/>\n<meta property=\"og:url\" content=\"https:\/\/pranarom.ca\/fr\/\" \/>\n<meta property=\"og:site_name\" content=\"Pranarom\" \/>\n<meta property=\"article:publisher\" content=\"https:\/\/www.facebook.com\/PranaromCanada\" \/>\n<meta property=\"article:modified_time\" content=\"2025-03-04T21:54:13+00:00\" \/>\n<meta property=\"og:image\" content=\"https:\/\/pranarom.ca\/wp-content\/uploads\/2019\/04\/pranarom-canada-essential-oil-and-aromtherapy-store-1.jpg\" \/>\n\t<meta property=\"og:image:width\" content=\"1920\" \/>\n\t<meta property=\"og:image:height\" content=\"1080\" \/>\n\t<meta property=\"og:image:type\" content=\"image\/jpeg\" \/>\n<meta name=\"twitter:card\" content=\"summary_large_image\" \/>\n<meta name=\"twitter:label1\" content=\"Dur\u00e9e de lecture estim\u00e9e\" \/>\n\t<meta name=\"twitter:data1\" content=\"2 minutes\" \/>\n<script type=\"application\/ld+json\" class=\"yoast-schema-graph\">{\"@context\":\"https:\/\/schema.org\",\"@graph\":[{\"@type\":\"WebPage\",\"@id\":\"https:\/\/pranarom.ca\/fr\/\",\"url\":\"https:\/\/pranarom.ca\/fr\/\",\"name\":\"Pranarom Canada | Boutique huiles essentielles et d'aromath\u00e9rapie\",\"isPartOf\":{\"@id\":\"https:\/\/pranarom.ca\/#website\"},\"primaryImageOfPage\":{\"@id\":\"https:\/\/pranarom.ca\/fr\/#primaryimage\"},\"image\":{\"@id\":\"https:\/\/pranarom.ca\/fr\/#primaryimage\"},\"thumbnailUrl\":\"https:\/\/pranarom.ca\/wp-content\/uploads\/2019\/04\/pranarom-canada-essential-oil-and-aromtherapy-store-1.jpg\",\"datePublished\":\"2019-05-08T20:15:25+00:00\",\"dateModified\":\"2025-03-04T21:54:13+00:00\",\"description\":\"Bienvenue \u00e0 la boutique en ligne d'huiles essentielles et d'aromath\u00e9apie Pranarom. Livraison gratuite \u00e0 partir de 75 $.\",\"breadcrumb\":{\"@id\":\"https:\/\/pranarom.ca\/fr\/#breadcrumb\"},\"inLanguage\":\"fr-FR\",\"potentialAction\":[{\"@type\":\"ReadAction\",\"target\":[\"https:\/\/pranarom.ca\/fr\/\"]}]},{\"@type\":\"ImageObject\",\"inLanguage\":\"fr-FR\",\"@id\":\"https:\/\/pranarom.ca\/fr\/#primaryimage\",\"url\":\"https:\/\/pranarom.ca\/wp-content\/uploads\/2019\/04\/pranarom-canada-essential-oil-and-aromtherapy-store-1.jpg\",\"contentUrl\":\"https:\/\/pranarom.ca\/wp-content\/uploads\/2019\/04\/pranarom-canada-essential-oil-and-aromtherapy-store-1.jpg\",\"width\":1920,\"height\":1080,\"caption\":\"Buy Pranarom Essential Oils today!\"},{\"@type\":\"BreadcrumbList\",\"@id\":\"https:\/\/pranarom.ca\/fr\/#breadcrumb\",\"itemListElement\":[{\"@type\":\"ListItem\",\"position\":1,\"name\":\"Home\",\"item\":\"https:\/\/pranarom.ca\/fr\/\"},{\"@type\":\"ListItem\",\"position\":2,\"name\":\"Accueil\"}]},{\"@type\":\"WebSite\",\"@id\":\"https:\/\/pranarom.ca\/#website\",\"url\":\"https:\/\/pranarom.ca\/\",\"name\":\"Pranarom Canada\",\"description\":\"Scientific Aromatherapyy\",\"publisher\":{\"@id\":\"https:\/\/pranarom.ca\/#organization\"},\"potentialAction\":[{\"@type\":\"SearchAction\",\"target\":{\"@type\":\"EntryPoint\",\"urlTemplate\":\"https:\/\/pranarom.ca\/?s={search_term_string}\"},\"query-input\":\"required name=search_term_string\"}],\"inLanguage\":\"fr-FR\"},{\"@type\":\"Organization\",\"@id\":\"https:\/\/pranarom.ca\/#organization\",\"name\":\"Pranarom\",\"url\":\"https:\/\/pranarom.ca\/\",\"logo\":{\"@type\":\"ImageObject\",\"inLanguage\":\"fr-FR\",\"@id\":\"https:\/\/pranarom.ca\/#\/schema\/logo\/image\/\",\"url\":\"https:\/\/pranarom.ca\/wp-content\/uploads\/2019\/03\/pranalogo.png\",\"contentUrl\":\"https:\/\/pranarom.ca\/wp-content\/uploads\/2019\/03\/pranalogo.png\",\"width\":330,\"height\":100,\"caption\":\"Pranarom\"},\"image\":{\"@id\":\"https:\/\/pranarom.ca\/#\/schema\/logo\/image\/\"},\"sameAs\":[\"https:\/\/www.facebook.com\/PranaromCanada\",\"http:\/\/instagram.com\/pranaromcanada\/\",\"https:\/\/www.instagram.com\/pranaromcanada\/\"]}]}<\/script>\n<!-- \/ Yoast SEO plugin. -->","yoast_head_json":{"title":"Pranarom Canada | Boutique huiles essentielles et d'aromath\u00e9rapie","description":"Bienvenue \u00e0 la boutique en ligne d'huiles essentielles et d'aromath\u00e9apie Pranarom. Livraison gratuite \u00e0 partir de 75 $.","robots":{"index":"index","follow":"follow","max-snippet":"max-snippet:-1","max-image-preview":"max-image-preview:large","max-video-preview":"max-video-preview:-1"},"canonical":"https:\/\/pranarom.ca\/fr\/","og_locale":"fr_FR","og_type":"article","og_title":"Pranarom Canada | Boutique huiles essentielles et d'aromath\u00e9rapie","og_description":"Bienvenue \u00e0 la boutique en ligne d'huiles essentielles et d'aromath\u00e9apie Pranarom. Livraison gratuite \u00e0 partir de 75 $.","og_url":"https:\/\/pranarom.ca\/fr\/","og_site_name":"Pranarom","article_publisher":"https:\/\/www.facebook.com\/PranaromCanada","article_modified_time":"2025-03-04T21:54:13+00:00","og_image":[{"width":1920,"height":1080,"url":"https:\/\/pranarom.ca\/wp-content\/uploads\/2019\/04\/pranarom-canada-essential-oil-and-aromtherapy-store-1.jpg","type":"image\/jpeg"}],"twitter_card":"summary_large_image","twitter_misc":{"Dur\u00e9e de lecture estim\u00e9e":"2 minutes"},"schema":{"@context":"https:\/\/schema.org","@graph":[{"@type":"WebPage","@id":"https:\/\/pranarom.ca\/fr\/","url":"https:\/\/pranarom.ca\/fr\/","name":"Pranarom Canada | Boutique huiles essentielles et d'aromath\u00e9rapie","isPartOf":{"@id":"https:\/\/pranarom.ca\/#website"},"primaryImageOfPage":{"@id":"https:\/\/pranarom.ca\/fr\/#primaryimage"},"image":{"@id":"https:\/\/pranarom.ca\/fr\/#primaryimage"},"thumbnailUrl":"https:\/\/pranarom.ca\/wp-content\/uploads\/2019\/04\/pranarom-canada-essential-oil-and-aromtherapy-store-1.jpg","datePublished":"2019-05-08T20:15:25+00:00","dateModified":"2025-03-04T21:54:13+00:00","description":"Bienvenue \u00e0 la boutique en ligne d'huiles essentielles et d'aromath\u00e9apie Pranarom. Livraison gratuite \u00e0 partir de 75 $.","breadcrumb":{"@id":"https:\/\/pranarom.ca\/fr\/#breadcrumb"},"inLanguage":"fr-FR","potentialAction":[{"@type":"ReadAction","target":["https:\/\/pranarom.ca\/fr\/"]}]},{"@type":"ImageObject","inLanguage":"fr-FR","@id":"https:\/\/pranarom.ca\/fr\/#primaryimage","url":"https:\/\/pranarom.ca\/wp-content\/uploads\/2019\/04\/pranarom-canada-essential-oil-and-aromtherapy-store-1.jpg","contentUrl":"https:\/\/pranarom.ca\/wp-content\/uploads\/2019\/04\/pranarom-canada-essential-oil-and-aromtherapy-store-1.jpg","width":1920,"height":1080,"caption":"Buy Pranarom Essential Oils today!"},{"@type":"BreadcrumbList","@id":"https:\/\/pranarom.ca\/fr\/#breadcrumb","itemListElement":[{"@type":"ListItem","position":1,"name":"Home","item":"https:\/\/pranarom.ca\/fr\/"},{"@type":"ListItem","position":2,"name":"Accueil"}]},{"@type":"WebSite","@id":"https:\/\/pranarom.ca\/#website","url":"https:\/\/pranarom.ca\/","name":"Pranarom Canada","description":"Scientific Aromatherapyy","publisher":{"@id":"https:\/\/pranarom.ca\/#organization"},"potentialAction":[{"@type":"SearchAction","target":{"@type":"EntryPoint","urlTemplate":"https:\/\/pranarom.ca\/?s={search_term_string}"},"query-input":"required name=search_term_string"}],"inLanguage":"fr-FR"},{"@type":"Organization","@id":"https:\/\/pranarom.ca\/#organization","name":"Pranarom","url":"https:\/\/pranarom.ca\/","logo":{"@type":"ImageObject","inLanguage":"fr-FR","@id":"https:\/\/pranarom.ca\/#\/schema\/logo\/image\/","url":"https:\/\/pranarom.ca\/wp-content\/uploads\/2019\/03\/pranalogo.png","contentUrl":"https:\/\/pranarom.ca\/wp-content\/uploads\/2019\/03\/pranalogo.png","width":330,"height":100,"caption":"Pranarom"},"image":{"@id":"https:\/\/pranarom.ca\/#\/schema\/logo\/image\/"},"sameAs":["https:\/\/www.facebook.com\/PranaromCanada","http:\/\/instagram.com\/pranaromcanada\/","https:\/\/www.instagram.com\/pranaromcanada\/"]}]}},"jetpack_sharing_enabled":true,"_links":{"self":[{"href":"https:\/\/pranarom.ca\/fr\/wp-json\/wp\/v2\/pages\/44170"}],"collection":[{"href":"https:\/\/pranarom.ca\/fr\/wp-json\/wp\/v2\/pages"}],"about":[{"href":"https:\/\/pranarom.ca\/fr\/wp-json\/wp\/v2\/types\/page"}],"author":[{"embeddable":true,"href":"https:\/\/pranarom.ca\/fr\/wp-json\/wp\/v2\/users\/1"}],"replies":[{"embeddable":true,"href":"https:\/\/pranarom.ca\/fr\/wp-json\/wp\/v2\/comments?post=44170"}],"version-history":[{"count":8,"href":"https:\/\/pranarom.ca\/fr\/wp-json\/wp\/v2\/pages\/44170\/revisions"}],"predecessor-version":[{"id":60837,"href":"https:\/\/pranarom.ca\/fr\/wp-json\/wp\/v2\/pages\/44170\/revisions\/60837"}],"wp:featuredmedia":[{"embeddable":true,"href":"https:\/\/pranarom.ca\/fr\/wp-json\/wp\/v2\/media\/43634"}],"wp:attachment":[{"href":"https:\/\/pranarom.ca\/fr\/wp-json\/wp\/v2\/media?parent=44170"}],"curies":[{"name":"wp","href":"https:\/\/api.w.org\/{rel}","templated":true}]}}